{"id":5756133,"date":"2026-02-12T13:46:04","date_gmt":"2026-02-12T12:46:04","guid":{"rendered":"https:\/\/stoic-curie.212-227-153-4.plesk.page\/product\/m-cijev-za-crijevo-g-1-2-x-13-navoj\/"},"modified":"2026-02-25T00:01:28","modified_gmt":"2026-02-25T00:01:28","slug":"m-cijev-za-crijevo-g-1-2-x-13-navoj","status":"publish","type":"product","link":"https:\/\/stoic-curie.212-227-153-4.plesk.page\/hr\/product\/m-cijev-za-crijevo-g-1-2-x-13-navoj\/","title":{"rendered":"M cijev-za-crijevo G 1\/2 x 13 navoj"},"content":{"rendered":"<p>M cijev-za-crijevo G 1\/2 x 13 navoj &#8211; <\/p>\n<p>M cijev-za-crijevo izra\u0111ena je od kompozitnog polipropilena oja\u010danog staklenim vlaknima. Pru\u017ea superiornu zategnutost navoja i pritiska, otporna je na habanje i tro\u0161enje. Oslobo\u0111ena je kemijske i galvanske korozije, \u0161to je \u010dini pogodnom za prolaz svje\u017ee vode u skladu s CE 10\/2011 i DM174\/2004. Radni tlak iznosi 10 bara pri maksimalnoj temperaturi od 100 \u00b0C.<\/p>\n","protected":false},"excerpt":{"rendered":"<p>M cijev-za-crijevo G 1\/2 x 13 navoj &#8211; M cijev-za-crijevo izra\u0111ena je od kompozitnog polipropilena oja\u010danog staklenim vlaknima. Pru\u017ea superiornu<\/p>\n","protected":false},"featured_media":5752330,"comment_status":"open","ping_status":"closed","template":"","meta":[],"product_brand":[3356],"product_cat":[1661],"product_tag":[],"class_list":{"0":"post-5756133","1":"product","2":"type-product","3":"status-publish","4":"has-post-thumbnail","6":"product_brand-seaflow-hr","7":"product_cat-elementi-brodskog-vovovoda-plastika","9":"first","10":"instock","11":"shipping-taxable","12":"purchasable","13":"product-type-simple"},"_links":{"self":[{"href":"https:\/\/stoic-curie.212-227-153-4.plesk.page\/hr\/wp-json\/wp\/v2\/product\/5756133","targetHints":{"allow":["GET"]}}],"collection":[{"href":"https:\/\/stoic-curie.212-227-153-4.plesk.page\/hr\/wp-json\/wp\/v2\/product"}],"about":[{"href":"https:\/\/stoic-curie.212-227-153-4.plesk.page\/hr\/wp-json\/wp\/v2\/types\/product"}],"replies":[{"embeddable":true,"href":"https:\/\/stoic-curie.212-227-153-4.plesk.page\/hr\/wp-json\/wp\/v2\/comments?post=5756133"}],"version-history":[{"count":0,"href":"https:\/\/stoic-curie.212-227-153-4.plesk.page\/hr\/wp-json\/wp\/v2\/product\/5756133\/revisions"}],"wp:featuredmedia":[{"embeddable":true,"href":"https:\/\/stoic-curie.212-227-153-4.plesk.page\/hr\/wp-json\/wp\/v2\/media\/5752330"}],"wp:attachment":[{"href":"https:\/\/stoic-curie.212-227-153-4.plesk.page\/hr\/wp-json\/wp\/v2\/media?parent=5756133"}],"wp:term":[{"taxonomy":"product_brand","embeddable":true,"href":"https:\/\/stoic-curie.212-227-153-4.plesk.page\/hr\/wp-json\/wp\/v2\/product_brand?post=5756133"},{"taxonomy":"product_cat","embeddable":true,"href":"https:\/\/stoic-curie.212-227-153-4.plesk.page\/hr\/wp-json\/wp\/v2\/product_cat?post=5756133"},{"taxonomy":"product_tag","embeddable":true,"href":"https:\/\/stoic-curie.212-227-153-4.plesk.page\/hr\/wp-json\/wp\/v2\/product_tag?post=5756133"}],"curies":[{"name":"wp","href":"https:\/\/api.w.org\/{rel}","templated":true}]}}