{"id":5756134,"date":"2026-02-12T13:46:05","date_gmt":"2026-02-12T12:46:05","guid":{"rendered":"https:\/\/stoic-curie.212-227-153-4.plesk.page\/product\/m-cijevna-spremnik-g-1-2-x-14-navoja\/"},"modified":"2026-02-25T00:01:28","modified_gmt":"2026-02-25T00:01:28","slug":"m-cijevna-spremnik-g-1-2-x-14-navoja","status":"publish","type":"product","link":"https:\/\/stoic-curie.212-227-153-4.plesk.page\/hr\/product\/m-cijevna-spremnik-g-1-2-x-14-navoja\/","title":{"rendered":"M Cijevna-Spremnik G 1\/2 x 14 Navoja"},"content":{"rendered":"<p>M Cijevna-Spremnik G 1\/2 x 14 Navoja &#8211; <\/p>\n<p>M cijevna-spremnik izra\u0111ena je od kompozitnog polipropilena oja\u010danog staklenim vlaknima. Ima superiornu brtvu navojem i pritiskom, otporna je na abraziju, tro\u0161enje i slobodna je od kemijske i galvanske korozije. Ovaj proizvod je prikladan za prolaz slatke vode u skladu s normama CE 10\/2011 i DM174\/2004. Mo\u017ee izdr\u017eati radne pritiske do 10 bara na maksimalnoj temperaturi od 100\u00b0C.<\/p>\n","protected":false},"excerpt":{"rendered":"<p>M Cijevna-Spremnik G 1\/2 x 14 Navoja &#8211; M cijevna-spremnik izra\u0111ena je od kompozitnog polipropilena oja\u010danog staklenim vlaknima. Ima superiornu<\/p>\n","protected":false},"featured_media":5752330,"comment_status":"open","ping_status":"closed","template":"","meta":[],"product_brand":[3356],"product_cat":[1661],"product_tag":[],"class_list":{"0":"post-5756134","1":"product","2":"type-product","3":"status-publish","4":"has-post-thumbnail","6":"product_brand-seaflow-hr","7":"product_cat-elementi-brodskog-vovovoda-plastika","9":"first","10":"instock","11":"shipping-taxable","12":"purchasable","13":"product-type-simple"},"_links":{"self":[{"href":"https:\/\/stoic-curie.212-227-153-4.plesk.page\/hr\/wp-json\/wp\/v2\/product\/5756134","targetHints":{"allow":["GET"]}}],"collection":[{"href":"https:\/\/stoic-curie.212-227-153-4.plesk.page\/hr\/wp-json\/wp\/v2\/product"}],"about":[{"href":"https:\/\/stoic-curie.212-227-153-4.plesk.page\/hr\/wp-json\/wp\/v2\/types\/product"}],"replies":[{"embeddable":true,"href":"https:\/\/stoic-curie.212-227-153-4.plesk.page\/hr\/wp-json\/wp\/v2\/comments?post=5756134"}],"version-history":[{"count":0,"href":"https:\/\/stoic-curie.212-227-153-4.plesk.page\/hr\/wp-json\/wp\/v2\/product\/5756134\/revisions"}],"wp:featuredmedia":[{"embeddable":true,"href":"https:\/\/stoic-curie.212-227-153-4.plesk.page\/hr\/wp-json\/wp\/v2\/media\/5752330"}],"wp:attachment":[{"href":"https:\/\/stoic-curie.212-227-153-4.plesk.page\/hr\/wp-json\/wp\/v2\/media?parent=5756134"}],"wp:term":[{"taxonomy":"product_brand","embeddable":true,"href":"https:\/\/stoic-curie.212-227-153-4.plesk.page\/hr\/wp-json\/wp\/v2\/product_brand?post=5756134"},{"taxonomy":"product_cat","embeddable":true,"href":"https:\/\/stoic-curie.212-227-153-4.plesk.page\/hr\/wp-json\/wp\/v2\/product_cat?post=5756134"},{"taxonomy":"product_tag","embeddable":true,"href":"https:\/\/stoic-curie.212-227-153-4.plesk.page\/hr\/wp-json\/wp\/v2\/product_tag?post=5756134"}],"curies":[{"name":"wp","href":"https:\/\/api.w.org\/{rel}","templated":true}]}}