{"id":5756160,"date":"2026-02-12T13:46:22","date_gmt":"2026-02-12T12:46:22","guid":{"rendered":"https:\/\/stoic-curie.212-227-153-4.plesk.page\/product\/spoj-za-cijev-s-f-zakljucnom-maticom-g-3-8-x-10-navoju\/"},"modified":"2026-02-25T00:01:28","modified_gmt":"2026-02-25T00:01:28","slug":"spoj-za-cijev-s-f-zakljucnom-maticom-g-3-8-x-10-navoju","status":"publish","type":"product","link":"https:\/\/stoic-curie.212-227-153-4.plesk.page\/hr\/product\/spoj-za-cijev-s-f-zakljucnom-maticom-g-3-8-x-10-navoju\/","title":{"rendered":"Spoj za Cijev s F zaklju\u010dnom maticom G 3\/8 x 10 navoju"},"content":{"rendered":"<p>Spoj za Cijev s F zaklju\u010dnom maticom G 3\/8 x 10 navoju &#8211; <\/p>\n<p>F spojnik cijevi na crijevo napravljen od kompozitnog polipropilena oja\u010danog staklenim vlaknima. Nudi superiornu \u010dvrsto\u0107u navoja i zaptivenost, otporan na tro\u0161enje, habanje i slobodan od kemijske i galvanske korozije. Ovaj spojnik je prikladan za prolaz slatke vode u skladu s CE 10\/2011 i DM174\/2004 standardima. Radni tlak 10 bara pri maksimalnoj temperaturi od 100\u00b0C.<\/p>\n","protected":false},"excerpt":{"rendered":"<p>Spoj za Cijev s F zaklju\u010dnom maticom G 3\/8 x 10 navoju &#8211; F spojnik cijevi na crijevo napravljen od<\/p>\n","protected":false},"featured_media":5752400,"comment_status":"open","ping_status":"closed","template":"","meta":[],"product_brand":[3356],"product_cat":[1661],"product_tag":[],"class_list":{"0":"post-5756160","1":"product","2":"type-product","3":"status-publish","4":"has-post-thumbnail","6":"product_brand-seaflow-hr","7":"product_cat-elementi-brodskog-vovovoda-plastika","9":"first","10":"instock","11":"shipping-taxable","12":"purchasable","13":"product-type-simple"},"_links":{"self":[{"href":"https:\/\/stoic-curie.212-227-153-4.plesk.page\/hr\/wp-json\/wp\/v2\/product\/5756160","targetHints":{"allow":["GET"]}}],"collection":[{"href":"https:\/\/stoic-curie.212-227-153-4.plesk.page\/hr\/wp-json\/wp\/v2\/product"}],"about":[{"href":"https:\/\/stoic-curie.212-227-153-4.plesk.page\/hr\/wp-json\/wp\/v2\/types\/product"}],"replies":[{"embeddable":true,"href":"https:\/\/stoic-curie.212-227-153-4.plesk.page\/hr\/wp-json\/wp\/v2\/comments?post=5756160"}],"version-history":[{"count":0,"href":"https:\/\/stoic-curie.212-227-153-4.plesk.page\/hr\/wp-json\/wp\/v2\/product\/5756160\/revisions"}],"wp:featuredmedia":[{"embeddable":true,"href":"https:\/\/stoic-curie.212-227-153-4.plesk.page\/hr\/wp-json\/wp\/v2\/media\/5752400"}],"wp:attachment":[{"href":"https:\/\/stoic-curie.212-227-153-4.plesk.page\/hr\/wp-json\/wp\/v2\/media?parent=5756160"}],"wp:term":[{"taxonomy":"product_brand","embeddable":true,"href":"https:\/\/stoic-curie.212-227-153-4.plesk.page\/hr\/wp-json\/wp\/v2\/product_brand?post=5756160"},{"taxonomy":"product_cat","embeddable":true,"href":"https:\/\/stoic-curie.212-227-153-4.plesk.page\/hr\/wp-json\/wp\/v2\/product_cat?post=5756160"},{"taxonomy":"product_tag","embeddable":true,"href":"https:\/\/stoic-curie.212-227-153-4.plesk.page\/hr\/wp-json\/wp\/v2\/product_tag?post=5756160"}],"curies":[{"name":"wp","href":"https:\/\/api.w.org\/{rel}","templated":true}]}}