{"id":5756173,"date":"2026-02-12T13:46:32","date_gmt":"2026-02-12T12:46:32","guid":{"rendered":"https:\/\/stoic-curie.212-227-153-4.plesk.page\/product\/konektor-za-crijevo-s-f-zateznom-maticom-g-1-x-22-navoj\/"},"modified":"2026-02-25T00:01:28","modified_gmt":"2026-02-25T00:01:28","slug":"konektor-za-crijevo-s-f-zateznom-maticom-g-1-x-22-navoj","status":"publish","type":"product","link":"https:\/\/stoic-curie.212-227-153-4.plesk.page\/hr\/product\/konektor-za-crijevo-s-f-zateznom-maticom-g-1-x-22-navoj\/","title":{"rendered":"Konektor za crijevo s F zateznom maticom G 1&#8243; x 22 navoj"},"content":{"rendered":"<p>Konektor za crijevo s F zateznom maticom G 1&#8243; x 22 navoj &#8211; <\/p>\n<p>F adapter za cijev-do-crijeva s prstenom od kompozitnog polipropilena oja\u010danog staklenim vlaknima. Ovaj proizvod nudi superiornu cjelovitost navoja i gusto\u0107u pritiska, otporan je na abraziju i habanje te je oslobo\u0111en kemijske i galvanske korozije. Pogodan je za prolaz svje\u017ee vode u skladu s CE 10\/2011 i DM174\/2004. Radni tlak iznosi 10 bara pri maksimalnoj temperaturi od 100 \u00b0C.<\/p>\n","protected":false},"excerpt":{"rendered":"<p>Konektor za crijevo s F zateznom maticom G 1&#8243; x 22 navoj &#8211; F adapter za cijev-do-crijeva s prstenom od<\/p>\n","protected":false},"featured_media":5752400,"comment_status":"open","ping_status":"closed","template":"","meta":[],"product_brand":[3356],"product_cat":[1661],"product_tag":[],"class_list":{"0":"post-5756173","1":"product","2":"type-product","3":"status-publish","4":"has-post-thumbnail","6":"product_brand-seaflow-hr","7":"product_cat-elementi-brodskog-vovovoda-plastika","9":"first","10":"instock","11":"shipping-taxable","12":"purchasable","13":"product-type-simple"},"_links":{"self":[{"href":"https:\/\/stoic-curie.212-227-153-4.plesk.page\/hr\/wp-json\/wp\/v2\/product\/5756173","targetHints":{"allow":["GET"]}}],"collection":[{"href":"https:\/\/stoic-curie.212-227-153-4.plesk.page\/hr\/wp-json\/wp\/v2\/product"}],"about":[{"href":"https:\/\/stoic-curie.212-227-153-4.plesk.page\/hr\/wp-json\/wp\/v2\/types\/product"}],"replies":[{"embeddable":true,"href":"https:\/\/stoic-curie.212-227-153-4.plesk.page\/hr\/wp-json\/wp\/v2\/comments?post=5756173"}],"version-history":[{"count":0,"href":"https:\/\/stoic-curie.212-227-153-4.plesk.page\/hr\/wp-json\/wp\/v2\/product\/5756173\/revisions"}],"wp:featuredmedia":[{"embeddable":true,"href":"https:\/\/stoic-curie.212-227-153-4.plesk.page\/hr\/wp-json\/wp\/v2\/media\/5752400"}],"wp:attachment":[{"href":"https:\/\/stoic-curie.212-227-153-4.plesk.page\/hr\/wp-json\/wp\/v2\/media?parent=5756173"}],"wp:term":[{"taxonomy":"product_brand","embeddable":true,"href":"https:\/\/stoic-curie.212-227-153-4.plesk.page\/hr\/wp-json\/wp\/v2\/product_brand?post=5756173"},{"taxonomy":"product_cat","embeddable":true,"href":"https:\/\/stoic-curie.212-227-153-4.plesk.page\/hr\/wp-json\/wp\/v2\/product_cat?post=5756173"},{"taxonomy":"product_tag","embeddable":true,"href":"https:\/\/stoic-curie.212-227-153-4.plesk.page\/hr\/wp-json\/wp\/v2\/product_tag?post=5756173"}],"curies":[{"name":"wp","href":"https:\/\/api.w.org\/{rel}","templated":true}]}}