{"id":5756174,"date":"2026-02-12T13:46:33","date_gmt":"2026-02-12T12:46:33","guid":{"rendered":"https:\/\/stoic-curie.212-227-153-4.plesk.page\/product\/spojnica-za-crijevo-s-f-bravom-g-1-x-25-navoja\/"},"modified":"2026-02-25T00:01:28","modified_gmt":"2026-02-25T00:01:28","slug":"spojnica-za-crijevo-s-f-bravom-g-1-x-25-navoja","status":"publish","type":"product","link":"https:\/\/stoic-curie.212-227-153-4.plesk.page\/hr\/product\/spojnica-za-crijevo-s-f-bravom-g-1-x-25-navoja\/","title":{"rendered":"Spojnica za crijevo s F bravom G 1&#8243; x 25 navoja"},"content":{"rendered":"<p>Spojnica za crijevo s F bravom G 1&#8243; x 25 navoja &#8211; <\/p>\n<p>F spoj crijeva izra\u0111en od kompozita polipropilena oja\u010danog staklenim vlaknima. Ovaj proizvod nudi superiornu \u010dvrsto\u0107u navoja i otpornost na tlak, otporan je na abraziju, habanje te kemijsku i galvansku koroziju. Pogodan je za prolaz svje\u017ee vode u skladu s CE 10\/2011 i DM174\/2004. Radni tlak je 10 bara na maksimalnoj temperaturi od 100\u00b0C.<\/p>\n","protected":false},"excerpt":{"rendered":"<p>Spojnica za crijevo s F bravom G 1&#8243; x 25 navoja &#8211; F spoj crijeva izra\u0111en od kompozita polipropilena oja\u010danog<\/p>\n","protected":false},"featured_media":5752400,"comment_status":"open","ping_status":"closed","template":"","meta":[],"product_brand":[3356],"product_cat":[1661],"product_tag":[],"class_list":{"0":"post-5756174","1":"product","2":"type-product","3":"status-publish","4":"has-post-thumbnail","6":"product_brand-seaflow-hr","7":"product_cat-elementi-brodskog-vovovoda-plastika","9":"first","10":"instock","11":"shipping-taxable","12":"purchasable","13":"product-type-simple"},"_links":{"self":[{"href":"https:\/\/stoic-curie.212-227-153-4.plesk.page\/hr\/wp-json\/wp\/v2\/product\/5756174","targetHints":{"allow":["GET"]}}],"collection":[{"href":"https:\/\/stoic-curie.212-227-153-4.plesk.page\/hr\/wp-json\/wp\/v2\/product"}],"about":[{"href":"https:\/\/stoic-curie.212-227-153-4.plesk.page\/hr\/wp-json\/wp\/v2\/types\/product"}],"replies":[{"embeddable":true,"href":"https:\/\/stoic-curie.212-227-153-4.plesk.page\/hr\/wp-json\/wp\/v2\/comments?post=5756174"}],"version-history":[{"count":0,"href":"https:\/\/stoic-curie.212-227-153-4.plesk.page\/hr\/wp-json\/wp\/v2\/product\/5756174\/revisions"}],"wp:featuredmedia":[{"embeddable":true,"href":"https:\/\/stoic-curie.212-227-153-4.plesk.page\/hr\/wp-json\/wp\/v2\/media\/5752400"}],"wp:attachment":[{"href":"https:\/\/stoic-curie.212-227-153-4.plesk.page\/hr\/wp-json\/wp\/v2\/media?parent=5756174"}],"wp:term":[{"taxonomy":"product_brand","embeddable":true,"href":"https:\/\/stoic-curie.212-227-153-4.plesk.page\/hr\/wp-json\/wp\/v2\/product_brand?post=5756174"},{"taxonomy":"product_cat","embeddable":true,"href":"https:\/\/stoic-curie.212-227-153-4.plesk.page\/hr\/wp-json\/wp\/v2\/product_cat?post=5756174"},{"taxonomy":"product_tag","embeddable":true,"href":"https:\/\/stoic-curie.212-227-153-4.plesk.page\/hr\/wp-json\/wp\/v2\/product_tag?post=5756174"}],"curies":[{"name":"wp","href":"https:\/\/api.w.org\/{rel}","templated":true}]}}