{"id":5756175,"date":"2026-02-12T13:46:33","date_gmt":"2026-02-12T12:46:33","guid":{"rendered":"https:\/\/stoic-curie.212-227-153-4.plesk.page\/product\/spajalo-cijevi-s-f-zakljucnim-maticom-g-11-4-x-20-niti\/"},"modified":"2026-02-25T00:01:28","modified_gmt":"2026-02-25T00:01:28","slug":"spajalo-cijevi-s-f-zakljucnim-maticom-g-11-4-x-20-niti","status":"publish","type":"product","link":"https:\/\/stoic-curie.212-227-153-4.plesk.page\/hr\/product\/spajalo-cijevi-s-f-zakljucnim-maticom-g-11-4-x-20-niti\/","title":{"rendered":"Spajalo Cijevi s F Zaklju\u010dnim Maticom G 1&#8243;1\/4 x 20 Niti"},"content":{"rendered":"<p>Spajalo Cijevi s F Zaklju\u010dnim Maticom G 1&#8243;1\/4 x 20 Niti &#8211; <\/p>\n<p>F spoj za cijev sa sljede\u0107om je od kompozitnog polipropilena oja\u010dano staklenim vlaknima. Zajam\u010dena izvrsna navojna i pritisna nepropusnost, otporan na abraziju, tro\u0161enje i bez kemijske i galvanske korozije. Pogodno za prolazak svje\u017ee vode u skladu s CE 10\/2011 i DM174\/2004. Radni tlak 10 bara na maksimalnoj temperaturi od 100\u00b0C.<\/p>\n","protected":false},"excerpt":{"rendered":"<p>Spajalo Cijevi s F Zaklju\u010dnim Maticom G 1&#8243;1\/4 x 20 Niti &#8211; F spoj za cijev sa sljede\u0107om je od<\/p>\n","protected":false},"featured_media":5752400,"comment_status":"open","ping_status":"closed","template":"","meta":[],"product_brand":[3356],"product_cat":[1661],"product_tag":[],"class_list":{"0":"post-5756175","1":"product","2":"type-product","3":"status-publish","4":"has-post-thumbnail","6":"product_brand-seaflow-hr","7":"product_cat-elementi-brodskog-vovovoda-plastika","9":"first","10":"instock","11":"shipping-taxable","12":"purchasable","13":"product-type-simple"},"_links":{"self":[{"href":"https:\/\/stoic-curie.212-227-153-4.plesk.page\/hr\/wp-json\/wp\/v2\/product\/5756175","targetHints":{"allow":["GET"]}}],"collection":[{"href":"https:\/\/stoic-curie.212-227-153-4.plesk.page\/hr\/wp-json\/wp\/v2\/product"}],"about":[{"href":"https:\/\/stoic-curie.212-227-153-4.plesk.page\/hr\/wp-json\/wp\/v2\/types\/product"}],"replies":[{"embeddable":true,"href":"https:\/\/stoic-curie.212-227-153-4.plesk.page\/hr\/wp-json\/wp\/v2\/comments?post=5756175"}],"version-history":[{"count":0,"href":"https:\/\/stoic-curie.212-227-153-4.plesk.page\/hr\/wp-json\/wp\/v2\/product\/5756175\/revisions"}],"wp:featuredmedia":[{"embeddable":true,"href":"https:\/\/stoic-curie.212-227-153-4.plesk.page\/hr\/wp-json\/wp\/v2\/media\/5752400"}],"wp:attachment":[{"href":"https:\/\/stoic-curie.212-227-153-4.plesk.page\/hr\/wp-json\/wp\/v2\/media?parent=5756175"}],"wp:term":[{"taxonomy":"product_brand","embeddable":true,"href":"https:\/\/stoic-curie.212-227-153-4.plesk.page\/hr\/wp-json\/wp\/v2\/product_brand?post=5756175"},{"taxonomy":"product_cat","embeddable":true,"href":"https:\/\/stoic-curie.212-227-153-4.plesk.page\/hr\/wp-json\/wp\/v2\/product_cat?post=5756175"},{"taxonomy":"product_tag","embeddable":true,"href":"https:\/\/stoic-curie.212-227-153-4.plesk.page\/hr\/wp-json\/wp\/v2\/product_tag?post=5756175"}],"curies":[{"name":"wp","href":"https:\/\/api.w.org\/{rel}","templated":true}]}}