{"id":5756200,"date":"2026-02-12T13:46:50","date_gmt":"2026-02-12T12:46:50","guid":{"rendered":"https:\/\/stoic-curie.212-227-153-4.plesk.page\/product\/m-lakat-cijev-ka-spoj-g-1-x-30-navoja\/"},"modified":"2026-02-25T00:01:28","modified_gmt":"2026-02-25T00:01:28","slug":"m-lakat-cijev-ka-spoj-g-1-x-30-navoja","status":"publish","type":"product","link":"https:\/\/stoic-curie.212-227-153-4.plesk.page\/hr\/product\/m-lakat-cijev-ka-spoj-g-1-x-30-navoja\/","title":{"rendered":"M Lakat Cijev-ka-Spoj G 1&#8243; x 30 Navoja"},"content":{"rendered":"<p>M Lakat Cijev-ka-Spoj G 1&#8243; x 30 Navoja &#8211; <\/p>\n<p>M lakat cijev-ka-spoj napravljen od kompozitnog polipropilena oja\u010danog staklenim vlaknima. Pru\u017ea izvrsnu \u010dvrsto\u0107u navoja i pritiska, otporan je na tro\u0161enje i habanje, te je slobodan od kemijske i galvanske korozije. Ovaj proizvod je pogodan za prolaz svje\u017ee vode u skladu s CE 10\/2011 i DM174\/2004 standardima. Mo\u017ee raditi pod pritiskom od 10 bara na maksimalnoj temperaturi od 100\u00b0C.<\/p>\n","protected":false},"excerpt":{"rendered":"<p>M Lakat Cijev-ka-Spoj G 1&#8243; x 30 Navoja &#8211; M lakat cijev-ka-spoj napravljen od kompozitnog polipropilena oja\u010danog staklenim vlaknima. Pru\u017ea<\/p>\n","protected":false},"featured_media":5752448,"comment_status":"open","ping_status":"closed","template":"","meta":[],"product_brand":[3356],"product_cat":[1661],"product_tag":[],"class_list":{"0":"post-5756200","1":"product","2":"type-product","3":"status-publish","4":"has-post-thumbnail","6":"product_brand-seaflow-hr","7":"product_cat-elementi-brodskog-vovovoda-plastika","9":"first","10":"instock","11":"shipping-taxable","12":"purchasable","13":"product-type-simple"},"_links":{"self":[{"href":"https:\/\/stoic-curie.212-227-153-4.plesk.page\/hr\/wp-json\/wp\/v2\/product\/5756200","targetHints":{"allow":["GET"]}}],"collection":[{"href":"https:\/\/stoic-curie.212-227-153-4.plesk.page\/hr\/wp-json\/wp\/v2\/product"}],"about":[{"href":"https:\/\/stoic-curie.212-227-153-4.plesk.page\/hr\/wp-json\/wp\/v2\/types\/product"}],"replies":[{"embeddable":true,"href":"https:\/\/stoic-curie.212-227-153-4.plesk.page\/hr\/wp-json\/wp\/v2\/comments?post=5756200"}],"version-history":[{"count":0,"href":"https:\/\/stoic-curie.212-227-153-4.plesk.page\/hr\/wp-json\/wp\/v2\/product\/5756200\/revisions"}],"wp:featuredmedia":[{"embeddable":true,"href":"https:\/\/stoic-curie.212-227-153-4.plesk.page\/hr\/wp-json\/wp\/v2\/media\/5752448"}],"wp:attachment":[{"href":"https:\/\/stoic-curie.212-227-153-4.plesk.page\/hr\/wp-json\/wp\/v2\/media?parent=5756200"}],"wp:term":[{"taxonomy":"product_brand","embeddable":true,"href":"https:\/\/stoic-curie.212-227-153-4.plesk.page\/hr\/wp-json\/wp\/v2\/product_brand?post=5756200"},{"taxonomy":"product_cat","embeddable":true,"href":"https:\/\/stoic-curie.212-227-153-4.plesk.page\/hr\/wp-json\/wp\/v2\/product_cat?post=5756200"},{"taxonomy":"product_tag","embeddable":true,"href":"https:\/\/stoic-curie.212-227-153-4.plesk.page\/hr\/wp-json\/wp\/v2\/product_tag?post=5756200"}],"curies":[{"name":"wp","href":"https:\/\/api.w.org\/{rel}","templated":true}]}}