{"id":5756211,"date":"2026-02-12T13:46:58","date_gmt":"2026-02-12T12:46:58","guid":{"rendered":"https:\/\/stoic-curie.212-227-153-4.plesk.page\/product\/f-lakat-cijev-na-hozu-s-prstenom-g-3-4-x-13-navoja\/"},"modified":"2026-02-25T00:01:28","modified_gmt":"2026-02-25T00:01:28","slug":"f-lakat-cijev-na-hozu-s-prstenom-g-3-4-x-13-navoja","status":"publish","type":"product","link":"https:\/\/stoic-curie.212-227-153-4.plesk.page\/hr\/product\/f-lakat-cijev-na-hozu-s-prstenom-g-3-4-x-13-navoja\/","title":{"rendered":"F Lakat Cijev-Na-Hozu s Prstenom G 3\/4 x 13 Navoja (&#8220;"},"content":{"rendered":"<p>F Lakat Cijev-Na-Hozu s Prstenom G 3\/4 x 13 Navoja (&#8221; &#8211; <\/p>\n<p>F lakat cijev-na-hozu s prstenom, izra\u0111en od kompozitnog polipropilena oja\u010danog staklenim vlaknima. Nudi superiornu gustu navoj i pritisnu \u010dvrsto\u0107u, otporan je na abraziju i habanje, te je slobodan od kemijske i galvanske korozije. Ovaj proizvod je prikladan za prolaz slatke vode u skladu sa CE 10\/2011 i DM174\/2004. Radni tlak je 10 bara pri maksimalnoj temperaturi od 100\u00b0C.<\/p>\n","protected":false},"excerpt":{"rendered":"<p>F Lakat Cijev-Na-Hozu s Prstenom G 3\/4 x 13 Navoja (&#8221; &#8211; F lakat cijev-na-hozu s prstenom, izra\u0111en od kompozitnog<\/p>\n","protected":false},"featured_media":5752498,"comment_status":"open","ping_status":"closed","template":"","meta":[],"product_brand":[3356],"product_cat":[1661],"product_tag":[],"class_list":{"0":"post-5756211","1":"product","2":"type-product","3":"status-publish","4":"has-post-thumbnail","6":"product_brand-seaflow-hr","7":"product_cat-elementi-brodskog-vovovoda-plastika","9":"first","10":"instock","11":"shipping-taxable","12":"purchasable","13":"product-type-simple"},"_links":{"self":[{"href":"https:\/\/stoic-curie.212-227-153-4.plesk.page\/hr\/wp-json\/wp\/v2\/product\/5756211","targetHints":{"allow":["GET"]}}],"collection":[{"href":"https:\/\/stoic-curie.212-227-153-4.plesk.page\/hr\/wp-json\/wp\/v2\/product"}],"about":[{"href":"https:\/\/stoic-curie.212-227-153-4.plesk.page\/hr\/wp-json\/wp\/v2\/types\/product"}],"replies":[{"embeddable":true,"href":"https:\/\/stoic-curie.212-227-153-4.plesk.page\/hr\/wp-json\/wp\/v2\/comments?post=5756211"}],"version-history":[{"count":0,"href":"https:\/\/stoic-curie.212-227-153-4.plesk.page\/hr\/wp-json\/wp\/v2\/product\/5756211\/revisions"}],"wp:featuredmedia":[{"embeddable":true,"href":"https:\/\/stoic-curie.212-227-153-4.plesk.page\/hr\/wp-json\/wp\/v2\/media\/5752498"}],"wp:attachment":[{"href":"https:\/\/stoic-curie.212-227-153-4.plesk.page\/hr\/wp-json\/wp\/v2\/media?parent=5756211"}],"wp:term":[{"taxonomy":"product_brand","embeddable":true,"href":"https:\/\/stoic-curie.212-227-153-4.plesk.page\/hr\/wp-json\/wp\/v2\/product_brand?post=5756211"},{"taxonomy":"product_cat","embeddable":true,"href":"https:\/\/stoic-curie.212-227-153-4.plesk.page\/hr\/wp-json\/wp\/v2\/product_cat?post=5756211"},{"taxonomy":"product_tag","embeddable":true,"href":"https:\/\/stoic-curie.212-227-153-4.plesk.page\/hr\/wp-json\/wp\/v2\/product_tag?post=5756211"}],"curies":[{"name":"wp","href":"https:\/\/api.w.org\/{rel}","templated":true}]}}