{"id":5756222,"date":"2026-02-12T13:47:05","date_gmt":"2026-02-12T12:47:05","guid":{"rendered":"https:\/\/stoic-curie.212-227-153-4.plesk.page\/product\/f-lakat-cijev-do-crijevo-s-prstenom-g-11-2-x-40-navojski\/"},"modified":"2026-02-25T00:01:35","modified_gmt":"2026-02-25T00:01:35","slug":"f-lakat-cijev-do-crijevo-s-prstenom-g-11-2-x-40-navojski","status":"publish","type":"product","link":"https:\/\/stoic-curie.212-227-153-4.plesk.page\/hr\/product\/f-lakat-cijev-do-crijevo-s-prstenom-g-11-2-x-40-navojski\/","title":{"rendered":"F Lakat Cijev-do-Crijevo s Prstenom G 1&#8243;1\/2 x 40 Navojski"},"content":{"rendered":"<p>F Lakat Cijev-do-Crijevo s Prstenom G 1&#8243;1\/2 x 40 Navojski &#8211; <\/p>\n<p>F lakat cijev-do-crijevo s prstenom izra\u0111en je od kompozitnog polipropilena oja\u010danog staklenim vlaknima. Pru\u017ea superiornu brtveu navoja i pritiska, otporan je na abraziju i habanje, te je slobodan od kemijske i galvanske korozije. Ovaj proizvod je prikladan za prolaz slatke vode u skladu s CE 10\/2011 i DM174\/2004, s radnim pritiskom od 10 bara na maksimalnoj temperaturi od 100\u00b0C.<\/p>\n","protected":false},"excerpt":{"rendered":"<p>F Lakat Cijev-do-Crijevo s Prstenom G 1&#8243;1\/2 x 40 Navojski &#8211; F lakat cijev-do-crijevo s prstenom izra\u0111en je od kompozitnog<\/p>\n","protected":false},"featured_media":5752498,"comment_status":"open","ping_status":"closed","template":"","meta":[],"product_brand":[3356],"product_cat":[1661],"product_tag":[],"class_list":{"0":"post-5756222","1":"product","2":"type-product","3":"status-publish","4":"has-post-thumbnail","6":"product_brand-seaflow-hr","7":"product_cat-elementi-brodskog-vovovoda-plastika","9":"first","10":"instock","11":"shipping-taxable","12":"purchasable","13":"product-type-simple"},"_links":{"self":[{"href":"https:\/\/stoic-curie.212-227-153-4.plesk.page\/hr\/wp-json\/wp\/v2\/product\/5756222","targetHints":{"allow":["GET"]}}],"collection":[{"href":"https:\/\/stoic-curie.212-227-153-4.plesk.page\/hr\/wp-json\/wp\/v2\/product"}],"about":[{"href":"https:\/\/stoic-curie.212-227-153-4.plesk.page\/hr\/wp-json\/wp\/v2\/types\/product"}],"replies":[{"embeddable":true,"href":"https:\/\/stoic-curie.212-227-153-4.plesk.page\/hr\/wp-json\/wp\/v2\/comments?post=5756222"}],"version-history":[{"count":0,"href":"https:\/\/stoic-curie.212-227-153-4.plesk.page\/hr\/wp-json\/wp\/v2\/product\/5756222\/revisions"}],"wp:featuredmedia":[{"embeddable":true,"href":"https:\/\/stoic-curie.212-227-153-4.plesk.page\/hr\/wp-json\/wp\/v2\/media\/5752498"}],"wp:attachment":[{"href":"https:\/\/stoic-curie.212-227-153-4.plesk.page\/hr\/wp-json\/wp\/v2\/media?parent=5756222"}],"wp:term":[{"taxonomy":"product_brand","embeddable":true,"href":"https:\/\/stoic-curie.212-227-153-4.plesk.page\/hr\/wp-json\/wp\/v2\/product_brand?post=5756222"},{"taxonomy":"product_cat","embeddable":true,"href":"https:\/\/stoic-curie.212-227-153-4.plesk.page\/hr\/wp-json\/wp\/v2\/product_cat?post=5756222"},{"taxonomy":"product_tag","embeddable":true,"href":"https:\/\/stoic-curie.212-227-153-4.plesk.page\/hr\/wp-json\/wp\/v2\/product_tag?post=5756222"}],"curies":[{"name":"wp","href":"https:\/\/api.w.org\/{rel}","templated":true}]}}