{"id":5756223,"date":"2026-02-12T13:47:06","date_gmt":"2026-02-12T12:47:06","guid":{"rendered":"https:\/\/stoic-curie.212-227-153-4.plesk.page\/product\/f-kutna-cijev-za-cijev-s-prstenom-g-2-x-50-navoja\/"},"modified":"2026-02-25T00:01:35","modified_gmt":"2026-02-25T00:01:35","slug":"f-kutna-cijev-za-cijev-s-prstenom-g-2-x-50-navoja","status":"publish","type":"product","link":"https:\/\/stoic-curie.212-227-153-4.plesk.page\/hr\/product\/f-kutna-cijev-za-cijev-s-prstenom-g-2-x-50-navoja\/","title":{"rendered":"F Kutna Cijev Za Cijev S Prstenom G 2&#8243; x 50 Navoja"},"content":{"rendered":"<p>F Kutna Cijev Za Cijev S Prstenom G 2&#8243; x 50 Navoja &#8211; <\/p>\n<p>F kutna cijev za cijev s prstenom izra\u0111ena je od kompozitnog polipropilena oja\u010danog staklenim vlaknima. Pru\u017ea superiornu brtvu navoja i pritiska te je otporna na habanje i tro\u0161enje. Ovaj proizvod je bez kemijske i galvanske korozije te je prikladan za prolaz svje\u017ee vode u skladu s CE 10\/2011 i DM174\/2004 standardima. Ima radni tlak od 10 bara pri maksimalnoj temperaturi od 100\u00b0C.<\/p>\n","protected":false},"excerpt":{"rendered":"<p>F Kutna Cijev Za Cijev S Prstenom G 2&#8243; x 50 Navoja &#8211; F kutna cijev za cijev s prstenom<\/p>\n","protected":false},"featured_media":5752498,"comment_status":"open","ping_status":"closed","template":"","meta":[],"product_brand":[3356],"product_cat":[1661],"product_tag":[],"class_list":{"0":"post-5756223","1":"product","2":"type-product","3":"status-publish","4":"has-post-thumbnail","6":"product_brand-seaflow-hr","7":"product_cat-elementi-brodskog-vovovoda-plastika","9":"first","10":"instock","11":"shipping-taxable","12":"purchasable","13":"product-type-simple"},"_links":{"self":[{"href":"https:\/\/stoic-curie.212-227-153-4.plesk.page\/hr\/wp-json\/wp\/v2\/product\/5756223","targetHints":{"allow":["GET"]}}],"collection":[{"href":"https:\/\/stoic-curie.212-227-153-4.plesk.page\/hr\/wp-json\/wp\/v2\/product"}],"about":[{"href":"https:\/\/stoic-curie.212-227-153-4.plesk.page\/hr\/wp-json\/wp\/v2\/types\/product"}],"replies":[{"embeddable":true,"href":"https:\/\/stoic-curie.212-227-153-4.plesk.page\/hr\/wp-json\/wp\/v2\/comments?post=5756223"}],"version-history":[{"count":0,"href":"https:\/\/stoic-curie.212-227-153-4.plesk.page\/hr\/wp-json\/wp\/v2\/product\/5756223\/revisions"}],"wp:featuredmedia":[{"embeddable":true,"href":"https:\/\/stoic-curie.212-227-153-4.plesk.page\/hr\/wp-json\/wp\/v2\/media\/5752498"}],"wp:attachment":[{"href":"https:\/\/stoic-curie.212-227-153-4.plesk.page\/hr\/wp-json\/wp\/v2\/media?parent=5756223"}],"wp:term":[{"taxonomy":"product_brand","embeddable":true,"href":"https:\/\/stoic-curie.212-227-153-4.plesk.page\/hr\/wp-json\/wp\/v2\/product_brand?post=5756223"},{"taxonomy":"product_cat","embeddable":true,"href":"https:\/\/stoic-curie.212-227-153-4.plesk.page\/hr\/wp-json\/wp\/v2\/product_cat?post=5756223"},{"taxonomy":"product_tag","embeddable":true,"href":"https:\/\/stoic-curie.212-227-153-4.plesk.page\/hr\/wp-json\/wp\/v2\/product_tag?post=5756223"}],"curies":[{"name":"wp","href":"https:\/\/api.w.org\/{rel}","templated":true}]}}