{"id":5756230,"date":"2026-02-12T13:47:11","date_gmt":"2026-02-12T12:47:11","guid":{"rendered":"https:\/\/stoic-curie.212-227-153-4.plesk.page\/product\/f-f-lakat-g-2-navo\/"},"modified":"2026-02-25T00:01:35","modified_gmt":"2026-02-25T00:01:35","slug":"f-f-lakat-g-2-navo","status":"publish","type":"product","link":"https:\/\/stoic-curie.212-227-153-4.plesk.page\/hr\/product\/f-f-lakat-g-2-navo\/","title":{"rendered":"F-F Lakat G 2&#8243; Navo"},"content":{"rendered":"<p>F-F Lakat G 2&#8243; Navo &#8211; <\/p>\n<p>F-F lakat je izra\u0111en od kompozitnog polipropilena oja\u010danog staklenim vlaknima. Nudi superiornu navojnu i pritisku nepropusnost, otporan je na abraziju, tro\u0161enje i slobodan od kemijske i galvanske korozije. Ovaj proizvod je prikladan za prolaz svje\u017ee vode u skladu s CE 10\/2011 i DM174\/2004 standardima. Mo\u017ee raditi pod pritiskom od 10 bara i na maksimalnoj temperaturi od 100 \u00b0C.<\/p>\n","protected":false},"excerpt":{"rendered":"<p>F-F Lakat G 2&#8243; Navo &#8211; F-F lakat je izra\u0111en od kompozitnog polipropilena oja\u010danog staklenim vlaknima. Nudi superiornu navojnu i<\/p>\n","protected":false},"featured_media":5752532,"comment_status":"open","ping_status":"closed","template":"","meta":[],"product_brand":[3356],"product_cat":[1661],"product_tag":[],"class_list":{"0":"post-5756230","1":"product","2":"type-product","3":"status-publish","4":"has-post-thumbnail","6":"product_brand-seaflow-hr","7":"product_cat-elementi-brodskog-vovovoda-plastika","9":"first","10":"instock","11":"shipping-taxable","12":"purchasable","13":"product-type-simple"},"_links":{"self":[{"href":"https:\/\/stoic-curie.212-227-153-4.plesk.page\/hr\/wp-json\/wp\/v2\/product\/5756230","targetHints":{"allow":["GET"]}}],"collection":[{"href":"https:\/\/stoic-curie.212-227-153-4.plesk.page\/hr\/wp-json\/wp\/v2\/product"}],"about":[{"href":"https:\/\/stoic-curie.212-227-153-4.plesk.page\/hr\/wp-json\/wp\/v2\/types\/product"}],"replies":[{"embeddable":true,"href":"https:\/\/stoic-curie.212-227-153-4.plesk.page\/hr\/wp-json\/wp\/v2\/comments?post=5756230"}],"version-history":[{"count":0,"href":"https:\/\/stoic-curie.212-227-153-4.plesk.page\/hr\/wp-json\/wp\/v2\/product\/5756230\/revisions"}],"wp:featuredmedia":[{"embeddable":true,"href":"https:\/\/stoic-curie.212-227-153-4.plesk.page\/hr\/wp-json\/wp\/v2\/media\/5752532"}],"wp:attachment":[{"href":"https:\/\/stoic-curie.212-227-153-4.plesk.page\/hr\/wp-json\/wp\/v2\/media?parent=5756230"}],"wp:term":[{"taxonomy":"product_brand","embeddable":true,"href":"https:\/\/stoic-curie.212-227-153-4.plesk.page\/hr\/wp-json\/wp\/v2\/product_brand?post=5756230"},{"taxonomy":"product_cat","embeddable":true,"href":"https:\/\/stoic-curie.212-227-153-4.plesk.page\/hr\/wp-json\/wp\/v2\/product_cat?post=5756230"},{"taxonomy":"product_tag","embeddable":true,"href":"https:\/\/stoic-curie.212-227-153-4.plesk.page\/hr\/wp-json\/wp\/v2\/product_tag?post=5756230"}],"curies":[{"name":"wp","href":"https:\/\/api.w.org\/{rel}","templated":true}]}}