{"id":5756248,"date":"2026-02-12T13:47:24","date_gmt":"2026-02-12T12:47:24","guid":{"rendered":"https:\/\/stoic-curie.212-227-153-4.plesk.page\/product\/spoj-g-1-1-2-niti\/"},"modified":"2026-02-25T00:01:35","modified_gmt":"2026-02-25T00:01:35","slug":"spoj-g-1-1-2-niti","status":"publish","type":"product","link":"https:\/\/stoic-curie.212-227-153-4.plesk.page\/hr\/product\/spoj-g-1-1-2-niti\/","title":{"rendered":"Spoj G 1 1\/2&#8243; Niti"},"content":{"rendered":"<p>Spoj G 1 1\/2&#8243; Niti &#8211; <\/p>\n<p>Ovaj spoj napravljen je od kompozitnog polipropilena oja\u010danog staklenim vlaknima. Ima vrhunsku zavr\u0161nu obradu navoja i \u010dvrsto\u0107u na pritisku, otporan je na tro\u0161enje i habanje. Tako\u0111er je otporan na kemijsku i galvansku koroziju, \u0161to ga \u010dini idealnim za prolaz slatke vode u skladu s propisima CE 10\/2011 i DM174\/2004. Radni tlak iznosi 10 bara, a mo\u017ee izdr\u017eati temperature do 100\u00b0C.<\/p>\n","protected":false},"excerpt":{"rendered":"<p>Spoj G 1 1\/2&#8243; Niti &#8211; Ovaj spoj napravljen je od kompozitnog polipropilena oja\u010danog staklenim vlaknima. Ima vrhunsku zavr\u0161nu obradu<\/p>\n","protected":false},"featured_media":5752582,"comment_status":"open","ping_status":"closed","template":"","meta":[],"product_brand":[3356],"product_cat":[1661],"product_tag":[],"class_list":{"0":"post-5756248","1":"product","2":"type-product","3":"status-publish","4":"has-post-thumbnail","6":"product_brand-seaflow-hr","7":"product_cat-elementi-brodskog-vovovoda-plastika","9":"first","10":"instock","11":"shipping-taxable","12":"purchasable","13":"product-type-simple"},"_links":{"self":[{"href":"https:\/\/stoic-curie.212-227-153-4.plesk.page\/hr\/wp-json\/wp\/v2\/product\/5756248","targetHints":{"allow":["GET"]}}],"collection":[{"href":"https:\/\/stoic-curie.212-227-153-4.plesk.page\/hr\/wp-json\/wp\/v2\/product"}],"about":[{"href":"https:\/\/stoic-curie.212-227-153-4.plesk.page\/hr\/wp-json\/wp\/v2\/types\/product"}],"replies":[{"embeddable":true,"href":"https:\/\/stoic-curie.212-227-153-4.plesk.page\/hr\/wp-json\/wp\/v2\/comments?post=5756248"}],"version-history":[{"count":0,"href":"https:\/\/stoic-curie.212-227-153-4.plesk.page\/hr\/wp-json\/wp\/v2\/product\/5756248\/revisions"}],"wp:featuredmedia":[{"embeddable":true,"href":"https:\/\/stoic-curie.212-227-153-4.plesk.page\/hr\/wp-json\/wp\/v2\/media\/5752582"}],"wp:attachment":[{"href":"https:\/\/stoic-curie.212-227-153-4.plesk.page\/hr\/wp-json\/wp\/v2\/media?parent=5756248"}],"wp:term":[{"taxonomy":"product_brand","embeddable":true,"href":"https:\/\/stoic-curie.212-227-153-4.plesk.page\/hr\/wp-json\/wp\/v2\/product_brand?post=5756248"},{"taxonomy":"product_cat","embeddable":true,"href":"https:\/\/stoic-curie.212-227-153-4.plesk.page\/hr\/wp-json\/wp\/v2\/product_cat?post=5756248"},{"taxonomy":"product_tag","embeddable":true,"href":"https:\/\/stoic-curie.212-227-153-4.plesk.page\/hr\/wp-json\/wp\/v2\/product_tag?post=5756248"}],"curies":[{"name":"wp","href":"https:\/\/api.w.org\/{rel}","templated":true}]}}