{"id":5756250,"date":"2026-02-12T13:47:25","date_gmt":"2026-02-12T12:47:25","guid":{"rendered":"https:\/\/stoic-curie.212-227-153-4.plesk.page\/product\/nipl-g-3-8-navoja\/"},"modified":"2026-02-25T00:01:35","modified_gmt":"2026-02-25T00:01:35","slug":"nipl-g-3-8-navoja","status":"publish","type":"product","link":"https:\/\/stoic-curie.212-227-153-4.plesk.page\/hr\/product\/nipl-g-3-8-navoja\/","title":{"rendered":"Nipl G 3\/8 Navoja (&#8220;"},"content":{"rendered":"<p>Nipl G 3\/8 Navoja (&#8221; &#8211; <\/p>\n<p>Nipl izra\u0111en od kompozitnog polipropilena oja\u010danog staklenim vlaknima. Pru\u017ea superiornu zategnutost navoja i pritiska, otporan na abraziju i habanje, slobodan od kemijske i galvanske korozije. Pogodan za prolaz slatke vode u skladu s CE 10\/2011 i DM174\/2004. Radni tlak je 10 bara pri maksimalnih 100\u00b0C.<\/p>\n","protected":false},"excerpt":{"rendered":"<p>Nipl G 3\/8 Navoja (&#8221; &#8211; Nipl izra\u0111en od kompozitnog polipropilena oja\u010danog staklenim vlaknima. Pru\u017ea superiornu zategnutost navoja i pritiska,<\/p>\n","protected":false},"featured_media":5752596,"comment_status":"open","ping_status":"closed","template":"","meta":[],"product_brand":[3356],"product_cat":[1661],"product_tag":[],"class_list":{"0":"post-5756250","1":"product","2":"type-product","3":"status-publish","4":"has-post-thumbnail","6":"product_brand-seaflow-hr","7":"product_cat-elementi-brodskog-vovovoda-plastika","9":"first","10":"instock","11":"shipping-taxable","12":"purchasable","13":"product-type-simple"},"_links":{"self":[{"href":"https:\/\/stoic-curie.212-227-153-4.plesk.page\/hr\/wp-json\/wp\/v2\/product\/5756250","targetHints":{"allow":["GET"]}}],"collection":[{"href":"https:\/\/stoic-curie.212-227-153-4.plesk.page\/hr\/wp-json\/wp\/v2\/product"}],"about":[{"href":"https:\/\/stoic-curie.212-227-153-4.plesk.page\/hr\/wp-json\/wp\/v2\/types\/product"}],"replies":[{"embeddable":true,"href":"https:\/\/stoic-curie.212-227-153-4.plesk.page\/hr\/wp-json\/wp\/v2\/comments?post=5756250"}],"version-history":[{"count":0,"href":"https:\/\/stoic-curie.212-227-153-4.plesk.page\/hr\/wp-json\/wp\/v2\/product\/5756250\/revisions"}],"wp:featuredmedia":[{"embeddable":true,"href":"https:\/\/stoic-curie.212-227-153-4.plesk.page\/hr\/wp-json\/wp\/v2\/media\/5752596"}],"wp:attachment":[{"href":"https:\/\/stoic-curie.212-227-153-4.plesk.page\/hr\/wp-json\/wp\/v2\/media?parent=5756250"}],"wp:term":[{"taxonomy":"product_brand","embeddable":true,"href":"https:\/\/stoic-curie.212-227-153-4.plesk.page\/hr\/wp-json\/wp\/v2\/product_brand?post=5756250"},{"taxonomy":"product_cat","embeddable":true,"href":"https:\/\/stoic-curie.212-227-153-4.plesk.page\/hr\/wp-json\/wp\/v2\/product_cat?post=5756250"},{"taxonomy":"product_tag","embeddable":true,"href":"https:\/\/stoic-curie.212-227-153-4.plesk.page\/hr\/wp-json\/wp\/v2\/product_tag?post=5756250"}],"curies":[{"name":"wp","href":"https:\/\/api.w.org\/{rel}","templated":true}]}}