{"id":5756259,"date":"2026-02-12T13:47:33","date_gmt":"2026-02-12T12:47:33","guid":{"rendered":"https:\/\/stoic-curie.212-227-153-4.plesk.page\/product\/reducirajuca-cijev-g-3-4-x-1-2-niti-e\/"},"modified":"2026-02-25T00:01:35","modified_gmt":"2026-02-25T00:01:35","slug":"reducirajuca-cijev-g-3-4-x-1-2-niti-e","status":"publish","type":"product","link":"https:\/\/stoic-curie.212-227-153-4.plesk.page\/hr\/product\/reducirajuca-cijev-g-3-4-x-1-2-niti-e\/","title":{"rendered":"Reduciraju\u0107a Cijev G 3\/4 x 1\/2 Niti (&#8220;E)"},"content":{"rendered":"<p>Reduciraju\u0107a Cijev G 3\/4 x 1\/2 Niti (&#8220;E) &#8211; <\/p>\n<p>Reduciraju\u0107a cijev izra\u0111ena od kompozitnog polipropilena oja\u010danog staklenim vlaknima. Pru\u017ea superiornu gusto\u0107u navoja i pritiska, te je otporna na tro\u0161enje i habanje. Slobodna je od kemijske i galvanske korozije, \u0161to je \u010dini pogodnom za prolaz svje\u017ee vode u skladu s CE 10\/2011 i DM174\/2004. Radni pritisak je 10 bara na maksimalnoj temperaturi od 100 \u00b0C.<\/p>\n","protected":false},"excerpt":{"rendered":"<p>Reduciraju\u0107a Cijev G 3\/4 x 1\/2 Niti (&#8220;E) &#8211; Reduciraju\u0107a cijev izra\u0111ena od kompozitnog polipropilena oja\u010danog staklenim vlaknima. Pru\u017ea superiornu<\/p>\n","protected":false},"featured_media":5752610,"comment_status":"open","ping_status":"closed","template":"","meta":[],"product_brand":[3356],"product_cat":[1661],"product_tag":[],"class_list":{"0":"post-5756259","1":"product","2":"type-product","3":"status-publish","4":"has-post-thumbnail","6":"product_brand-seaflow-hr","7":"product_cat-elementi-brodskog-vovovoda-plastika","9":"first","10":"instock","11":"shipping-taxable","12":"purchasable","13":"product-type-simple"},"_links":{"self":[{"href":"https:\/\/stoic-curie.212-227-153-4.plesk.page\/hr\/wp-json\/wp\/v2\/product\/5756259","targetHints":{"allow":["GET"]}}],"collection":[{"href":"https:\/\/stoic-curie.212-227-153-4.plesk.page\/hr\/wp-json\/wp\/v2\/product"}],"about":[{"href":"https:\/\/stoic-curie.212-227-153-4.plesk.page\/hr\/wp-json\/wp\/v2\/types\/product"}],"replies":[{"embeddable":true,"href":"https:\/\/stoic-curie.212-227-153-4.plesk.page\/hr\/wp-json\/wp\/v2\/comments?post=5756259"}],"version-history":[{"count":0,"href":"https:\/\/stoic-curie.212-227-153-4.plesk.page\/hr\/wp-json\/wp\/v2\/product\/5756259\/revisions"}],"wp:featuredmedia":[{"embeddable":true,"href":"https:\/\/stoic-curie.212-227-153-4.plesk.page\/hr\/wp-json\/wp\/v2\/media\/5752610"}],"wp:attachment":[{"href":"https:\/\/stoic-curie.212-227-153-4.plesk.page\/hr\/wp-json\/wp\/v2\/media?parent=5756259"}],"wp:term":[{"taxonomy":"product_brand","embeddable":true,"href":"https:\/\/stoic-curie.212-227-153-4.plesk.page\/hr\/wp-json\/wp\/v2\/product_brand?post=5756259"},{"taxonomy":"product_cat","embeddable":true,"href":"https:\/\/stoic-curie.212-227-153-4.plesk.page\/hr\/wp-json\/wp\/v2\/product_cat?post=5756259"},{"taxonomy":"product_tag","embeddable":true,"href":"https:\/\/stoic-curie.212-227-153-4.plesk.page\/hr\/wp-json\/wp\/v2\/product_tag?post=5756259"}],"curies":[{"name":"wp","href":"https:\/\/api.w.org\/{rel}","templated":true}]}}