{"id":5756262,"date":"2026-02-12T13:47:36","date_gmt":"2026-02-12T12:47:36","guid":{"rendered":"https:\/\/stoic-curie.212-227-153-4.plesk.page\/product\/smanjivac-g-11-2-x-1-navoj\/"},"modified":"2026-02-25T00:01:35","modified_gmt":"2026-02-25T00:01:35","slug":"smanjivac-g-11-2-x-1-navoj","status":"publish","type":"product","link":"https:\/\/stoic-curie.212-227-153-4.plesk.page\/hr\/product\/smanjivac-g-11-2-x-1-navoj\/","title":{"rendered":"Smanjiva\u010d G 1&#8243;1\/2 x 1&#8243; Navoj"},"content":{"rendered":"<p>Smanjiva\u010d G 1&#8243;1\/2 x 1&#8243; Navoj &#8211; <\/p>\n<p>Ovaj smanjiva\u010d izra\u0111en je od kompozitnog polipropilena poja\u010danog staklenim vlaknima. Odlikuje se superiornom cjelovito\u0161\u0107u navoja i otpornosti na tlak, otporan je na abraziju i tro\u0161enje te je slobodan od kemijske i galvanske korozije. Pogodan je za propu\u0161tanje slatke vode u skladu s CE 10\/2011 i DM174\/2004. Radni tlak je 10 bara pri maksimalnoj temperaturi od 100\u00b0C.<\/p>\n","protected":false},"excerpt":{"rendered":"<p>Smanjiva\u010d G 1&#8243;1\/2 x 1&#8243; Navoj &#8211; Ovaj smanjiva\u010d izra\u0111en je od kompozitnog polipropilena poja\u010danog staklenim vlaknima. Odlikuje se superiornom<\/p>\n","protected":false},"featured_media":5752610,"comment_status":"open","ping_status":"closed","template":"","meta":[],"product_brand":[3356],"product_cat":[1661],"product_tag":[],"class_list":{"0":"post-5756262","1":"product","2":"type-product","3":"status-publish","4":"has-post-thumbnail","6":"product_brand-seaflow-hr","7":"product_cat-elementi-brodskog-vovovoda-plastika","9":"first","10":"instock","11":"shipping-taxable","12":"purchasable","13":"product-type-simple"},"_links":{"self":[{"href":"https:\/\/stoic-curie.212-227-153-4.plesk.page\/hr\/wp-json\/wp\/v2\/product\/5756262","targetHints":{"allow":["GET"]}}],"collection":[{"href":"https:\/\/stoic-curie.212-227-153-4.plesk.page\/hr\/wp-json\/wp\/v2\/product"}],"about":[{"href":"https:\/\/stoic-curie.212-227-153-4.plesk.page\/hr\/wp-json\/wp\/v2\/types\/product"}],"replies":[{"embeddable":true,"href":"https:\/\/stoic-curie.212-227-153-4.plesk.page\/hr\/wp-json\/wp\/v2\/comments?post=5756262"}],"version-history":[{"count":0,"href":"https:\/\/stoic-curie.212-227-153-4.plesk.page\/hr\/wp-json\/wp\/v2\/product\/5756262\/revisions"}],"wp:featuredmedia":[{"embeddable":true,"href":"https:\/\/stoic-curie.212-227-153-4.plesk.page\/hr\/wp-json\/wp\/v2\/media\/5752610"}],"wp:attachment":[{"href":"https:\/\/stoic-curie.212-227-153-4.plesk.page\/hr\/wp-json\/wp\/v2\/media?parent=5756262"}],"wp:term":[{"taxonomy":"product_brand","embeddable":true,"href":"https:\/\/stoic-curie.212-227-153-4.plesk.page\/hr\/wp-json\/wp\/v2\/product_brand?post=5756262"},{"taxonomy":"product_cat","embeddable":true,"href":"https:\/\/stoic-curie.212-227-153-4.plesk.page\/hr\/wp-json\/wp\/v2\/product_cat?post=5756262"},{"taxonomy":"product_tag","embeddable":true,"href":"https:\/\/stoic-curie.212-227-153-4.plesk.page\/hr\/wp-json\/wp\/v2\/product_tag?post=5756262"}],"curies":[{"name":"wp","href":"https:\/\/api.w.org\/{rel}","templated":true}]}}