{"id":5756268,"date":"2026-02-12T13:47:41","date_gmt":"2026-02-12T12:47:41","guid":{"rendered":"https:\/\/stoic-curie.212-227-153-4.plesk.page\/product\/f-m-cijevni-fit-g-3-4-x-1-2-navoja-in\/"},"modified":"2026-02-25T00:01:35","modified_gmt":"2026-02-25T00:01:35","slug":"f-m-cijevni-fit-g-3-4-x-1-2-navoja-in","status":"publish","type":"product","link":"https:\/\/stoic-curie.212-227-153-4.plesk.page\/hr\/product\/f-m-cijevni-fit-g-3-4-x-1-2-navoja-in\/","title":{"rendered":"F-M Cijevni Fit G 3\/4 x 1\/2 Navoja (in)"},"content":{"rendered":"<p>F-M Cijevni Fit G 3\/4 x 1\/2 Navoja (in) &#8211; <\/p>\n<p>F-M cijevni fit je napravljen od kompozita polipropilena oja\u010danog staklenim vlaknima. Pru\u017ea vrhunsku \u010dvrsto\u0107u navoja i \u010dvrsto\u0107u pod pritiskom, otporan je na abraziju i tro\u0161enje, te je slobodan od kemijske i galvanske korozije. Ovaj proizvod je prikladan za prolaz svje\u017ee vode i udovoljava CE 10\/2011 i DM174\/2004 standardima. Radi pod tlakom od 10 bara pri maksimalnoj temperaturi od 100\u00b0C.<\/p>\n","protected":false},"excerpt":{"rendered":"<p>F-M Cijevni Fit G 3\/4 x 1\/2 Navoja (in) &#8211; F-M cijevni fit je napravljen od kompozita polipropilena oja\u010danog staklenim<\/p>\n","protected":false},"featured_media":5752626,"comment_status":"open","ping_status":"closed","template":"","meta":[],"product_brand":[3356],"product_cat":[1661],"product_tag":[],"class_list":{"0":"post-5756268","1":"product","2":"type-product","3":"status-publish","4":"has-post-thumbnail","6":"product_brand-seaflow-hr","7":"product_cat-elementi-brodskog-vovovoda-plastika","9":"first","10":"instock","11":"shipping-taxable","12":"purchasable","13":"product-type-simple"},"_links":{"self":[{"href":"https:\/\/stoic-curie.212-227-153-4.plesk.page\/hr\/wp-json\/wp\/v2\/product\/5756268","targetHints":{"allow":["GET"]}}],"collection":[{"href":"https:\/\/stoic-curie.212-227-153-4.plesk.page\/hr\/wp-json\/wp\/v2\/product"}],"about":[{"href":"https:\/\/stoic-curie.212-227-153-4.plesk.page\/hr\/wp-json\/wp\/v2\/types\/product"}],"replies":[{"embeddable":true,"href":"https:\/\/stoic-curie.212-227-153-4.plesk.page\/hr\/wp-json\/wp\/v2\/comments?post=5756268"}],"version-history":[{"count":0,"href":"https:\/\/stoic-curie.212-227-153-4.plesk.page\/hr\/wp-json\/wp\/v2\/product\/5756268\/revisions"}],"wp:featuredmedia":[{"embeddable":true,"href":"https:\/\/stoic-curie.212-227-153-4.plesk.page\/hr\/wp-json\/wp\/v2\/media\/5752626"}],"wp:attachment":[{"href":"https:\/\/stoic-curie.212-227-153-4.plesk.page\/hr\/wp-json\/wp\/v2\/media?parent=5756268"}],"wp:term":[{"taxonomy":"product_brand","embeddable":true,"href":"https:\/\/stoic-curie.212-227-153-4.plesk.page\/hr\/wp-json\/wp\/v2\/product_brand?post=5756268"},{"taxonomy":"product_cat","embeddable":true,"href":"https:\/\/stoic-curie.212-227-153-4.plesk.page\/hr\/wp-json\/wp\/v2\/product_cat?post=5756268"},{"taxonomy":"product_tag","embeddable":true,"href":"https:\/\/stoic-curie.212-227-153-4.plesk.page\/hr\/wp-json\/wp\/v2\/product_tag?post=5756268"}],"curies":[{"name":"wp","href":"https:\/\/api.w.org\/{rel}","templated":true}]}}