{"id":5756269,"date":"2026-02-12T13:47:42","date_gmt":"2026-02-12T12:47:42","guid":{"rendered":"https:\/\/stoic-curie.212-227-153-4.plesk.page\/product\/f-m-cijevna-prikljucnica-g-1-x-1-2-niti\/"},"modified":"2026-02-25T00:01:35","modified_gmt":"2026-02-25T00:01:35","slug":"f-m-cijevna-prikljucnica-g-1-x-1-2-niti","status":"publish","type":"product","link":"https:\/\/stoic-curie.212-227-153-4.plesk.page\/hr\/product\/f-m-cijevna-prikljucnica-g-1-x-1-2-niti\/","title":{"rendered":"F-m Cijevna Priklju\u010dnica G 1&#8243; x 1\/2 Niti"},"content":{"rendered":"<p>F-m Cijevna Priklju\u010dnica G 1&#8243; x 1\/2 Niti &#8211; <\/p>\n<p>F-M cijevna priklju\u010dnica izra\u0111ena je od kompozitnog polipropilena oja\u010danog staklenim vlaknima, osiguravaju\u0107i superiornu integritet niti i zaptivenost pod pritiskom. Otporna je na abraziju i tro\u0161enje, te je slobodna od kemijske i galvanske korozije. Ovaj proizvod prikladan je za prolaz svje\u017ee vode u skladu s CE 10\/2011 i DM174\/2004. Mo\u017ee podnijeti radni tlak do 10 bara pri maksimalnoj temperaturi od 100 \u00b0C.<\/p>\n","protected":false},"excerpt":{"rendered":"<p>F-m Cijevna Priklju\u010dnica G 1&#8243; x 1\/2 Niti &#8211; F-M cijevna priklju\u010dnica izra\u0111ena je od kompozitnog polipropilena oja\u010danog staklenim vlaknima,<\/p>\n","protected":false},"featured_media":5752626,"comment_status":"open","ping_status":"closed","template":"","meta":[],"product_brand":[3356],"product_cat":[1661],"product_tag":[],"class_list":{"0":"post-5756269","1":"product","2":"type-product","3":"status-publish","4":"has-post-thumbnail","6":"product_brand-seaflow-hr","7":"product_cat-elementi-brodskog-vovovoda-plastika","9":"first","10":"instock","11":"shipping-taxable","12":"purchasable","13":"product-type-simple"},"_links":{"self":[{"href":"https:\/\/stoic-curie.212-227-153-4.plesk.page\/hr\/wp-json\/wp\/v2\/product\/5756269","targetHints":{"allow":["GET"]}}],"collection":[{"href":"https:\/\/stoic-curie.212-227-153-4.plesk.page\/hr\/wp-json\/wp\/v2\/product"}],"about":[{"href":"https:\/\/stoic-curie.212-227-153-4.plesk.page\/hr\/wp-json\/wp\/v2\/types\/product"}],"replies":[{"embeddable":true,"href":"https:\/\/stoic-curie.212-227-153-4.plesk.page\/hr\/wp-json\/wp\/v2\/comments?post=5756269"}],"version-history":[{"count":0,"href":"https:\/\/stoic-curie.212-227-153-4.plesk.page\/hr\/wp-json\/wp\/v2\/product\/5756269\/revisions"}],"wp:featuredmedia":[{"embeddable":true,"href":"https:\/\/stoic-curie.212-227-153-4.plesk.page\/hr\/wp-json\/wp\/v2\/media\/5752626"}],"wp:attachment":[{"href":"https:\/\/stoic-curie.212-227-153-4.plesk.page\/hr\/wp-json\/wp\/v2\/media?parent=5756269"}],"wp:term":[{"taxonomy":"product_brand","embeddable":true,"href":"https:\/\/stoic-curie.212-227-153-4.plesk.page\/hr\/wp-json\/wp\/v2\/product_brand?post=5756269"},{"taxonomy":"product_cat","embeddable":true,"href":"https:\/\/stoic-curie.212-227-153-4.plesk.page\/hr\/wp-json\/wp\/v2\/product_cat?post=5756269"},{"taxonomy":"product_tag","embeddable":true,"href":"https:\/\/stoic-curie.212-227-153-4.plesk.page\/hr\/wp-json\/wp\/v2\/product_tag?post=5756269"}],"curies":[{"name":"wp","href":"https:\/\/api.w.org\/{rel}","templated":true}]}}