{"id":5756274,"date":"2026-02-12T13:47:45","date_gmt":"2026-02-12T12:47:45","guid":{"rendered":"https:\/\/stoic-curie.212-227-153-4.plesk.page\/product\/f-m-cijevna-spajalista-g-11-2-x-3-4-navoja\/"},"modified":"2026-02-25T00:01:35","modified_gmt":"2026-02-25T00:01:35","slug":"f-m-cijevna-spajalista-g-11-2-x-3-4-navoja","status":"publish","type":"product","link":"https:\/\/stoic-curie.212-227-153-4.plesk.page\/hr\/product\/f-m-cijevna-spajalista-g-11-2-x-3-4-navoja\/","title":{"rendered":"F-M Cijevna Spajali\u0161ta G 1&#8243;1\/2 x 3\/4 Navoja"},"content":{"rendered":"<p>F-M Cijevna Spajali\u0161ta G 1&#8243;1\/2 x 3\/4 Navoja &#8211; <\/p>\n<p>F-M cijevna spajali\u0161ta izra\u0111ena od kompozitnog polipropilena oja\u010danog staklenim vlaknima. Pru\u017ea superiornu brtvenost navojem i tlakom, otporna je na abraziju i tro\u0161enje, te je bez kemijske i galvanske korozije. Pogodna za prolaz svje\u017ee vode prema CE 10\/2011 i DM174\/2004. Radni tlak je 10 bara pri maksimalnih 100\u00b0C.<\/p>\n","protected":false},"excerpt":{"rendered":"<p>F-M Cijevna Spajali\u0161ta G 1&#8243;1\/2 x 3\/4 Navoja &#8211; F-M cijevna spajali\u0161ta izra\u0111ena od kompozitnog polipropilena oja\u010danog staklenim vlaknima. Pru\u017ea<\/p>\n","protected":false},"featured_media":5752626,"comment_status":"open","ping_status":"closed","template":"","meta":[],"product_brand":[3356],"product_cat":[1661],"product_tag":[],"class_list":{"0":"post-5756274","1":"product","2":"type-product","3":"status-publish","4":"has-post-thumbnail","6":"product_brand-seaflow-hr","7":"product_cat-elementi-brodskog-vovovoda-plastika","9":"first","10":"instock","11":"shipping-taxable","12":"purchasable","13":"product-type-simple"},"_links":{"self":[{"href":"https:\/\/stoic-curie.212-227-153-4.plesk.page\/hr\/wp-json\/wp\/v2\/product\/5756274","targetHints":{"allow":["GET"]}}],"collection":[{"href":"https:\/\/stoic-curie.212-227-153-4.plesk.page\/hr\/wp-json\/wp\/v2\/product"}],"about":[{"href":"https:\/\/stoic-curie.212-227-153-4.plesk.page\/hr\/wp-json\/wp\/v2\/types\/product"}],"replies":[{"embeddable":true,"href":"https:\/\/stoic-curie.212-227-153-4.plesk.page\/hr\/wp-json\/wp\/v2\/comments?post=5756274"}],"version-history":[{"count":0,"href":"https:\/\/stoic-curie.212-227-153-4.plesk.page\/hr\/wp-json\/wp\/v2\/product\/5756274\/revisions"}],"wp:featuredmedia":[{"embeddable":true,"href":"https:\/\/stoic-curie.212-227-153-4.plesk.page\/hr\/wp-json\/wp\/v2\/media\/5752626"}],"wp:attachment":[{"href":"https:\/\/stoic-curie.212-227-153-4.plesk.page\/hr\/wp-json\/wp\/v2\/media?parent=5756274"}],"wp:term":[{"taxonomy":"product_brand","embeddable":true,"href":"https:\/\/stoic-curie.212-227-153-4.plesk.page\/hr\/wp-json\/wp\/v2\/product_brand?post=5756274"},{"taxonomy":"product_cat","embeddable":true,"href":"https:\/\/stoic-curie.212-227-153-4.plesk.page\/hr\/wp-json\/wp\/v2\/product_cat?post=5756274"},{"taxonomy":"product_tag","embeddable":true,"href":"https:\/\/stoic-curie.212-227-153-4.plesk.page\/hr\/wp-json\/wp\/v2\/product_tag?post=5756274"}],"curies":[{"name":"wp","href":"https:\/\/api.w.org\/{rel}","templated":true}]}}