{"id":5756282,"date":"2026-02-12T13:47:51","date_gmt":"2026-02-12T12:47:51","guid":{"rendered":"https:\/\/stoic-curie.212-227-153-4.plesk.page\/product\/m-glavni-uticnica-g-1-navoj\/"},"modified":"2026-02-25T00:01:35","modified_gmt":"2026-02-25T00:01:35","slug":"m-glavni-uticnica-g-1-navoj","status":"publish","type":"product","link":"https:\/\/stoic-curie.212-227-153-4.plesk.page\/hr\/product\/m-glavni-uticnica-g-1-navoj\/","title":{"rendered":"M Glavni Uti\u010dnica G 1&#8243; Navoj"},"content":{"rendered":"<p>M Glavni Uti\u010dnica G 1&#8243; Navoj &#8211; <\/p>\n<p>M uti\u010dnica napravljena od kompozitnog polipropilena oja\u010danog staklenim vlaknima. Ima superiornu navojnu i pritisnu nepropusnost, otporna je na abraziju i habanje te je bez kemijske i galvanijske korozije. Pogodna za protok slatkovodne u skladu s CE 10\/2011 i DM174\/2004. Radni tlak do 10 bara na maksimalnoj temperaturi od 100 \u00b0C.<\/p>\n","protected":false},"excerpt":{"rendered":"<p>M Glavni Uti\u010dnica G 1&#8243; Navoj &#8211; M uti\u010dnica napravljena od kompozitnog polipropilena oja\u010danog staklenim vlaknima. Ima superiornu navojnu i<\/p>\n","protected":false},"featured_media":5752654,"comment_status":"open","ping_status":"closed","template":"","meta":[],"product_brand":[3356],"product_cat":[1661],"product_tag":[],"class_list":{"0":"post-5756282","1":"product","2":"type-product","3":"status-publish","4":"has-post-thumbnail","6":"product_brand-seaflow-hr","7":"product_cat-elementi-brodskog-vovovoda-plastika","9":"first","10":"instock","11":"shipping-taxable","12":"purchasable","13":"product-type-simple"},"_links":{"self":[{"href":"https:\/\/stoic-curie.212-227-153-4.plesk.page\/hr\/wp-json\/wp\/v2\/product\/5756282","targetHints":{"allow":["GET"]}}],"collection":[{"href":"https:\/\/stoic-curie.212-227-153-4.plesk.page\/hr\/wp-json\/wp\/v2\/product"}],"about":[{"href":"https:\/\/stoic-curie.212-227-153-4.plesk.page\/hr\/wp-json\/wp\/v2\/types\/product"}],"replies":[{"embeddable":true,"href":"https:\/\/stoic-curie.212-227-153-4.plesk.page\/hr\/wp-json\/wp\/v2\/comments?post=5756282"}],"version-history":[{"count":0,"href":"https:\/\/stoic-curie.212-227-153-4.plesk.page\/hr\/wp-json\/wp\/v2\/product\/5756282\/revisions"}],"wp:featuredmedia":[{"embeddable":true,"href":"https:\/\/stoic-curie.212-227-153-4.plesk.page\/hr\/wp-json\/wp\/v2\/media\/5752654"}],"wp:attachment":[{"href":"https:\/\/stoic-curie.212-227-153-4.plesk.page\/hr\/wp-json\/wp\/v2\/media?parent=5756282"}],"wp:term":[{"taxonomy":"product_brand","embeddable":true,"href":"https:\/\/stoic-curie.212-227-153-4.plesk.page\/hr\/wp-json\/wp\/v2\/product_brand?post=5756282"},{"taxonomy":"product_cat","embeddable":true,"href":"https:\/\/stoic-curie.212-227-153-4.plesk.page\/hr\/wp-json\/wp\/v2\/product_cat?post=5756282"},{"taxonomy":"product_tag","embeddable":true,"href":"https:\/\/stoic-curie.212-227-153-4.plesk.page\/hr\/wp-json\/wp\/v2\/product_tag?post=5756282"}],"curies":[{"name":"wp","href":"https:\/\/api.w.org\/{rel}","templated":true}]}}