{"id":5756283,"date":"2026-02-12T13:47:52","date_gmt":"2026-02-12T12:47:52","guid":{"rendered":"https:\/\/stoic-curie.212-227-153-4.plesk.page\/product\/m-glavni-cep-g-11-4-navoj\/"},"modified":"2026-02-25T00:01:35","modified_gmt":"2026-02-25T00:01:35","slug":"m-glavni-cep-g-11-4-navoj","status":"publish","type":"product","link":"https:\/\/stoic-curie.212-227-153-4.plesk.page\/hr\/product\/m-glavni-cep-g-11-4-navoj\/","title":{"rendered":"M glavni \u010dep G 1&#8243;1\/4 navoj"},"content":{"rendered":"<p>M glavni \u010dep G 1&#8243;1\/4 navoj &#8211; <\/p>\n<p>M glavni \u010dep izra\u0111en je od kompozitnog polipropilena oja\u010danog staklenim vlaknima. Nudi vrhunsku zategnutost navoja i pritiska, otporan je na abraziju, habanje, te je slobodan od kemijske i galvanske korozije. Ovaj proizvod je prikladan za prolaz slatke vode u skladu s CE 10\/2011 i DM174\/2004. Radni tlak je 10 bara pri maksimalnoj temperaturi od 100\u00b0C.<\/p>\n","protected":false},"excerpt":{"rendered":"<p>M glavni \u010dep G 1&#8243;1\/4 navoj &#8211; M glavni \u010dep izra\u0111en je od kompozitnog polipropilena oja\u010danog staklenim vlaknima. Nudi vrhunsku<\/p>\n","protected":false},"featured_media":5752654,"comment_status":"open","ping_status":"closed","template":"","meta":[],"product_brand":[3356],"product_cat":[1661],"product_tag":[],"class_list":{"0":"post-5756283","1":"product","2":"type-product","3":"status-publish","4":"has-post-thumbnail","6":"product_brand-seaflow-hr","7":"product_cat-elementi-brodskog-vovovoda-plastika","9":"first","10":"instock","11":"shipping-taxable","12":"purchasable","13":"product-type-simple"},"_links":{"self":[{"href":"https:\/\/stoic-curie.212-227-153-4.plesk.page\/hr\/wp-json\/wp\/v2\/product\/5756283","targetHints":{"allow":["GET"]}}],"collection":[{"href":"https:\/\/stoic-curie.212-227-153-4.plesk.page\/hr\/wp-json\/wp\/v2\/product"}],"about":[{"href":"https:\/\/stoic-curie.212-227-153-4.plesk.page\/hr\/wp-json\/wp\/v2\/types\/product"}],"replies":[{"embeddable":true,"href":"https:\/\/stoic-curie.212-227-153-4.plesk.page\/hr\/wp-json\/wp\/v2\/comments?post=5756283"}],"version-history":[{"count":0,"href":"https:\/\/stoic-curie.212-227-153-4.plesk.page\/hr\/wp-json\/wp\/v2\/product\/5756283\/revisions"}],"wp:featuredmedia":[{"embeddable":true,"href":"https:\/\/stoic-curie.212-227-153-4.plesk.page\/hr\/wp-json\/wp\/v2\/media\/5752654"}],"wp:attachment":[{"href":"https:\/\/stoic-curie.212-227-153-4.plesk.page\/hr\/wp-json\/wp\/v2\/media?parent=5756283"}],"wp:term":[{"taxonomy":"product_brand","embeddable":true,"href":"https:\/\/stoic-curie.212-227-153-4.plesk.page\/hr\/wp-json\/wp\/v2\/product_brand?post=5756283"},{"taxonomy":"product_cat","embeddable":true,"href":"https:\/\/stoic-curie.212-227-153-4.plesk.page\/hr\/wp-json\/wp\/v2\/product_cat?post=5756283"},{"taxonomy":"product_tag","embeddable":true,"href":"https:\/\/stoic-curie.212-227-153-4.plesk.page\/hr\/wp-json\/wp\/v2\/product_tag?post=5756283"}],"curies":[{"name":"wp","href":"https:\/\/api.w.org\/{rel}","templated":true}]}}