{"id":5756284,"date":"2026-02-12T13:47:52","date_gmt":"2026-02-12T12:47:52","guid":{"rendered":"https:\/\/stoic-curie.212-227-153-4.plesk.page\/product\/m-kapa-g-11-2-niti\/"},"modified":"2026-02-25T00:01:35","modified_gmt":"2026-02-25T00:01:35","slug":"m-kapa-g-11-2-niti","status":"publish","type":"product","link":"https:\/\/stoic-curie.212-227-153-4.plesk.page\/hr\/product\/m-kapa-g-11-2-niti\/","title":{"rendered":"M Kapa G 1&#8243;1\/2 Niti"},"content":{"rendered":"<p>M Kapa G 1&#8243;1\/2 Niti &#8211; <\/p>\n<p>M kapa izra\u0111ena je od kompozitnog polipropilena oja\u010danog staklenim vlaknima. Pru\u017ea superiornu integritet navoj i pritisnu zaptivnost, pokazuju\u0107i izvrsnu otpornost na habanje i tro\u0161enje, a tako\u0111er je slobodna od kemijske i galvanske korozije. Ova kapa je pogodna za prolaz slatke vode u skladu s CE 10\/2011 i DM174\/2004 regulativama. Radni tlak iznosi do 10 bara pri maksimalnoj temperaturi od 100\u00b0C.<\/p>\n","protected":false},"excerpt":{"rendered":"<p>M Kapa G 1&#8243;1\/2 Niti &#8211; M kapa izra\u0111ena je od kompozitnog polipropilena oja\u010danog staklenim vlaknima. Pru\u017ea superiornu integritet navoj<\/p>\n","protected":false},"featured_media":5752654,"comment_status":"open","ping_status":"closed","template":"","meta":[],"product_brand":[3356],"product_cat":[1661],"product_tag":[],"class_list":{"0":"post-5756284","1":"product","2":"type-product","3":"status-publish","4":"has-post-thumbnail","6":"product_brand-seaflow-hr","7":"product_cat-elementi-brodskog-vovovoda-plastika","9":"first","10":"instock","11":"shipping-taxable","12":"purchasable","13":"product-type-simple"},"_links":{"self":[{"href":"https:\/\/stoic-curie.212-227-153-4.plesk.page\/hr\/wp-json\/wp\/v2\/product\/5756284","targetHints":{"allow":["GET"]}}],"collection":[{"href":"https:\/\/stoic-curie.212-227-153-4.plesk.page\/hr\/wp-json\/wp\/v2\/product"}],"about":[{"href":"https:\/\/stoic-curie.212-227-153-4.plesk.page\/hr\/wp-json\/wp\/v2\/types\/product"}],"replies":[{"embeddable":true,"href":"https:\/\/stoic-curie.212-227-153-4.plesk.page\/hr\/wp-json\/wp\/v2\/comments?post=5756284"}],"version-history":[{"count":0,"href":"https:\/\/stoic-curie.212-227-153-4.plesk.page\/hr\/wp-json\/wp\/v2\/product\/5756284\/revisions"}],"wp:featuredmedia":[{"embeddable":true,"href":"https:\/\/stoic-curie.212-227-153-4.plesk.page\/hr\/wp-json\/wp\/v2\/media\/5752654"}],"wp:attachment":[{"href":"https:\/\/stoic-curie.212-227-153-4.plesk.page\/hr\/wp-json\/wp\/v2\/media?parent=5756284"}],"wp:term":[{"taxonomy":"product_brand","embeddable":true,"href":"https:\/\/stoic-curie.212-227-153-4.plesk.page\/hr\/wp-json\/wp\/v2\/product_brand?post=5756284"},{"taxonomy":"product_cat","embeddable":true,"href":"https:\/\/stoic-curie.212-227-153-4.plesk.page\/hr\/wp-json\/wp\/v2\/product_cat?post=5756284"},{"taxonomy":"product_tag","embeddable":true,"href":"https:\/\/stoic-curie.212-227-153-4.plesk.page\/hr\/wp-json\/wp\/v2\/product_tag?post=5756284"}],"curies":[{"name":"wp","href":"https:\/\/api.w.org\/{rel}","templated":true}]}}