{"id":5756286,"date":"2026-02-12T13:47:54","date_gmt":"2026-02-12T12:47:54","guid":{"rendered":"https:\/\/stoic-curie.212-227-153-4.plesk.page\/product\/johnson-aqua-void-automatska-pumpa-za-isusivanje-ref-500\/"},"modified":"2026-02-25T00:01:35","modified_gmt":"2026-02-25T00:01:35","slug":"johnson-aqua-void-automatska-pumpa-za-isusivanje-ref-500","status":"publish","type":"product","link":"https:\/\/stoic-curie.212-227-153-4.plesk.page\/hr\/product\/johnson-aqua-void-automatska-pumpa-za-isusivanje-ref-500\/","title":{"rendered":"Johnson Aqua Void Automatska Pumpa za Isu\u0161ivanje Ref 500"},"content":{"rendered":"<p>Johnson Aqua Void Automatska Pumpa za Isu\u0161ivanje Ref 500 &#8211; <\/p>\n<p>Johnson Aqua Void automatska potopna pumpa za isu\u0161ivanje dizajnirana je za izvanrednu kvalitetu i izdr\u017eljivost. Ima odvojivu bazu i glavu za jednostavno \u010di\u0161\u0107enje. Ova pumpa elektronicky nadzire prisutnost vode bez potrebe za plovnim prekida\u010dem, jam\u010de\u0107i gotovo nulti ampere potro\u0161nje kako bi se sprije\u010dilo pra\u017enjenje baterije. Uklju\u010deni su vodonepropusni kabelski prolaz, rezervne osigura\u010de i Deutsch konektor za brzo isklju\u010divanje tijekom odr\u017eavanja. Izgra\u0111ena od termoset materijala, ima zape\u010da\u0107en motor hla\u0111en vodom i osovinu od nehr\u0111aju\u0107eg \u010delika. Dolazi s izlazom s navojem od 3\/4&#8243; zajedno s 20 mm ravnim i kutnim priklju\u010dcima, brtvom i povratnim ventilom. Dimenzije pumpe su 70 x 133 x H119 mm.<\/p>\n","protected":false},"excerpt":{"rendered":"<p>Johnson Aqua Void Automatska Pumpa za Isu\u0161ivanje Ref 500 &#8211; Johnson Aqua Void automatska potopna pumpa za isu\u0161ivanje dizajnirana je<\/p>\n","protected":false},"featured_media":5752668,"comment_status":"open","ping_status":"closed","template":"","meta":[],"product_brand":[3046],"product_cat":[1659],"product_tag":[],"class_list":{"0":"post-5756286","1":"product","2":"type-product","3":"status-publish","4":"has-post-thumbnail","6":"product_brand-johnson-marine-hr","7":"product_cat-elektricne-kaljuzne-pumpe","9":"first","10":"instock","11":"shipping-taxable","12":"purchasable","13":"product-type-simple"},"_links":{"self":[{"href":"https:\/\/stoic-curie.212-227-153-4.plesk.page\/hr\/wp-json\/wp\/v2\/product\/5756286","targetHints":{"allow":["GET"]}}],"collection":[{"href":"https:\/\/stoic-curie.212-227-153-4.plesk.page\/hr\/wp-json\/wp\/v2\/product"}],"about":[{"href":"https:\/\/stoic-curie.212-227-153-4.plesk.page\/hr\/wp-json\/wp\/v2\/types\/product"}],"replies":[{"embeddable":true,"href":"https:\/\/stoic-curie.212-227-153-4.plesk.page\/hr\/wp-json\/wp\/v2\/comments?post=5756286"}],"version-history":[{"count":0,"href":"https:\/\/stoic-curie.212-227-153-4.plesk.page\/hr\/wp-json\/wp\/v2\/product\/5756286\/revisions"}],"wp:featuredmedia":[{"embeddable":true,"href":"https:\/\/stoic-curie.212-227-153-4.plesk.page\/hr\/wp-json\/wp\/v2\/media\/5752668"}],"wp:attachment":[{"href":"https:\/\/stoic-curie.212-227-153-4.plesk.page\/hr\/wp-json\/wp\/v2\/media?parent=5756286"}],"wp:term":[{"taxonomy":"product_brand","embeddable":true,"href":"https:\/\/stoic-curie.212-227-153-4.plesk.page\/hr\/wp-json\/wp\/v2\/product_brand?post=5756286"},{"taxonomy":"product_cat","embeddable":true,"href":"https:\/\/stoic-curie.212-227-153-4.plesk.page\/hr\/wp-json\/wp\/v2\/product_cat?post=5756286"},{"taxonomy":"product_tag","embeddable":true,"href":"https:\/\/stoic-curie.212-227-153-4.plesk.page\/hr\/wp-json\/wp\/v2\/product_tag?post=5756286"}],"curies":[{"name":"wp","href":"https:\/\/api.w.org\/{rel}","templated":true}]}}