{"id":5756287,"date":"2026-02-12T13:47:54","date_gmt":"2026-02-12T12:47:54","guid":{"rendered":"https:\/\/stoic-curie.212-227-153-4.plesk.page\/product\/johnson-aqua-void-automatska-pumpa-za-bz-ref-800\/"},"modified":"2026-02-25T00:01:35","modified_gmt":"2026-02-25T00:01:35","slug":"johnson-aqua-void-automatska-pumpa-za-bz-ref-800","status":"publish","type":"product","link":"https:\/\/stoic-curie.212-227-153-4.plesk.page\/hr\/product\/johnson-aqua-void-automatska-pumpa-za-bz-ref-800\/","title":{"rendered":"Johnson Aqua Void Automatska Pumpa za B\u017d Ref 800"},"content":{"rendered":"<p>Johnson Aqua Void Automatska Pumpa za B\u017d Ref 800 &#8211; <\/p>\n<p>Automatska podvodna pumpa za ispu\u0161tanje Johnson Aqua Void dizajnirana je za superiornu kvalitetu i dugotrajnost. Ima uklonjivu bazu i glavu za jednostavno \u010di\u0161\u0107enje. Ova pumpa elektroni\u010dki prati prisutnost vode bez plovka preklopnika i ima gotovo nulti potro\u0161nju ampera koja sprje\u010dava pra\u017enjenje baterije. Dolazi s vodootpornom kabelskom spojkom, rezervnim osigura\u010dima i Deutsch priklju\u010dkom za brzi isklju\u010divanje tijekom odr\u017eavanja. Termoplasti\u010dno ku\u0107i\u0161te sadr\u017ei zatvoreni, vodeno hla\u0111eni motor s osovinom od nehr\u0111aju\u0107eg \u010delika. Uklju\u010duje 3\/4&#8243; navojni izlaz, zajedno s 20 mm ravnim i kutnim priklju\u010dnicima crijeva, brtvom i ventilom za ne vra\u0107anje. Dimenzije pumpe su 70 x 133 x H119 mm.<\/p>\n","protected":false},"excerpt":{"rendered":"<p>Johnson Aqua Void Automatska Pumpa za B\u017d Ref 800 &#8211; Automatska podvodna pumpa za ispu\u0161tanje Johnson Aqua Void dizajnirana je<\/p>\n","protected":false},"featured_media":5752668,"comment_status":"open","ping_status":"closed","template":"","meta":[],"product_brand":[3046],"product_cat":[1659],"product_tag":[],"class_list":{"0":"post-5756287","1":"product","2":"type-product","3":"status-publish","4":"has-post-thumbnail","6":"product_brand-johnson-marine-hr","7":"product_cat-elektricne-kaljuzne-pumpe","9":"first","10":"instock","11":"shipping-taxable","12":"purchasable","13":"product-type-simple"},"_links":{"self":[{"href":"https:\/\/stoic-curie.212-227-153-4.plesk.page\/hr\/wp-json\/wp\/v2\/product\/5756287","targetHints":{"allow":["GET"]}}],"collection":[{"href":"https:\/\/stoic-curie.212-227-153-4.plesk.page\/hr\/wp-json\/wp\/v2\/product"}],"about":[{"href":"https:\/\/stoic-curie.212-227-153-4.plesk.page\/hr\/wp-json\/wp\/v2\/types\/product"}],"replies":[{"embeddable":true,"href":"https:\/\/stoic-curie.212-227-153-4.plesk.page\/hr\/wp-json\/wp\/v2\/comments?post=5756287"}],"version-history":[{"count":0,"href":"https:\/\/stoic-curie.212-227-153-4.plesk.page\/hr\/wp-json\/wp\/v2\/product\/5756287\/revisions"}],"wp:featuredmedia":[{"embeddable":true,"href":"https:\/\/stoic-curie.212-227-153-4.plesk.page\/hr\/wp-json\/wp\/v2\/media\/5752668"}],"wp:attachment":[{"href":"https:\/\/stoic-curie.212-227-153-4.plesk.page\/hr\/wp-json\/wp\/v2\/media?parent=5756287"}],"wp:term":[{"taxonomy":"product_brand","embeddable":true,"href":"https:\/\/stoic-curie.212-227-153-4.plesk.page\/hr\/wp-json\/wp\/v2\/product_brand?post=5756287"},{"taxonomy":"product_cat","embeddable":true,"href":"https:\/\/stoic-curie.212-227-153-4.plesk.page\/hr\/wp-json\/wp\/v2\/product_cat?post=5756287"},{"taxonomy":"product_tag","embeddable":true,"href":"https:\/\/stoic-curie.212-227-153-4.plesk.page\/hr\/wp-json\/wp\/v2\/product_tag?post=5756287"}],"curies":[{"name":"wp","href":"https:\/\/api.w.org\/{rel}","templated":true}]}}