{"id":5756289,"date":"2026-02-12T13:47:56","date_gmt":"2026-02-12T12:47:56","guid":{"rendered":"https:\/\/stoic-curie.212-227-153-4.plesk.page\/product\/samoprimajuci-cirkulacijski-pumpa-marco-up12-lp\/"},"modified":"2026-02-25T00:01:35","modified_gmt":"2026-02-25T00:01:35","slug":"samoprimajuci-cirkulacijski-pumpa-marco-up12-lp","status":"publish","type":"product","link":"https:\/\/stoic-curie.212-227-153-4.plesk.page\/hr\/product\/samoprimajuci-cirkulacijski-pumpa-marco-up12-lp\/","title":{"rendered":"Samoprimaju\u0107i cirkulacijski pumpa Marco UP12-LP"},"content":{"rendered":"<p>Samoprimaju\u0107i cirkulacijski pumpa Marco UP12-LP &#8211; <\/p>\n<p>Samoprimaju\u0107i zup\u010dasta pumpa model UP12-LP dizajnirana je za kontinuiranu upotrebu. Njeno ku\u0107i\u0161te je od nikl-pozla\u0107enog mesinga, sa PEEK zup\u010danicima i osovinom od nehr\u0111aju\u0107eg \u010delika 316, \u0161to osigurava izvrsnu mehani\u010dku i kemijsku otpornost. Pumpa je samoprimaju\u0107a do 3 metra i dolazi s inline filtrom za za\u0161titu kruga. <br \/> Idealan je za recirkulaciju i prijenos vode ili kompatibilnih teku\u0107ina, te za hla\u0111enje, klimatizaciju i pomo\u0107ne sustave na brodu. Pumpa radi tiho i zahtijeva malo odr\u017eavanja, \u0161to je \u010dini pogodnom za kontinuirane i te\u0161ke primjene.<\/p>\n","protected":false},"excerpt":{"rendered":"<p>Samoprimaju\u0107i cirkulacijski pumpa Marco UP12-LP &#8211; Samoprimaju\u0107i zup\u010dasta pumpa model UP12-LP dizajnirana je za kontinuiranu upotrebu. Njeno ku\u0107i\u0161te je od<\/p>\n","protected":false},"featured_media":5752676,"comment_status":"open","ping_status":"closed","template":"","meta":[],"product_brand":[3096],"product_cat":[1671,1659],"product_tag":[],"class_list":{"0":"post-5756289","1":"product","2":"type-product","3":"status-publish","4":"has-post-thumbnail","6":"product_brand-marco-hr","7":"product_cat-cirkulacijske-crpke","8":"product_cat-elektricne-kaljuzne-pumpe","10":"first","11":"instock","12":"shipping-taxable","13":"purchasable","14":"product-type-simple"},"_links":{"self":[{"href":"https:\/\/stoic-curie.212-227-153-4.plesk.page\/hr\/wp-json\/wp\/v2\/product\/5756289","targetHints":{"allow":["GET"]}}],"collection":[{"href":"https:\/\/stoic-curie.212-227-153-4.plesk.page\/hr\/wp-json\/wp\/v2\/product"}],"about":[{"href":"https:\/\/stoic-curie.212-227-153-4.plesk.page\/hr\/wp-json\/wp\/v2\/types\/product"}],"replies":[{"embeddable":true,"href":"https:\/\/stoic-curie.212-227-153-4.plesk.page\/hr\/wp-json\/wp\/v2\/comments?post=5756289"}],"version-history":[{"count":0,"href":"https:\/\/stoic-curie.212-227-153-4.plesk.page\/hr\/wp-json\/wp\/v2\/product\/5756289\/revisions"}],"wp:featuredmedia":[{"embeddable":true,"href":"https:\/\/stoic-curie.212-227-153-4.plesk.page\/hr\/wp-json\/wp\/v2\/media\/5752676"}],"wp:attachment":[{"href":"https:\/\/stoic-curie.212-227-153-4.plesk.page\/hr\/wp-json\/wp\/v2\/media?parent=5756289"}],"wp:term":[{"taxonomy":"product_brand","embeddable":true,"href":"https:\/\/stoic-curie.212-227-153-4.plesk.page\/hr\/wp-json\/wp\/v2\/product_brand?post=5756289"},{"taxonomy":"product_cat","embeddable":true,"href":"https:\/\/stoic-curie.212-227-153-4.plesk.page\/hr\/wp-json\/wp\/v2\/product_cat?post=5756289"},{"taxonomy":"product_tag","embeddable":true,"href":"https:\/\/stoic-curie.212-227-153-4.plesk.page\/hr\/wp-json\/wp\/v2\/product_tag?post=5756289"}],"curies":[{"name":"wp","href":"https:\/\/api.w.org\/{rel}","templated":true}]}}