{"id":5756291,"date":"2026-02-12T13:47:57","date_gmt":"2026-02-12T12:47:57","guid":{"rendered":"https:\/\/stoic-curie.212-227-153-4.plesk.page\/product\/pwm-solarni-regulator-punjenja-max-30a-max-50v-ulaz-12-24v-izlaz-baterije\/"},"modified":"2026-02-25T00:01:35","modified_gmt":"2026-02-25T00:01:35","slug":"pwm-solarni-regulator-punjenja-max-30a-max-50v-ulaz-12-24v-izlaz-baterije","status":"publish","type":"product","link":"https:\/\/stoic-curie.212-227-153-4.plesk.page\/hr\/product\/pwm-solarni-regulator-punjenja-max-30a-max-50v-ulaz-12-24v-izlaz-baterije\/","title":{"rendered":"PWM Solarni Regulator punjenja (Max 30A, Max 50V Ulaz, 12\/24V Izlaz Baterije)"},"content":{"rendered":"<p>PWM Solarni Regulator punjenja (Max 30A, Max 50V Ulaz, 12\/24V Izlaz Baterije) &#8211; <\/p>\n<p>Kontrolor punjenja PWM s 3 razine dizajniran za fotonaponske sustave. Kompatibilan sa svim olovnim akumulatorima, uklju\u010duju\u0107i AGM i gel. Napomena: Nije kompatibilan s litijskim i NiMH baterijama. Opremljen LED zaslonom, dvostrukom USB uti\u010dnicom od 2A, gumbom za postavke punjenja i MOS krugom koji \u0161titi od kratkog spoja, prenapona i obrnute polaritete.<\/p>\n","protected":false},"excerpt":{"rendered":"<p>PWM Solarni Regulator punjenja (Max 30A, Max 50V Ulaz, 12\/24V Izlaz Baterije) &#8211; Kontrolor punjenja PWM s 3 razine dizajniran<\/p>\n","protected":false},"featured_media":5752683,"comment_status":"open","ping_status":"closed","template":"","meta":[],"product_brand":[2831],"product_cat":[1749],"product_tag":[],"class_list":{"0":"post-5756291","1":"product","2":"type-product","3":"status-publish","4":"has-post-thumbnail","6":"product_brand-blue-sea-systems-hr","7":"product_cat-solarni-paneli","9":"first","10":"instock","11":"shipping-taxable","12":"purchasable","13":"product-type-simple"},"_links":{"self":[{"href":"https:\/\/stoic-curie.212-227-153-4.plesk.page\/hr\/wp-json\/wp\/v2\/product\/5756291","targetHints":{"allow":["GET"]}}],"collection":[{"href":"https:\/\/stoic-curie.212-227-153-4.plesk.page\/hr\/wp-json\/wp\/v2\/product"}],"about":[{"href":"https:\/\/stoic-curie.212-227-153-4.plesk.page\/hr\/wp-json\/wp\/v2\/types\/product"}],"replies":[{"embeddable":true,"href":"https:\/\/stoic-curie.212-227-153-4.plesk.page\/hr\/wp-json\/wp\/v2\/comments?post=5756291"}],"version-history":[{"count":0,"href":"https:\/\/stoic-curie.212-227-153-4.plesk.page\/hr\/wp-json\/wp\/v2\/product\/5756291\/revisions"}],"wp:featuredmedia":[{"embeddable":true,"href":"https:\/\/stoic-curie.212-227-153-4.plesk.page\/hr\/wp-json\/wp\/v2\/media\/5752683"}],"wp:attachment":[{"href":"https:\/\/stoic-curie.212-227-153-4.plesk.page\/hr\/wp-json\/wp\/v2\/media?parent=5756291"}],"wp:term":[{"taxonomy":"product_brand","embeddable":true,"href":"https:\/\/stoic-curie.212-227-153-4.plesk.page\/hr\/wp-json\/wp\/v2\/product_brand?post=5756291"},{"taxonomy":"product_cat","embeddable":true,"href":"https:\/\/stoic-curie.212-227-153-4.plesk.page\/hr\/wp-json\/wp\/v2\/product_cat?post=5756291"},{"taxonomy":"product_tag","embeddable":true,"href":"https:\/\/stoic-curie.212-227-153-4.plesk.page\/hr\/wp-json\/wp\/v2\/product_tag?post=5756291"}],"curies":[{"name":"wp","href":"https:\/\/api.w.org\/{rel}","templated":true}]}}