{"id":5756292,"date":"2026-02-12T13:47:58","date_gmt":"2026-02-12T12:47:58","guid":{"rendered":"https:\/\/stoic-curie.212-227-153-4.plesk.page\/product\/rigidni-odljev-solarnih-panoa-bijela\/"},"modified":"2026-02-25T00:01:35","modified_gmt":"2026-02-25T00:01:35","slug":"rigidni-odljev-solarnih-panoa-bijela","status":"publish","type":"product","link":"https:\/\/stoic-curie.212-227-153-4.plesk.page\/hr\/product\/rigidni-odljev-solarnih-panoa-bijela\/","title":{"rendered":"Rigidni Odljev Solarnih Panoa &#8211; Bijela"},"content":{"rendered":"<p>Rigidni Odljev Solarnih Panoa &#8211; Bijela &#8211; <\/p>\n<p>Ovaj kit za montiranje i u\u010dvr\u0161\u0107ivanje rigidnih solarnih panela uklju\u010duje \u0161est kutova za u\u010dvr\u0161\u0107ivanje i prolazni kabel s 90\u00b0 ulazom.<\/p>\n","protected":false},"excerpt":{"rendered":"<p>Rigidni Odljev Solarnih Panoa &#8211; Bijela &#8211; Ovaj kit za montiranje i u\u010dvr\u0161\u0107ivanje rigidnih solarnih panela uklju\u010duje \u0161est kutova za<\/p>\n","protected":false},"featured_media":5752686,"comment_status":"open","ping_status":"closed","template":"","meta":[],"product_brand":[2831],"product_cat":[1749],"product_tag":[],"class_list":{"0":"post-5756292","1":"product","2":"type-product","3":"status-publish","4":"has-post-thumbnail","6":"product_brand-blue-sea-systems-hr","7":"product_cat-solarni-paneli","9":"first","10":"instock","11":"shipping-taxable","12":"purchasable","13":"product-type-simple"},"_links":{"self":[{"href":"https:\/\/stoic-curie.212-227-153-4.plesk.page\/hr\/wp-json\/wp\/v2\/product\/5756292","targetHints":{"allow":["GET"]}}],"collection":[{"href":"https:\/\/stoic-curie.212-227-153-4.plesk.page\/hr\/wp-json\/wp\/v2\/product"}],"about":[{"href":"https:\/\/stoic-curie.212-227-153-4.plesk.page\/hr\/wp-json\/wp\/v2\/types\/product"}],"replies":[{"embeddable":true,"href":"https:\/\/stoic-curie.212-227-153-4.plesk.page\/hr\/wp-json\/wp\/v2\/comments?post=5756292"}],"version-history":[{"count":0,"href":"https:\/\/stoic-curie.212-227-153-4.plesk.page\/hr\/wp-json\/wp\/v2\/product\/5756292\/revisions"}],"wp:featuredmedia":[{"embeddable":true,"href":"https:\/\/stoic-curie.212-227-153-4.plesk.page\/hr\/wp-json\/wp\/v2\/media\/5752686"}],"wp:attachment":[{"href":"https:\/\/stoic-curie.212-227-153-4.plesk.page\/hr\/wp-json\/wp\/v2\/media?parent=5756292"}],"wp:term":[{"taxonomy":"product_brand","embeddable":true,"href":"https:\/\/stoic-curie.212-227-153-4.plesk.page\/hr\/wp-json\/wp\/v2\/product_brand?post=5756292"},{"taxonomy":"product_cat","embeddable":true,"href":"https:\/\/stoic-curie.212-227-153-4.plesk.page\/hr\/wp-json\/wp\/v2\/product_cat?post=5756292"},{"taxonomy":"product_tag","embeddable":true,"href":"https:\/\/stoic-curie.212-227-153-4.plesk.page\/hr\/wp-json\/wp\/v2\/product_tag?post=5756292"}],"curies":[{"name":"wp","href":"https:\/\/api.w.org\/{rel}","templated":true}]}}