{"id":5756294,"date":"2026-02-12T13:48:00","date_gmt":"2026-02-12T12:48:00","guid":{"rendered":"https:\/\/stoic-curie.212-227-153-4.plesk.page\/product\/200a-mini-master-prekidac-baterije-kontinuirani-200a-max-300a-struja\/"},"modified":"2026-02-25T00:01:35","modified_gmt":"2026-02-25T00:01:35","slug":"200a-mini-master-prekidac-baterije-kontinuirani-200a-max-300a-struja","status":"publish","type":"product","link":"https:\/\/stoic-curie.212-227-153-4.plesk.page\/hr\/product\/200a-mini-master-prekidac-baterije-kontinuirani-200a-max-300a-struja\/","title":{"rendered":"200A Mini Master Prekida\u010d Baterije &#8211; Kontinuirani 200A Max, 300A Struja"},"content":{"rendered":"<p>200A Mini Master Prekida\u010d Baterije &#8211; Kontinuirani 200A Max, 300A Struja &#8211; <\/p>\n<p>Ovaj prekida\u010d baterije za monta\u017eu na zid ili povr\u0161inu ima odvojivu kontrolu gumba za jednostavno upravljanje.<\/p>\n","protected":false},"excerpt":{"rendered":"<p>200A Mini Master Prekida\u010d Baterije &#8211; Kontinuirani 200A Max, 300A Struja &#8211; Ovaj prekida\u010d baterije za monta\u017eu na zid ili<\/p>\n","protected":false},"featured_media":5752691,"comment_status":"open","ping_status":"closed","template":"","meta":[],"product_brand":[2831],"product_cat":[1745],"product_tag":[],"class_list":{"0":"post-5756294","1":"product","2":"type-product","3":"status-publish","4":"has-post-thumbnail","6":"product_brand-blue-sea-systems-hr","7":"product_cat-prekidaci-baterija","9":"first","10":"instock","11":"shipping-taxable","12":"purchasable","13":"product-type-simple"},"_links":{"self":[{"href":"https:\/\/stoic-curie.212-227-153-4.plesk.page\/hr\/wp-json\/wp\/v2\/product\/5756294","targetHints":{"allow":["GET"]}}],"collection":[{"href":"https:\/\/stoic-curie.212-227-153-4.plesk.page\/hr\/wp-json\/wp\/v2\/product"}],"about":[{"href":"https:\/\/stoic-curie.212-227-153-4.plesk.page\/hr\/wp-json\/wp\/v2\/types\/product"}],"replies":[{"embeddable":true,"href":"https:\/\/stoic-curie.212-227-153-4.plesk.page\/hr\/wp-json\/wp\/v2\/comments?post=5756294"}],"version-history":[{"count":0,"href":"https:\/\/stoic-curie.212-227-153-4.plesk.page\/hr\/wp-json\/wp\/v2\/product\/5756294\/revisions"}],"wp:featuredmedia":[{"embeddable":true,"href":"https:\/\/stoic-curie.212-227-153-4.plesk.page\/hr\/wp-json\/wp\/v2\/media\/5752691"}],"wp:attachment":[{"href":"https:\/\/stoic-curie.212-227-153-4.plesk.page\/hr\/wp-json\/wp\/v2\/media?parent=5756294"}],"wp:term":[{"taxonomy":"product_brand","embeddable":true,"href":"https:\/\/stoic-curie.212-227-153-4.plesk.page\/hr\/wp-json\/wp\/v2\/product_brand?post=5756294"},{"taxonomy":"product_cat","embeddable":true,"href":"https:\/\/stoic-curie.212-227-153-4.plesk.page\/hr\/wp-json\/wp\/v2\/product_cat?post=5756294"},{"taxonomy":"product_tag","embeddable":true,"href":"https:\/\/stoic-curie.212-227-153-4.plesk.page\/hr\/wp-json\/wp\/v2\/product_tag?post=5756294"}],"curies":[{"name":"wp","href":"https:\/\/api.w.org\/{rel}","templated":true}]}}