{"id":5756297,"date":"2026-02-12T13:48:02","date_gmt":"2026-02-12T12:48:02","guid":{"rendered":"https:\/\/stoic-curie.212-227-153-4.plesk.page\/product\/prekidac-pokretanja-motora-pozicije-iskljuceno-ukljuceno-50a-3-pin\/"},"modified":"2026-02-25T00:01:35","modified_gmt":"2026-02-25T00:01:35","slug":"prekidac-pokretanja-motora-pozicije-iskljuceno-ukljuceno-50a-3-pin","status":"publish","type":"product","link":"https:\/\/stoic-curie.212-227-153-4.plesk.page\/hr\/product\/prekidac-pokretanja-motora-pozicije-iskljuceno-ukljuceno-50a-3-pin\/","title":{"rendered":"Prekida\u010d Pokretanja Motora Pozicije Isklju\u010deno-(Uklju\u010deno) 50A 3 Pin"},"content":{"rendered":"<p>Prekida\u010d Pokretanja Motora Pozicije Isklju\u010deno-(Uklju\u010deno) 50A 3 Pin &#8211; <\/p>\n<p>Vodootporni prekida\u010d za pokretanje motora za 12\/24V sustave. Dizajniran za ugradnju u rupu promjera 22mm s dubinom od 38mm.<\/p>\n","protected":false},"excerpt":{"rendered":"<p>Prekida\u010d Pokretanja Motora Pozicije Isklju\u010deno-(Uklju\u010deno) 50A 3 Pin &#8211; Vodootporni prekida\u010d za pokretanje motora za 12\/24V sustave. Dizajniran za ugradnju<\/p>\n","protected":false},"featured_media":5752697,"comment_status":"open","ping_status":"closed","template":"","meta":[],"product_brand":[3391],"product_cat":[1796],"product_tag":[],"class_list":{"0":"post-5756297","1":"product","2":"type-product","3":"status-publish","4":"has-post-thumbnail","6":"product_brand-sierra-marine-hr","7":"product_cat-prekidaci-za-paljenje","9":"first","10":"instock","11":"shipping-taxable","12":"purchasable","13":"product-type-simple"},"_links":{"self":[{"href":"https:\/\/stoic-curie.212-227-153-4.plesk.page\/hr\/wp-json\/wp\/v2\/product\/5756297","targetHints":{"allow":["GET"]}}],"collection":[{"href":"https:\/\/stoic-curie.212-227-153-4.plesk.page\/hr\/wp-json\/wp\/v2\/product"}],"about":[{"href":"https:\/\/stoic-curie.212-227-153-4.plesk.page\/hr\/wp-json\/wp\/v2\/types\/product"}],"replies":[{"embeddable":true,"href":"https:\/\/stoic-curie.212-227-153-4.plesk.page\/hr\/wp-json\/wp\/v2\/comments?post=5756297"}],"version-history":[{"count":0,"href":"https:\/\/stoic-curie.212-227-153-4.plesk.page\/hr\/wp-json\/wp\/v2\/product\/5756297\/revisions"}],"wp:featuredmedia":[{"embeddable":true,"href":"https:\/\/stoic-curie.212-227-153-4.plesk.page\/hr\/wp-json\/wp\/v2\/media\/5752697"}],"wp:attachment":[{"href":"https:\/\/stoic-curie.212-227-153-4.plesk.page\/hr\/wp-json\/wp\/v2\/media?parent=5756297"}],"wp:term":[{"taxonomy":"product_brand","embeddable":true,"href":"https:\/\/stoic-curie.212-227-153-4.plesk.page\/hr\/wp-json\/wp\/v2\/product_brand?post=5756297"},{"taxonomy":"product_cat","embeddable":true,"href":"https:\/\/stoic-curie.212-227-153-4.plesk.page\/hr\/wp-json\/wp\/v2\/product_cat?post=5756297"},{"taxonomy":"product_tag","embeddable":true,"href":"https:\/\/stoic-curie.212-227-153-4.plesk.page\/hr\/wp-json\/wp\/v2\/product_tag?post=5756297"}],"curies":[{"name":"wp","href":"https:\/\/api.w.org\/{rel}","templated":true}]}}