{"id":5756298,"date":"2026-02-12T13:48:03","date_gmt":"2026-02-12T12:48:03","guid":{"rendered":"https:\/\/stoic-curie.212-227-153-4.plesk.page\/product\/led-rotacijski-prekidac-od-nehrdajuceg-celika-on-off-5a-5-pinova\/"},"modified":"2026-02-25T00:01:35","modified_gmt":"2026-02-25T00:01:35","slug":"led-rotacijski-prekidac-od-nehrdajuceg-celika-on-off-5a-5-pinova","status":"publish","type":"product","link":"https:\/\/stoic-curie.212-227-153-4.plesk.page\/hr\/product\/led-rotacijski-prekidac-od-nehrdajuceg-celika-on-off-5a-5-pinova\/","title":{"rendered":"LED Rotacijski Prekida\u010d od Nehr\u0111aju\u0107eg \u010celika &#8211; On-Off &#8211; 5A &#8211; 5 Pinova"},"content":{"rendered":"<p>LED Rotacijski Prekida\u010d od Nehr\u0111aju\u0107eg \u010celika &#8211; On-Off &#8211; 5A &#8211; 5 Pinova &#8211; <\/p>\n<p>Ovaj rotacijski prekida\u010d od nehr\u0111aju\u0107eg \u010delika ima vodootporan dizajn IP67, idealan za 12V aplikacije. Uklju\u010duje LED indikator za lak\u0161u vidljivost i dizajniran je za ugradnju s 19 mm rupom. Dubina ugradnje iznosi 38 mm.<\/p>\n","protected":false},"excerpt":{"rendered":"<p>LED Rotacijski Prekida\u010d od Nehr\u0111aju\u0107eg \u010celika &#8211; On-Off &#8211; 5A &#8211; 5 Pinova &#8211; Ovaj rotacijski prekida\u010d od nehr\u0111aju\u0107eg \u010delika<\/p>\n","protected":false},"featured_media":5752699,"comment_status":"open","ping_status":"closed","template":"","meta":[],"product_brand":[2831],"product_cat":[1743],"product_tag":[],"class_list":{"0":"post-5756298","1":"product","2":"type-product","3":"status-publish","4":"has-post-thumbnail","6":"product_brand-blue-sea-systems-hr","7":"product_cat-elektricni-prekidaci","9":"first","10":"instock","11":"shipping-taxable","12":"purchasable","13":"product-type-simple"},"_links":{"self":[{"href":"https:\/\/stoic-curie.212-227-153-4.plesk.page\/hr\/wp-json\/wp\/v2\/product\/5756298","targetHints":{"allow":["GET"]}}],"collection":[{"href":"https:\/\/stoic-curie.212-227-153-4.plesk.page\/hr\/wp-json\/wp\/v2\/product"}],"about":[{"href":"https:\/\/stoic-curie.212-227-153-4.plesk.page\/hr\/wp-json\/wp\/v2\/types\/product"}],"replies":[{"embeddable":true,"href":"https:\/\/stoic-curie.212-227-153-4.plesk.page\/hr\/wp-json\/wp\/v2\/comments?post=5756298"}],"version-history":[{"count":0,"href":"https:\/\/stoic-curie.212-227-153-4.plesk.page\/hr\/wp-json\/wp\/v2\/product\/5756298\/revisions"}],"wp:featuredmedia":[{"embeddable":true,"href":"https:\/\/stoic-curie.212-227-153-4.plesk.page\/hr\/wp-json\/wp\/v2\/media\/5752699"}],"wp:attachment":[{"href":"https:\/\/stoic-curie.212-227-153-4.plesk.page\/hr\/wp-json\/wp\/v2\/media?parent=5756298"}],"wp:term":[{"taxonomy":"product_brand","embeddable":true,"href":"https:\/\/stoic-curie.212-227-153-4.plesk.page\/hr\/wp-json\/wp\/v2\/product_brand?post=5756298"},{"taxonomy":"product_cat","embeddable":true,"href":"https:\/\/stoic-curie.212-227-153-4.plesk.page\/hr\/wp-json\/wp\/v2\/product_cat?post=5756298"},{"taxonomy":"product_tag","embeddable":true,"href":"https:\/\/stoic-curie.212-227-153-4.plesk.page\/hr\/wp-json\/wp\/v2\/product_tag?post=5756298"}],"curies":[{"name":"wp","href":"https:\/\/api.w.org\/{rel}","templated":true}]}}