{"id":5756299,"date":"2026-02-12T13:48:03","date_gmt":"2026-02-12T12:48:03","guid":{"rendered":"https:\/\/stoic-curie.212-227-153-4.plesk.page\/product\/prekidac-s-kljucem-od-nehrdajuceg-celika-ukljuceno-iskljuceno-5a-3-pin\/"},"modified":"2026-02-25T00:01:35","modified_gmt":"2026-02-25T00:01:35","slug":"prekidac-s-kljucem-od-nehrdajuceg-celika-ukljuceno-iskljuceno-5a-3-pin","status":"publish","type":"product","link":"https:\/\/stoic-curie.212-227-153-4.plesk.page\/hr\/product\/prekidac-s-kljucem-od-nehrdajuceg-celika-ukljuceno-iskljuceno-5a-3-pin\/","title":{"rendered":"Prekida\u010d s Klju\u010dem od Nehr\u0111aju\u0107eg \u010celika &#8211; Uklju\u010deno\/Isklju\u010deno &#8211; 5A &#8211; 3 Pin"},"content":{"rendered":"<p>Prekida\u010d s Klju\u010dem od Nehr\u0111aju\u0107eg \u010celika &#8211; Uklju\u010deno\/Isklju\u010deno &#8211; 5A &#8211; 3 Pin &#8211; <\/p>\n<p>Ovaj prekida\u010d s klju\u010dem od nehr\u0111aju\u0107eg \u010delika ima vodootporan dizajn IP67 sa 12V i LED svjetlom. Namijenjen je za ugradnju s rupa promjera 19 mm i dubinom od 38 mm.<\/p>\n","protected":false},"excerpt":{"rendered":"<p>Prekida\u010d s Klju\u010dem od Nehr\u0111aju\u0107eg \u010celika &#8211; Uklju\u010deno\/Isklju\u010deno &#8211; 5A &#8211; 3 Pin &#8211; Ovaj prekida\u010d s klju\u010dem od nehr\u0111aju\u0107eg<\/p>\n","protected":false},"featured_media":5752701,"comment_status":"open","ping_status":"closed","template":"","meta":[],"product_brand":[2831],"product_cat":[1743],"product_tag":[],"class_list":{"0":"post-5756299","1":"product","2":"type-product","3":"status-publish","4":"has-post-thumbnail","6":"product_brand-blue-sea-systems-hr","7":"product_cat-elektricni-prekidaci","9":"first","10":"instock","11":"shipping-taxable","12":"purchasable","13":"product-type-simple"},"_links":{"self":[{"href":"https:\/\/stoic-curie.212-227-153-4.plesk.page\/hr\/wp-json\/wp\/v2\/product\/5756299","targetHints":{"allow":["GET"]}}],"collection":[{"href":"https:\/\/stoic-curie.212-227-153-4.plesk.page\/hr\/wp-json\/wp\/v2\/product"}],"about":[{"href":"https:\/\/stoic-curie.212-227-153-4.plesk.page\/hr\/wp-json\/wp\/v2\/types\/product"}],"replies":[{"embeddable":true,"href":"https:\/\/stoic-curie.212-227-153-4.plesk.page\/hr\/wp-json\/wp\/v2\/comments?post=5756299"}],"version-history":[{"count":0,"href":"https:\/\/stoic-curie.212-227-153-4.plesk.page\/hr\/wp-json\/wp\/v2\/product\/5756299\/revisions"}],"wp:featuredmedia":[{"embeddable":true,"href":"https:\/\/stoic-curie.212-227-153-4.plesk.page\/hr\/wp-json\/wp\/v2\/media\/5752701"}],"wp:attachment":[{"href":"https:\/\/stoic-curie.212-227-153-4.plesk.page\/hr\/wp-json\/wp\/v2\/media?parent=5756299"}],"wp:term":[{"taxonomy":"product_brand","embeddable":true,"href":"https:\/\/stoic-curie.212-227-153-4.plesk.page\/hr\/wp-json\/wp\/v2\/product_brand?post=5756299"},{"taxonomy":"product_cat","embeddable":true,"href":"https:\/\/stoic-curie.212-227-153-4.plesk.page\/hr\/wp-json\/wp\/v2\/product_cat?post=5756299"},{"taxonomy":"product_tag","embeddable":true,"href":"https:\/\/stoic-curie.212-227-153-4.plesk.page\/hr\/wp-json\/wp\/v2\/product_tag?post=5756299"}],"curies":[{"name":"wp","href":"https:\/\/api.w.org\/{rel}","templated":true}]}}