{"id":5756300,"date":"2026-02-12T13:48:04","date_gmt":"2026-02-12T12:48:04","guid":{"rendered":"https:\/\/stoic-curie.212-227-153-4.plesk.page\/product\/dual-voltmeter-carling-tip-indikatorski-prikljucci-3\/"},"modified":"2026-02-25T00:01:35","modified_gmt":"2026-02-25T00:01:35","slug":"dual-voltmeter-carling-tip-indikatorski-prikljucci-3","status":"publish","type":"product","link":"https:\/\/stoic-curie.212-227-153-4.plesk.page\/hr\/product\/dual-voltmeter-carling-tip-indikatorski-prikljucci-3\/","title":{"rendered":"Dual Voltmeter Carling Tip Indikatorski Priklju\u010dci 3"},"content":{"rendered":"<p>Dual Voltmeter Carling Tip Indikatorski Priklju\u010dci 3 &#8211; <\/p>\n<p>Vodootporni IP65 dualni voltmetar indikator s za\u0161titnim poklopcem. Zahvaljuju\u0107i Carling tip mjerenjima, savr\u0161eno se uklapa u bilo koju prekida\u010dku plo\u010du.<\/p>\n","protected":false},"excerpt":{"rendered":"<p>Dual Voltmeter Carling Tip Indikatorski Priklju\u010dci 3 &#8211; Vodootporni IP65 dualni voltmetar indikator s za\u0161titnim poklopcem. Zahvaljuju\u0107i Carling tip mjerenjima,<\/p>\n","protected":false},"featured_media":5752703,"comment_status":"open","ping_status":"closed","template":"","meta":[],"product_brand":[2831],"product_cat":[1746],"product_tag":[],"class_list":{"0":"post-5756300","1":"product","2":"type-product","3":"status-publish","4":"has-post-thumbnail","6":"product_brand-blue-sea-systems-hr","7":"product_cat-elektricne-ploce-prekidaca","9":"first","10":"instock","11":"shipping-taxable","12":"purchasable","13":"product-type-simple"},"_links":{"self":[{"href":"https:\/\/stoic-curie.212-227-153-4.plesk.page\/hr\/wp-json\/wp\/v2\/product\/5756300","targetHints":{"allow":["GET"]}}],"collection":[{"href":"https:\/\/stoic-curie.212-227-153-4.plesk.page\/hr\/wp-json\/wp\/v2\/product"}],"about":[{"href":"https:\/\/stoic-curie.212-227-153-4.plesk.page\/hr\/wp-json\/wp\/v2\/types\/product"}],"replies":[{"embeddable":true,"href":"https:\/\/stoic-curie.212-227-153-4.plesk.page\/hr\/wp-json\/wp\/v2\/comments?post=5756300"}],"version-history":[{"count":0,"href":"https:\/\/stoic-curie.212-227-153-4.plesk.page\/hr\/wp-json\/wp\/v2\/product\/5756300\/revisions"}],"wp:featuredmedia":[{"embeddable":true,"href":"https:\/\/stoic-curie.212-227-153-4.plesk.page\/hr\/wp-json\/wp\/v2\/media\/5752703"}],"wp:attachment":[{"href":"https:\/\/stoic-curie.212-227-153-4.plesk.page\/hr\/wp-json\/wp\/v2\/media?parent=5756300"}],"wp:term":[{"taxonomy":"product_brand","embeddable":true,"href":"https:\/\/stoic-curie.212-227-153-4.plesk.page\/hr\/wp-json\/wp\/v2\/product_brand?post=5756300"},{"taxonomy":"product_cat","embeddable":true,"href":"https:\/\/stoic-curie.212-227-153-4.plesk.page\/hr\/wp-json\/wp\/v2\/product_cat?post=5756300"},{"taxonomy":"product_tag","embeddable":true,"href":"https:\/\/stoic-curie.212-227-153-4.plesk.page\/hr\/wp-json\/wp\/v2\/product_tag?post=5756300"}],"curies":[{"name":"wp","href":"https:\/\/api.w.org\/{rel}","templated":true}]}}