{"id":5756303,"date":"2026-02-12T13:48:06","date_gmt":"2026-02-12T12:48:06","guid":{"rendered":"https:\/\/stoic-curie.212-227-153-4.plesk.page\/product\/dvojni-oled-utikac-voltmetar\/"},"modified":"2026-02-25T00:01:35","modified_gmt":"2026-02-25T00:01:35","slug":"dvojni-oled-utikac-voltmetar","status":"publish","type":"product","link":"https:\/\/stoic-curie.212-227-153-4.plesk.page\/hr\/product\/dvojni-oled-utikac-voltmetar\/","title":{"rendered":"Dvojni OLED Utika\u010d Voltmetar"},"content":{"rendered":"<p>Dvojni OLED Utika\u010d Voltmetar &#8211; <\/p>\n<p>Veli\u010dina utika\u010da 8-60V dvostruki voltmetar s OLED prikazom, idealan za pra\u0107enje dviju baterijskih banki.<\/p>\n","protected":false},"excerpt":{"rendered":"<p>Dvojni OLED Utika\u010d Voltmetar &#8211; Veli\u010dina utika\u010da 8-60V dvostruki voltmetar s OLED prikazom, idealan za pra\u0107enje dviju baterijskih banki.<\/p>\n","protected":false},"featured_media":5752710,"comment_status":"open","ping_status":"closed","template":"","meta":[],"product_brand":[2831],"product_cat":[1746],"product_tag":[],"class_list":{"0":"post-5756303","1":"product","2":"type-product","3":"status-publish","4":"has-post-thumbnail","6":"product_brand-blue-sea-systems-hr","7":"product_cat-elektricne-ploce-prekidaca","9":"first","10":"instock","11":"shipping-taxable","12":"purchasable","13":"product-type-simple"},"_links":{"self":[{"href":"https:\/\/stoic-curie.212-227-153-4.plesk.page\/hr\/wp-json\/wp\/v2\/product\/5756303","targetHints":{"allow":["GET"]}}],"collection":[{"href":"https:\/\/stoic-curie.212-227-153-4.plesk.page\/hr\/wp-json\/wp\/v2\/product"}],"about":[{"href":"https:\/\/stoic-curie.212-227-153-4.plesk.page\/hr\/wp-json\/wp\/v2\/types\/product"}],"replies":[{"embeddable":true,"href":"https:\/\/stoic-curie.212-227-153-4.plesk.page\/hr\/wp-json\/wp\/v2\/comments?post=5756303"}],"version-history":[{"count":0,"href":"https:\/\/stoic-curie.212-227-153-4.plesk.page\/hr\/wp-json\/wp\/v2\/product\/5756303\/revisions"}],"wp:featuredmedia":[{"embeddable":true,"href":"https:\/\/stoic-curie.212-227-153-4.plesk.page\/hr\/wp-json\/wp\/v2\/media\/5752710"}],"wp:attachment":[{"href":"https:\/\/stoic-curie.212-227-153-4.plesk.page\/hr\/wp-json\/wp\/v2\/media?parent=5756303"}],"wp:term":[{"taxonomy":"product_brand","embeddable":true,"href":"https:\/\/stoic-curie.212-227-153-4.plesk.page\/hr\/wp-json\/wp\/v2\/product_brand?post=5756303"},{"taxonomy":"product_cat","embeddable":true,"href":"https:\/\/stoic-curie.212-227-153-4.plesk.page\/hr\/wp-json\/wp\/v2\/product_cat?post=5756303"},{"taxonomy":"product_tag","embeddable":true,"href":"https:\/\/stoic-curie.212-227-153-4.plesk.page\/hr\/wp-json\/wp\/v2\/product_tag?post=5756303"}],"curies":[{"name":"wp","href":"https:\/\/api.w.org\/{rel}","templated":true}]}}