{"id":5756305,"date":"2026-02-12T13:48:08","date_gmt":"2026-02-12T12:48:08","guid":{"rendered":"https:\/\/stoic-curie.212-227-153-4.plesk.page\/product\/g4-led-zarulje-sa-bocnim-pinovima-10-30w-1-8-lumen-120-o-26-mm\/"},"modified":"2026-02-25T00:01:35","modified_gmt":"2026-02-25T00:01:35","slug":"g4-led-zarulje-sa-bocnim-pinovima-10-30w-1-8-lumen-120-o-26-mm","status":"publish","type":"product","link":"https:\/\/stoic-curie.212-227-153-4.plesk.page\/hr\/product\/g4-led-zarulje-sa-bocnim-pinovima-10-30w-1-8-lumen-120-o-26-mm\/","title":{"rendered":"G4 LED \u017darulje sa Bo\u010dnim Pinovima 10-30W 1.8 Lumen 120 \u00d8 26 mm"},"content":{"rendered":"<p>G4 LED \u017darulje sa Bo\u010dnim Pinovima 10-30W 1.8 Lumen 120 \u00d8 26 mm &#8211; <\/p>\n<p>G4 LED \u017earulje s bo\u010dnim ili stra\u017enjim pinovima. Smanjena potro\u0161nja i dug \u017eivotni vijek. Topla bijela svjetlost 3000\u00b0K.<\/p>\n","protected":false},"excerpt":{"rendered":"<p>G4 LED \u017darulje sa Bo\u010dnim Pinovima 10-30W 1.8 Lumen 120 \u00d8 26 mm &#8211; G4 LED \u017earulje s bo\u010dnim ili<\/p>\n","protected":false},"featured_media":5752716,"comment_status":"open","ping_status":"closed","template":"","meta":[],"product_brand":[3221],"product_cat":[1739],"product_tag":[],"class_list":{"0":"post-5756305","1":"product","2":"type-product","3":"status-publish","4":"has-post-thumbnail","6":"product_brand-oceanled-hr","7":"product_cat-rasvjeta","9":"first","10":"instock","11":"shipping-taxable","12":"purchasable","13":"product-type-simple"},"_links":{"self":[{"href":"https:\/\/stoic-curie.212-227-153-4.plesk.page\/hr\/wp-json\/wp\/v2\/product\/5756305","targetHints":{"allow":["GET"]}}],"collection":[{"href":"https:\/\/stoic-curie.212-227-153-4.plesk.page\/hr\/wp-json\/wp\/v2\/product"}],"about":[{"href":"https:\/\/stoic-curie.212-227-153-4.plesk.page\/hr\/wp-json\/wp\/v2\/types\/product"}],"replies":[{"embeddable":true,"href":"https:\/\/stoic-curie.212-227-153-4.plesk.page\/hr\/wp-json\/wp\/v2\/comments?post=5756305"}],"version-history":[{"count":0,"href":"https:\/\/stoic-curie.212-227-153-4.plesk.page\/hr\/wp-json\/wp\/v2\/product\/5756305\/revisions"}],"wp:featuredmedia":[{"embeddable":true,"href":"https:\/\/stoic-curie.212-227-153-4.plesk.page\/hr\/wp-json\/wp\/v2\/media\/5752716"}],"wp:attachment":[{"href":"https:\/\/stoic-curie.212-227-153-4.plesk.page\/hr\/wp-json\/wp\/v2\/media?parent=5756305"}],"wp:term":[{"taxonomy":"product_brand","embeddable":true,"href":"https:\/\/stoic-curie.212-227-153-4.plesk.page\/hr\/wp-json\/wp\/v2\/product_brand?post=5756305"},{"taxonomy":"product_cat","embeddable":true,"href":"https:\/\/stoic-curie.212-227-153-4.plesk.page\/hr\/wp-json\/wp\/v2\/product_cat?post=5756305"},{"taxonomy":"product_tag","embeddable":true,"href":"https:\/\/stoic-curie.212-227-153-4.plesk.page\/hr\/wp-json\/wp\/v2\/product_tag?post=5756305"}],"curies":[{"name":"wp","href":"https:\/\/api.w.org\/{rel}","templated":true}]}}