{"id":5756307,"date":"2026-02-12T13:48:09","date_gmt":"2026-02-12T12:48:09","guid":{"rendered":"https:\/\/stoic-curie.212-227-153-4.plesk.page\/product\/160lm-g4-led-gel-zarulja-v-10-30w\/"},"modified":"2026-02-25T00:01:35","modified_gmt":"2026-02-25T00:01:35","slug":"160lm-g4-led-gel-zarulja-v-10-30w","status":"publish","type":"product","link":"https:\/\/stoic-curie.212-227-153-4.plesk.page\/hr\/product\/160lm-g4-led-gel-zarulja-v-10-30w\/","title":{"rendered":"160lm G4 LED Gel \u017darulja V 10-30W"},"content":{"rendered":"<p>160lm G4 LED Gel \u017darulja V 10-30W &#8211; <\/p>\n<p>360\u00b0 LED \u017earulja s G4 pinovima. Za\u0161ti\u0107ena vodonepropusnim prozirnim silikonskim gelom. Minimalna potro\u0161nja od 2W pru\u017ea svjetlosni izlaz ekvivalentan 20W. Nudi prigu\u0161ivu toplu bijelu svjetlost na 3000K.<\/p>\n","protected":false},"excerpt":{"rendered":"<p>160lm G4 LED Gel \u017darulja V 10-30W &#8211; 360\u00b0 LED \u017earulja s G4 pinovima. Za\u0161ti\u0107ena vodonepropusnim prozirnim silikonskim gelom. Minimalna<\/p>\n","protected":false},"featured_media":5752723,"comment_status":"open","ping_status":"closed","template":"","meta":[],"product_brand":[3221],"product_cat":[1739],"product_tag":[],"class_list":{"0":"post-5756307","1":"product","2":"type-product","3":"status-publish","4":"has-post-thumbnail","6":"product_brand-oceanled-hr","7":"product_cat-rasvjeta","9":"first","10":"instock","11":"shipping-taxable","12":"purchasable","13":"product-type-simple"},"_links":{"self":[{"href":"https:\/\/stoic-curie.212-227-153-4.plesk.page\/hr\/wp-json\/wp\/v2\/product\/5756307","targetHints":{"allow":["GET"]}}],"collection":[{"href":"https:\/\/stoic-curie.212-227-153-4.plesk.page\/hr\/wp-json\/wp\/v2\/product"}],"about":[{"href":"https:\/\/stoic-curie.212-227-153-4.plesk.page\/hr\/wp-json\/wp\/v2\/types\/product"}],"replies":[{"embeddable":true,"href":"https:\/\/stoic-curie.212-227-153-4.plesk.page\/hr\/wp-json\/wp\/v2\/comments?post=5756307"}],"version-history":[{"count":0,"href":"https:\/\/stoic-curie.212-227-153-4.plesk.page\/hr\/wp-json\/wp\/v2\/product\/5756307\/revisions"}],"wp:featuredmedia":[{"embeddable":true,"href":"https:\/\/stoic-curie.212-227-153-4.plesk.page\/hr\/wp-json\/wp\/v2\/media\/5752723"}],"wp:attachment":[{"href":"https:\/\/stoic-curie.212-227-153-4.plesk.page\/hr\/wp-json\/wp\/v2\/media?parent=5756307"}],"wp:term":[{"taxonomy":"product_brand","embeddable":true,"href":"https:\/\/stoic-curie.212-227-153-4.plesk.page\/hr\/wp-json\/wp\/v2\/product_brand?post=5756307"},{"taxonomy":"product_cat","embeddable":true,"href":"https:\/\/stoic-curie.212-227-153-4.plesk.page\/hr\/wp-json\/wp\/v2\/product_cat?post=5756307"},{"taxonomy":"product_tag","embeddable":true,"href":"https:\/\/stoic-curie.212-227-153-4.plesk.page\/hr\/wp-json\/wp\/v2\/product_tag?post=5756307"}],"curies":[{"name":"wp","href":"https:\/\/api.w.org\/{rel}","templated":true}]}}