{"id":5756308,"date":"2026-02-12T13:48:09","date_gmt":"2026-02-12T12:48:09","guid":{"rendered":"https:\/\/stoic-curie.212-227-153-4.plesk.page\/product\/90lm-ba15s-i-ba15d-led-zarulje-jednopolarna-ba15s\/"},"modified":"2026-02-25T00:01:35","modified_gmt":"2026-02-25T00:01:35","slug":"90lm-ba15s-i-ba15d-led-zarulje-jednopolarna-ba15s","status":"publish","type":"product","link":"https:\/\/stoic-curie.212-227-153-4.plesk.page\/hr\/product\/90lm-ba15s-i-ba15d-led-zarulje-jednopolarna-ba15s\/","title":{"rendered":"90lm BA15S i BA15D LED \u017earulje &#8211; Jednopolarna BA15S"},"content":{"rendered":"<p>90lm BA15S i BA15D LED \u017earulje &#8211; Jednopolarna BA15S &#8211; <\/p>\n<p>BA15S jednopolarne i BA15D dvopolarne LED \u017earulje s paralelnim iglicama. Minimalna potro\u0161nja od 1,5W s izlaznom svjetlo\u0161\u0107u od 5W. Izdaje hladnu bijelu svjetlost pri 5000K.<\/p>\n","protected":false},"excerpt":{"rendered":"<p>90lm BA15S i BA15D LED \u017earulje &#8211; Jednopolarna BA15S &#8211; BA15S jednopolarne i BA15D dvopolarne LED \u017earulje s paralelnim iglicama.<\/p>\n","protected":false},"featured_media":5752725,"comment_status":"open","ping_status":"closed","template":"","meta":[],"product_brand":[3221],"product_cat":[1739],"product_tag":[],"class_list":{"0":"post-5756308","1":"product","2":"type-product","3":"status-publish","4":"has-post-thumbnail","6":"product_brand-oceanled-hr","7":"product_cat-rasvjeta","9":"first","10":"instock","11":"shipping-taxable","12":"purchasable","13":"product-type-simple"},"_links":{"self":[{"href":"https:\/\/stoic-curie.212-227-153-4.plesk.page\/hr\/wp-json\/wp\/v2\/product\/5756308","targetHints":{"allow":["GET"]}}],"collection":[{"href":"https:\/\/stoic-curie.212-227-153-4.plesk.page\/hr\/wp-json\/wp\/v2\/product"}],"about":[{"href":"https:\/\/stoic-curie.212-227-153-4.plesk.page\/hr\/wp-json\/wp\/v2\/types\/product"}],"replies":[{"embeddable":true,"href":"https:\/\/stoic-curie.212-227-153-4.plesk.page\/hr\/wp-json\/wp\/v2\/comments?post=5756308"}],"version-history":[{"count":0,"href":"https:\/\/stoic-curie.212-227-153-4.plesk.page\/hr\/wp-json\/wp\/v2\/product\/5756308\/revisions"}],"wp:featuredmedia":[{"embeddable":true,"href":"https:\/\/stoic-curie.212-227-153-4.plesk.page\/hr\/wp-json\/wp\/v2\/media\/5752725"}],"wp:attachment":[{"href":"https:\/\/stoic-curie.212-227-153-4.plesk.page\/hr\/wp-json\/wp\/v2\/media?parent=5756308"}],"wp:term":[{"taxonomy":"product_brand","embeddable":true,"href":"https:\/\/stoic-curie.212-227-153-4.plesk.page\/hr\/wp-json\/wp\/v2\/product_brand?post=5756308"},{"taxonomy":"product_cat","embeddable":true,"href":"https:\/\/stoic-curie.212-227-153-4.plesk.page\/hr\/wp-json\/wp\/v2\/product_cat?post=5756308"},{"taxonomy":"product_tag","embeddable":true,"href":"https:\/\/stoic-curie.212-227-153-4.plesk.page\/hr\/wp-json\/wp\/v2\/product_tag?post=5756308"}],"curies":[{"name":"wp","href":"https:\/\/api.w.org\/{rel}","templated":true}]}}