{"id":5756311,"date":"2026-02-12T13:48:12","date_gmt":"2026-02-12T12:48:12","guid":{"rendered":"https:\/\/stoic-curie.212-227-153-4.plesk.page\/product\/280lm-bay15d-led-navigacijska-zarulja-v-12-30-w-26-lumen-280-h-42mm\/"},"modified":"2026-02-25T00:01:35","modified_gmt":"2026-02-25T00:01:35","slug":"280lm-bay15d-led-navigacijska-zarulja-v-12-30-w-26-lumen-280-h-42mm","status":"publish","type":"product","link":"https:\/\/stoic-curie.212-227-153-4.plesk.page\/hr\/product\/280lm-bay15d-led-navigacijska-zarulja-v-12-30-w-26-lumen-280-h-42mm\/","title":{"rendered":"280lm BAY15D LED Navigacijska \u017darulja V 12-30 W 2,6 Lumen 280 H 42mm"},"content":{"rendered":"<p>280lm BAY15D LED Navigacijska \u017darulja V 12-30 W 2,6 Lumen 280 H 42mm &#8211; <\/p>\n<p>BAY15D dvostruka kontaktna LED \u017earulja s neparalelnim pinovima. Minimalna potro\u0161nja od 2,6W pru\u017ea izlaz svjetlosti ekvivalentan 25W. Temperatura boje je 3200K, koja stvara toplo bijelo svjetlo idealno za navigacijska svjetla.<\/p>\n","protected":false},"excerpt":{"rendered":"<p>280lm BAY15D LED Navigacijska \u017darulja V 12-30 W 2,6 Lumen 280 H 42mm &#8211; BAY15D dvostruka kontaktna LED \u017earulja s<\/p>\n","protected":false},"featured_media":5752734,"comment_status":"open","ping_status":"closed","template":"","meta":[],"product_brand":[3221],"product_cat":[1739],"product_tag":[],"class_list":{"0":"post-5756311","1":"product","2":"type-product","3":"status-publish","4":"has-post-thumbnail","6":"product_brand-oceanled-hr","7":"product_cat-rasvjeta","9":"first","10":"instock","11":"shipping-taxable","12":"purchasable","13":"product-type-simple"},"_links":{"self":[{"href":"https:\/\/stoic-curie.212-227-153-4.plesk.page\/hr\/wp-json\/wp\/v2\/product\/5756311","targetHints":{"allow":["GET"]}}],"collection":[{"href":"https:\/\/stoic-curie.212-227-153-4.plesk.page\/hr\/wp-json\/wp\/v2\/product"}],"about":[{"href":"https:\/\/stoic-curie.212-227-153-4.plesk.page\/hr\/wp-json\/wp\/v2\/types\/product"}],"replies":[{"embeddable":true,"href":"https:\/\/stoic-curie.212-227-153-4.plesk.page\/hr\/wp-json\/wp\/v2\/comments?post=5756311"}],"version-history":[{"count":0,"href":"https:\/\/stoic-curie.212-227-153-4.plesk.page\/hr\/wp-json\/wp\/v2\/product\/5756311\/revisions"}],"wp:featuredmedia":[{"embeddable":true,"href":"https:\/\/stoic-curie.212-227-153-4.plesk.page\/hr\/wp-json\/wp\/v2\/media\/5752734"}],"wp:attachment":[{"href":"https:\/\/stoic-curie.212-227-153-4.plesk.page\/hr\/wp-json\/wp\/v2\/media?parent=5756311"}],"wp:term":[{"taxonomy":"product_brand","embeddable":true,"href":"https:\/\/stoic-curie.212-227-153-4.plesk.page\/hr\/wp-json\/wp\/v2\/product_brand?post=5756311"},{"taxonomy":"product_cat","embeddable":true,"href":"https:\/\/stoic-curie.212-227-153-4.plesk.page\/hr\/wp-json\/wp\/v2\/product_cat?post=5756311"},{"taxonomy":"product_tag","embeddable":true,"href":"https:\/\/stoic-curie.212-227-153-4.plesk.page\/hr\/wp-json\/wp\/v2\/product_tag?post=5756311"}],"curies":[{"name":"wp","href":"https:\/\/api.w.org\/{rel}","templated":true}]}}