{"id":5756316,"date":"2026-02-12T13:48:15","date_gmt":"2026-02-12T12:48:15","guid":{"rendered":"https:\/\/stoic-curie.212-227-153-4.plesk.page\/product\/bay-15d-dupli-kontaktnu-zarulju-v-12-w-25\/"},"modified":"2026-02-25T00:01:35","modified_gmt":"2026-02-25T00:01:35","slug":"bay-15d-dupli-kontaktnu-zarulju-v-12-w-25","status":"publish","type":"product","link":"https:\/\/stoic-curie.212-227-153-4.plesk.page\/hr\/product\/bay-15d-dupli-kontaktnu-zarulju-v-12-w-25\/","title":{"rendered":"Bay 15D Dupli Kontaktnu \u017darulju v 12 W 25"},"content":{"rendered":"<p>Bay 15D Dupli Kontaktnu \u017darulju v 12 W 25 &#8211; <\/p>\n<p>Dupli kontaktni BAY 15D bajonetne \u017earulje dizajnirane za navigacijska svjetla na \u010damcima du\u017eim od 12 metara.<\/p>\n","protected":false},"excerpt":{"rendered":"<p>Bay 15D Dupli Kontaktnu \u017darulju v 12 W 25 &#8211; Dupli kontaktni BAY 15D bajonetne \u017earulje dizajnirane za navigacijska svjetla<\/p>\n","protected":false},"featured_media":5752749,"comment_status":"open","ping_status":"closed","template":"","meta":[],"product_brand":[2831],"product_cat":[1739],"product_tag":[],"class_list":{"0":"post-5756316","1":"product","2":"type-product","3":"status-publish","4":"has-post-thumbnail","6":"product_brand-blue-sea-systems-hr","7":"product_cat-rasvjeta","9":"first","10":"instock","11":"shipping-taxable","12":"purchasable","13":"product-type-simple"},"_links":{"self":[{"href":"https:\/\/stoic-curie.212-227-153-4.plesk.page\/hr\/wp-json\/wp\/v2\/product\/5756316","targetHints":{"allow":["GET"]}}],"collection":[{"href":"https:\/\/stoic-curie.212-227-153-4.plesk.page\/hr\/wp-json\/wp\/v2\/product"}],"about":[{"href":"https:\/\/stoic-curie.212-227-153-4.plesk.page\/hr\/wp-json\/wp\/v2\/types\/product"}],"replies":[{"embeddable":true,"href":"https:\/\/stoic-curie.212-227-153-4.plesk.page\/hr\/wp-json\/wp\/v2\/comments?post=5756316"}],"version-history":[{"count":0,"href":"https:\/\/stoic-curie.212-227-153-4.plesk.page\/hr\/wp-json\/wp\/v2\/product\/5756316\/revisions"}],"wp:featuredmedia":[{"embeddable":true,"href":"https:\/\/stoic-curie.212-227-153-4.plesk.page\/hr\/wp-json\/wp\/v2\/media\/5752749"}],"wp:attachment":[{"href":"https:\/\/stoic-curie.212-227-153-4.plesk.page\/hr\/wp-json\/wp\/v2\/media?parent=5756316"}],"wp:term":[{"taxonomy":"product_brand","embeddable":true,"href":"https:\/\/stoic-curie.212-227-153-4.plesk.page\/hr\/wp-json\/wp\/v2\/product_brand?post=5756316"},{"taxonomy":"product_cat","embeddable":true,"href":"https:\/\/stoic-curie.212-227-153-4.plesk.page\/hr\/wp-json\/wp\/v2\/product_cat?post=5756316"},{"taxonomy":"product_tag","embeddable":true,"href":"https:\/\/stoic-curie.212-227-153-4.plesk.page\/hr\/wp-json\/wp\/v2\/product_tag?post=5756316"}],"curies":[{"name":"wp","href":"https:\/\/api.w.org\/{rel}","templated":true}]}}