{"id":5756323,"date":"2026-02-12T13:48:20","date_gmt":"2026-02-12T12:48:20","guid":{"rendered":"https:\/\/stoic-curie.212-227-153-4.plesk.page\/product\/kompaktna-xhp50-led-lampica\/"},"modified":"2026-02-25T00:01:35","modified_gmt":"2026-02-25T00:01:35","slug":"kompaktna-xhp50-led-lampica","status":"publish","type":"product","link":"https:\/\/stoic-curie.212-227-153-4.plesk.page\/hr\/product\/kompaktna-xhp50-led-lampica\/","title":{"rendered":"Kompaktna XHP50 LED Lampica"},"content":{"rendered":"<p>Kompaktna XHP50 LED Lampica &#8211; <\/p>\n<p>Kompaktna i vodootporna s IP65 ocjenom, ova 1000 lumenski LED lampica ima aluminijsko tijelo. Nudi pet razli\u010ditih postavki svjetlosti: jaka, srednja, slaba, trep\u0107u\u0107a i SOS. Pomo\u0107u funkcije zumiranja promijenite koncentraciju svjetlosnog snopa. Lampica radi s tri AAA baterije, ili se mo\u017ee napajati jednim punjivim baterijom uz uklju\u010deni USB punja\u010d.<\/p>\n","protected":false},"excerpt":{"rendered":"<p>Kompaktna XHP50 LED Lampica &#8211; Kompaktna i vodootporna s IP65 ocjenom, ova 1000 lumenski LED lampica ima aluminijsko tijelo. Nudi<\/p>\n","protected":false},"featured_media":5752773,"comment_status":"open","ping_status":"closed","template":"","meta":[],"product_brand":[2831],"product_cat":[1738],"product_tag":[],"class_list":{"0":"post-5756323","1":"product","2":"type-product","3":"status-publish","4":"has-post-thumbnail","6":"product_brand-blue-sea-systems-hr","7":"product_cat-prijenosne-baklje","9":"first","10":"instock","11":"shipping-taxable","12":"purchasable","13":"product-type-simple"},"_links":{"self":[{"href":"https:\/\/stoic-curie.212-227-153-4.plesk.page\/hr\/wp-json\/wp\/v2\/product\/5756323","targetHints":{"allow":["GET"]}}],"collection":[{"href":"https:\/\/stoic-curie.212-227-153-4.plesk.page\/hr\/wp-json\/wp\/v2\/product"}],"about":[{"href":"https:\/\/stoic-curie.212-227-153-4.plesk.page\/hr\/wp-json\/wp\/v2\/types\/product"}],"replies":[{"embeddable":true,"href":"https:\/\/stoic-curie.212-227-153-4.plesk.page\/hr\/wp-json\/wp\/v2\/comments?post=5756323"}],"version-history":[{"count":0,"href":"https:\/\/stoic-curie.212-227-153-4.plesk.page\/hr\/wp-json\/wp\/v2\/product\/5756323\/revisions"}],"wp:featuredmedia":[{"embeddable":true,"href":"https:\/\/stoic-curie.212-227-153-4.plesk.page\/hr\/wp-json\/wp\/v2\/media\/5752773"}],"wp:attachment":[{"href":"https:\/\/stoic-curie.212-227-153-4.plesk.page\/hr\/wp-json\/wp\/v2\/media?parent=5756323"}],"wp:term":[{"taxonomy":"product_brand","embeddable":true,"href":"https:\/\/stoic-curie.212-227-153-4.plesk.page\/hr\/wp-json\/wp\/v2\/product_brand?post=5756323"},{"taxonomy":"product_cat","embeddable":true,"href":"https:\/\/stoic-curie.212-227-153-4.plesk.page\/hr\/wp-json\/wp\/v2\/product_cat?post=5756323"},{"taxonomy":"product_tag","embeddable":true,"href":"https:\/\/stoic-curie.212-227-153-4.plesk.page\/hr\/wp-json\/wp\/v2\/product_tag?post=5756323"}],"curies":[{"name":"wp","href":"https:\/\/api.w.org\/{rel}","templated":true}]}}