{"id":5756324,"date":"2026-02-12T13:48:21","date_gmt":"2026-02-12T12:48:21","guid":{"rendered":"https:\/\/stoic-curie.212-227-153-4.plesk.page\/product\/10w-cree-led-glavaca\/"},"modified":"2026-02-25T00:01:35","modified_gmt":"2026-02-25T00:01:35","slug":"10w-cree-led-glavaca","status":"publish","type":"product","link":"https:\/\/stoic-curie.212-227-153-4.plesk.page\/hr\/product\/10w-cree-led-glavaca\/","title":{"rendered":"10W Cree LED Glava\u0107a"},"content":{"rendered":"<p>10W Cree LED Glava\u0107a &#8211; <\/p>\n<p>Mo\u0107na LED glava lampica sa IP65 vodootpornim aluminijskim ku\u0107i\u0161tem. S nagibnim svjetlosnim snopom i zumom. Osvjetljenje 800 lumena i domet 300 metara.<\/p>\n","protected":false},"excerpt":{"rendered":"<p>10W Cree LED Glava\u0107a &#8211; Mo\u0107na LED glava lampica sa IP65 vodootpornim aluminijskim ku\u0107i\u0161tem. S nagibnim svjetlosnim snopom i zumom.<\/p>\n","protected":false},"featured_media":5752781,"comment_status":"open","ping_status":"closed","template":"","meta":[],"product_brand":[2831],"product_cat":[1738],"product_tag":[],"class_list":{"0":"post-5756324","1":"product","2":"type-product","3":"status-publish","4":"has-post-thumbnail","6":"product_brand-blue-sea-systems-hr","7":"product_cat-prijenosne-baklje","9":"first","10":"instock","11":"shipping-taxable","12":"purchasable","13":"product-type-simple"},"_links":{"self":[{"href":"https:\/\/stoic-curie.212-227-153-4.plesk.page\/hr\/wp-json\/wp\/v2\/product\/5756324","targetHints":{"allow":["GET"]}}],"collection":[{"href":"https:\/\/stoic-curie.212-227-153-4.plesk.page\/hr\/wp-json\/wp\/v2\/product"}],"about":[{"href":"https:\/\/stoic-curie.212-227-153-4.plesk.page\/hr\/wp-json\/wp\/v2\/types\/product"}],"replies":[{"embeddable":true,"href":"https:\/\/stoic-curie.212-227-153-4.plesk.page\/hr\/wp-json\/wp\/v2\/comments?post=5756324"}],"version-history":[{"count":0,"href":"https:\/\/stoic-curie.212-227-153-4.plesk.page\/hr\/wp-json\/wp\/v2\/product\/5756324\/revisions"}],"wp:featuredmedia":[{"embeddable":true,"href":"https:\/\/stoic-curie.212-227-153-4.plesk.page\/hr\/wp-json\/wp\/v2\/media\/5752781"}],"wp:attachment":[{"href":"https:\/\/stoic-curie.212-227-153-4.plesk.page\/hr\/wp-json\/wp\/v2\/media?parent=5756324"}],"wp:term":[{"taxonomy":"product_brand","embeddable":true,"href":"https:\/\/stoic-curie.212-227-153-4.plesk.page\/hr\/wp-json\/wp\/v2\/product_brand?post=5756324"},{"taxonomy":"product_cat","embeddable":true,"href":"https:\/\/stoic-curie.212-227-153-4.plesk.page\/hr\/wp-json\/wp\/v2\/product_cat?post=5756324"},{"taxonomy":"product_tag","embeddable":true,"href":"https:\/\/stoic-curie.212-227-153-4.plesk.page\/hr\/wp-json\/wp\/v2\/product_tag?post=5756324"}],"curies":[{"name":"wp","href":"https:\/\/api.w.org\/{rel}","templated":true}]}}