{"id":5756325,"date":"2026-02-12T13:48:22","date_gmt":"2026-02-12T12:48:22","guid":{"rendered":"https:\/\/stoic-curie.212-227-153-4.plesk.page\/product\/k-tool-10w-led-punjaca-za-radne-svjetiljke\/"},"modified":"2026-02-25T00:01:35","modified_gmt":"2026-02-25T00:01:35","slug":"k-tool-10w-led-punjaca-za-radne-svjetiljke","status":"publish","type":"product","link":"https:\/\/stoic-curie.212-227-153-4.plesk.page\/hr\/product\/k-tool-10w-led-punjaca-za-radne-svjetiljke\/","title":{"rendered":"K-tool 10W LED Punja\u010da za Radne Svjetiljke"},"content":{"rendered":"<p>K-tool 10W LED Punja\u010da za Radne Svjetiljke &#8211; <\/p>\n<p>LED svjetiljka s punjivom litijskom baterijom putem USB priklju\u010dka. Oja\u010dano ABS ku\u0107i\u0161te s dva preklopna elementa i 360\u00b0 rotiraju\u0107e magnetske noge omogu\u0107uju postavljanje bilo gdje i skladi\u0161tenje sklopljeno s minimalnim volumenom. 10W LED s dva na\u010dina rada svjetla &#8211; intenzivno i normalno &#8211; s vremenom trajanja baterije od 4 sata u normalnom na\u010dinu rada. Uklju\u010duje USB kabel i izlaz za punjenje mobilnih ure\u0111aja.<\/p>\n","protected":false},"excerpt":{"rendered":"<p>K-tool 10W LED Punja\u010da za Radne Svjetiljke &#8211; LED svjetiljka s punjivom litijskom baterijom putem USB priklju\u010dka. Oja\u010dano ABS ku\u0107i\u0161te<\/p>\n","protected":false},"featured_media":5752784,"comment_status":"open","ping_status":"closed","template":"","meta":[],"product_brand":[2831],"product_cat":[1738],"product_tag":[],"class_list":{"0":"post-5756325","1":"product","2":"type-product","3":"status-publish","4":"has-post-thumbnail","6":"product_brand-blue-sea-systems-hr","7":"product_cat-prijenosne-baklje","9":"first","10":"instock","11":"shipping-taxable","12":"purchasable","13":"product-type-simple"},"_links":{"self":[{"href":"https:\/\/stoic-curie.212-227-153-4.plesk.page\/hr\/wp-json\/wp\/v2\/product\/5756325","targetHints":{"allow":["GET"]}}],"collection":[{"href":"https:\/\/stoic-curie.212-227-153-4.plesk.page\/hr\/wp-json\/wp\/v2\/product"}],"about":[{"href":"https:\/\/stoic-curie.212-227-153-4.plesk.page\/hr\/wp-json\/wp\/v2\/types\/product"}],"replies":[{"embeddable":true,"href":"https:\/\/stoic-curie.212-227-153-4.plesk.page\/hr\/wp-json\/wp\/v2\/comments?post=5756325"}],"version-history":[{"count":0,"href":"https:\/\/stoic-curie.212-227-153-4.plesk.page\/hr\/wp-json\/wp\/v2\/product\/5756325\/revisions"}],"wp:featuredmedia":[{"embeddable":true,"href":"https:\/\/stoic-curie.212-227-153-4.plesk.page\/hr\/wp-json\/wp\/v2\/media\/5752784"}],"wp:attachment":[{"href":"https:\/\/stoic-curie.212-227-153-4.plesk.page\/hr\/wp-json\/wp\/v2\/media?parent=5756325"}],"wp:term":[{"taxonomy":"product_brand","embeddable":true,"href":"https:\/\/stoic-curie.212-227-153-4.plesk.page\/hr\/wp-json\/wp\/v2\/product_brand?post=5756325"},{"taxonomy":"product_cat","embeddable":true,"href":"https:\/\/stoic-curie.212-227-153-4.plesk.page\/hr\/wp-json\/wp\/v2\/product_cat?post=5756325"},{"taxonomy":"product_tag","embeddable":true,"href":"https:\/\/stoic-curie.212-227-153-4.plesk.page\/hr\/wp-json\/wp\/v2\/product_tag?post=5756325"}],"curies":[{"name":"wp","href":"https:\/\/api.w.org\/{rel}","templated":true}]}}