{"id":5756326,"date":"2026-02-12T13:48:23","date_gmt":"2026-02-12T12:48:23","guid":{"rendered":"https:\/\/stoic-curie.212-227-153-4.plesk.page\/product\/eletra-t-led-kromirani-svjetlo-za-usluge-dim-38-x-31-x-h10-mm-led-0-5w-12-24v-bijela-svjetlost\/"},"modified":"2026-02-25T00:01:35","modified_gmt":"2026-02-25T00:01:35","slug":"eletra-t-led-kromirani-svjetlo-za-usluge-dim-38-x-31-x-h10-mm-led-0-5w-12-24v-bijela-svjetlost","status":"publish","type":"product","link":"https:\/\/stoic-curie.212-227-153-4.plesk.page\/hr\/product\/eletra-t-led-kromirani-svjetlo-za-usluge-dim-38-x-31-x-h10-mm-led-0-5w-12-24v-bijela-svjetlost\/","title":{"rendered":"Eletra-t LED Kromirani Svjetlo za Usluge Dim 38 x 31 x H10 mm LED 0.5W &#8211; 12\/24V Bijela Svjetlost"},"content":{"rendered":"<p>Eletra-t LED Kromirani Svjetlo za Usluge Dim 38 x 31 x H10 mm LED 0.5W &#8211; 12\/24V Bijela Svjetlost &#8211; <\/p>\n<p>Vodootporno (IP67) LED svjetlo za usluge pogodna za vanjsku i unutarnju upotrebu, dizajnirano za horizontalno ili vertikalno postavljanje bez ugradnje. Tijelo od tehnikopolimera, nehr\u0111aju\u0107i \u010deli\u010dni vijci. Emitira prirodnu svjetlost od 4000\u00b0K. Univerzalno napajanje kompatibilno s 12\/24V sustavima.<\/p>\n","protected":false},"excerpt":{"rendered":"<p>Eletra-t LED Kromirani Svjetlo za Usluge Dim 38 x 31 x H10 mm LED 0.5W &#8211; 12\/24V Bijela Svjetlost &#8211;<\/p>\n","protected":false},"featured_media":5752788,"comment_status":"open","ping_status":"closed","template":"","meta":[],"product_brand":[2946],"product_cat":[1730],"product_tag":[],"class_list":{"0":"post-5756326","1":"product","2":"type-product","3":"status-publish","4":"has-post-thumbnail","6":"product_brand-foresti-suardi-hr","7":"product_cat-dekorativna-rasvjeta","9":"first","10":"instock","11":"shipping-taxable","12":"purchasable","13":"product-type-simple"},"_links":{"self":[{"href":"https:\/\/stoic-curie.212-227-153-4.plesk.page\/hr\/wp-json\/wp\/v2\/product\/5756326","targetHints":{"allow":["GET"]}}],"collection":[{"href":"https:\/\/stoic-curie.212-227-153-4.plesk.page\/hr\/wp-json\/wp\/v2\/product"}],"about":[{"href":"https:\/\/stoic-curie.212-227-153-4.plesk.page\/hr\/wp-json\/wp\/v2\/types\/product"}],"replies":[{"embeddable":true,"href":"https:\/\/stoic-curie.212-227-153-4.plesk.page\/hr\/wp-json\/wp\/v2\/comments?post=5756326"}],"version-history":[{"count":0,"href":"https:\/\/stoic-curie.212-227-153-4.plesk.page\/hr\/wp-json\/wp\/v2\/product\/5756326\/revisions"}],"wp:featuredmedia":[{"embeddable":true,"href":"https:\/\/stoic-curie.212-227-153-4.plesk.page\/hr\/wp-json\/wp\/v2\/media\/5752788"}],"wp:attachment":[{"href":"https:\/\/stoic-curie.212-227-153-4.plesk.page\/hr\/wp-json\/wp\/v2\/media?parent=5756326"}],"wp:term":[{"taxonomy":"product_brand","embeddable":true,"href":"https:\/\/stoic-curie.212-227-153-4.plesk.page\/hr\/wp-json\/wp\/v2\/product_brand?post=5756326"},{"taxonomy":"product_cat","embeddable":true,"href":"https:\/\/stoic-curie.212-227-153-4.plesk.page\/hr\/wp-json\/wp\/v2\/product_cat?post=5756326"},{"taxonomy":"product_tag","embeddable":true,"href":"https:\/\/stoic-curie.212-227-153-4.plesk.page\/hr\/wp-json\/wp\/v2\/product_tag?post=5756326"}],"curies":[{"name":"wp","href":"https:\/\/api.w.org\/{rel}","templated":true}]}}