{"id":5756327,"date":"2026-02-12T13:48:23","date_gmt":"2026-02-12T12:48:23","guid":{"rendered":"https:\/\/stoic-curie.212-227-153-4.plesk.page\/product\/eletra-t-led-kromirana-pozivna-svjetlost-dim-38-x-31-x-h10-mm-led-0-5w-12-24v-svijetloplava\/"},"modified":"2026-02-25T00:01:35","modified_gmt":"2026-02-25T00:01:35","slug":"eletra-t-led-kromirana-pozivna-svjetlost-dim-38-x-31-x-h10-mm-led-0-5w-12-24v-svijetloplava","status":"publish","type":"product","link":"https:\/\/stoic-curie.212-227-153-4.plesk.page\/hr\/product\/eletra-t-led-kromirana-pozivna-svjetlost-dim-38-x-31-x-h10-mm-led-0-5w-12-24v-svijetloplava\/","title":{"rendered":"Eletra-T LED Kromirana Pozivna Svjetlost Dim 38 x 31 x H10 mm LED 0.5W &#8211; 12\/24V Svijetloplava"},"content":{"rendered":"<p>Eletra-T LED Kromirana Pozivna Svjetlost Dim 38 x 31 x H10 mm LED 0.5W &#8211; 12\/24V Svijetloplava &#8211; <\/p>\n<p>Vodootporno (IP67) pozivno LED svjetlo za vanjske i unutarnje primjene, prikladno za horizontalnu ili vertikalnu monta\u017eu bez potrebe za udubljenjem. Izra\u0111eno od tehno-polimernog tijela i nehr\u0111aju\u0107ih \u010deli\u010dnih vijaka, pru\u017ea prirodnu svjetlost od 4000K. Kompatibilno s univerzalnim napajanjem od 12\/24V.<\/p>\n","protected":false},"excerpt":{"rendered":"<p>Eletra-T LED Kromirana Pozivna Svjetlost Dim 38 x 31 x H10 mm LED 0.5W &#8211; 12\/24V Svijetloplava &#8211; Vodootporno (IP67)<\/p>\n","protected":false},"featured_media":5752788,"comment_status":"open","ping_status":"closed","template":"","meta":[],"product_brand":[2946],"product_cat":[1730],"product_tag":[],"class_list":{"0":"post-5756327","1":"product","2":"type-product","3":"status-publish","4":"has-post-thumbnail","6":"product_brand-foresti-suardi-hr","7":"product_cat-dekorativna-rasvjeta","9":"first","10":"instock","11":"shipping-taxable","12":"purchasable","13":"product-type-simple"},"_links":{"self":[{"href":"https:\/\/stoic-curie.212-227-153-4.plesk.page\/hr\/wp-json\/wp\/v2\/product\/5756327","targetHints":{"allow":["GET"]}}],"collection":[{"href":"https:\/\/stoic-curie.212-227-153-4.plesk.page\/hr\/wp-json\/wp\/v2\/product"}],"about":[{"href":"https:\/\/stoic-curie.212-227-153-4.plesk.page\/hr\/wp-json\/wp\/v2\/types\/product"}],"replies":[{"embeddable":true,"href":"https:\/\/stoic-curie.212-227-153-4.plesk.page\/hr\/wp-json\/wp\/v2\/comments?post=5756327"}],"version-history":[{"count":0,"href":"https:\/\/stoic-curie.212-227-153-4.plesk.page\/hr\/wp-json\/wp\/v2\/product\/5756327\/revisions"}],"wp:featuredmedia":[{"embeddable":true,"href":"https:\/\/stoic-curie.212-227-153-4.plesk.page\/hr\/wp-json\/wp\/v2\/media\/5752788"}],"wp:attachment":[{"href":"https:\/\/stoic-curie.212-227-153-4.plesk.page\/hr\/wp-json\/wp\/v2\/media?parent=5756327"}],"wp:term":[{"taxonomy":"product_brand","embeddable":true,"href":"https:\/\/stoic-curie.212-227-153-4.plesk.page\/hr\/wp-json\/wp\/v2\/product_brand?post=5756327"},{"taxonomy":"product_cat","embeddable":true,"href":"https:\/\/stoic-curie.212-227-153-4.plesk.page\/hr\/wp-json\/wp\/v2\/product_cat?post=5756327"},{"taxonomy":"product_tag","embeddable":true,"href":"https:\/\/stoic-curie.212-227-153-4.plesk.page\/hr\/wp-json\/wp\/v2\/product_tag?post=5756327"}],"curies":[{"name":"wp","href":"https:\/\/api.w.org\/{rel}","templated":true}]}}