{"id":5756328,"date":"2026-02-12T13:48:24","date_gmt":"2026-02-12T12:48:24","guid":{"rendered":"https:\/\/stoic-curie.212-227-153-4.plesk.page\/product\/eletra-r-led-kromirano-svjetlo-za-dobrodoslicu\/"},"modified":"2026-02-25T00:01:35","modified_gmt":"2026-02-25T00:01:35","slug":"eletra-r-led-kromirano-svjetlo-za-dobrodoslicu","status":"publish","type":"product","link":"https:\/\/stoic-curie.212-227-153-4.plesk.page\/hr\/product\/eletra-r-led-kromirano-svjetlo-za-dobrodoslicu\/","title":{"rendered":"Eletra-r LED Kromirano Svjetlo za Dobrodo\u0161licu"},"content":{"rendered":"<p>Eletra-r LED Kromirano Svjetlo za Dobrodo\u0161licu &#8211; <\/p>\n<p>Vodootporno (IP67) LED svjetlo za dobrodo\u0161licu namijenjeno vanjskim i unutarnjim prostorima. Mo\u017ee se montirati horizontalno ili vertikalno bez ugradnje. Izra\u0111eno od tehno-polimera i vijaka od nehr\u0111aju\u0107eg \u010delika. Emitira prirodnu svjetlost od 4000K. Uklju\u010dena univerzalna 12\/24V napajanje.<\/p>\n","protected":false},"excerpt":{"rendered":"<p>Eletra-r LED Kromirano Svjetlo za Dobrodo\u0161licu &#8211; Vodootporno (IP67) LED svjetlo za dobrodo\u0161licu namijenjeno vanjskim i unutarnjim prostorima. Mo\u017ee se<\/p>\n","protected":false},"featured_media":5752798,"comment_status":"open","ping_status":"closed","template":"","meta":[],"product_brand":[2946],"product_cat":[1730],"product_tag":[],"class_list":{"0":"post-5756328","1":"product","2":"type-product","3":"status-publish","4":"has-post-thumbnail","6":"product_brand-foresti-suardi-hr","7":"product_cat-dekorativna-rasvjeta","9":"first","10":"instock","11":"shipping-taxable","12":"purchasable","13":"product-type-simple"},"_links":{"self":[{"href":"https:\/\/stoic-curie.212-227-153-4.plesk.page\/hr\/wp-json\/wp\/v2\/product\/5756328","targetHints":{"allow":["GET"]}}],"collection":[{"href":"https:\/\/stoic-curie.212-227-153-4.plesk.page\/hr\/wp-json\/wp\/v2\/product"}],"about":[{"href":"https:\/\/stoic-curie.212-227-153-4.plesk.page\/hr\/wp-json\/wp\/v2\/types\/product"}],"replies":[{"embeddable":true,"href":"https:\/\/stoic-curie.212-227-153-4.plesk.page\/hr\/wp-json\/wp\/v2\/comments?post=5756328"}],"version-history":[{"count":0,"href":"https:\/\/stoic-curie.212-227-153-4.plesk.page\/hr\/wp-json\/wp\/v2\/product\/5756328\/revisions"}],"wp:featuredmedia":[{"embeddable":true,"href":"https:\/\/stoic-curie.212-227-153-4.plesk.page\/hr\/wp-json\/wp\/v2\/media\/5752798"}],"wp:attachment":[{"href":"https:\/\/stoic-curie.212-227-153-4.plesk.page\/hr\/wp-json\/wp\/v2\/media?parent=5756328"}],"wp:term":[{"taxonomy":"product_brand","embeddable":true,"href":"https:\/\/stoic-curie.212-227-153-4.plesk.page\/hr\/wp-json\/wp\/v2\/product_brand?post=5756328"},{"taxonomy":"product_cat","embeddable":true,"href":"https:\/\/stoic-curie.212-227-153-4.plesk.page\/hr\/wp-json\/wp\/v2\/product_cat?post=5756328"},{"taxonomy":"product_tag","embeddable":true,"href":"https:\/\/stoic-curie.212-227-153-4.plesk.page\/hr\/wp-json\/wp\/v2\/product_tag?post=5756328"}],"curies":[{"name":"wp","href":"https:\/\/api.w.org\/{rel}","templated":true}]}}