{"id":5756329,"date":"2026-02-12T13:48:25","date_gmt":"2026-02-12T12:48:25","guid":{"rendered":"https:\/\/stoic-curie.212-227-153-4.plesk.page\/product\/eletra-r-led-cromirano-svjetlo-dim-30-x-35-x-h9-mm-led-0-5w-12-24v-svijetlo-plava\/"},"modified":"2026-02-25T00:01:35","modified_gmt":"2026-02-25T00:01:35","slug":"eletra-r-led-cromirano-svjetlo-dim-30-x-35-x-h9-mm-led-0-5w-12-24v-svijetlo-plava","status":"publish","type":"product","link":"https:\/\/stoic-curie.212-227-153-4.plesk.page\/hr\/product\/eletra-r-led-cromirano-svjetlo-dim-30-x-35-x-h9-mm-led-0-5w-12-24v-svijetlo-plava\/","title":{"rendered":"Eletra-R LED Cromirano Svjetlo &#8211; Dim 30 x 35 x H9 mm &#8211; LED 0.5W &#8211; 12\/24V &#8211; Svijetlo Plava"},"content":{"rendered":"<p>Eletra-R LED Cromirano Svjetlo &#8211; Dim 30 x 35 x H9 mm &#8211; LED 0.5W &#8211; 12\/24V &#8211; Svijetlo Plava &#8211; <\/p>\n<p>Vodonepropusna (IP67) LED svjetlost za ljubaznost dizajnirana za vanjsku i unutarnju upotrebu. Mo\u017ee se montirati horizontalno ili vertikalno bez potrebe za ugradnjom. Izra\u0111ena od tehno-polimernog tijela i nehr\u0111aju\u0107ih \u010delika. Pru\u017ea prirodnu svjetlost na 4000\u00b0K. Pogodna za univerzalno napajanje 12\/24V.<\/p>\n","protected":false},"excerpt":{"rendered":"<p>Eletra-R LED Cromirano Svjetlo &#8211; Dim 30 x 35 x H9 mm &#8211; LED 0.5W &#8211; 12\/24V &#8211; Svijetlo Plava<\/p>\n","protected":false},"featured_media":5752798,"comment_status":"open","ping_status":"closed","template":"","meta":[],"product_brand":[2946],"product_cat":[1730],"product_tag":[],"class_list":{"0":"post-5756329","1":"product","2":"type-product","3":"status-publish","4":"has-post-thumbnail","6":"product_brand-foresti-suardi-hr","7":"product_cat-dekorativna-rasvjeta","9":"first","10":"instock","11":"shipping-taxable","12":"purchasable","13":"product-type-simple"},"_links":{"self":[{"href":"https:\/\/stoic-curie.212-227-153-4.plesk.page\/hr\/wp-json\/wp\/v2\/product\/5756329","targetHints":{"allow":["GET"]}}],"collection":[{"href":"https:\/\/stoic-curie.212-227-153-4.plesk.page\/hr\/wp-json\/wp\/v2\/product"}],"about":[{"href":"https:\/\/stoic-curie.212-227-153-4.plesk.page\/hr\/wp-json\/wp\/v2\/types\/product"}],"replies":[{"embeddable":true,"href":"https:\/\/stoic-curie.212-227-153-4.plesk.page\/hr\/wp-json\/wp\/v2\/comments?post=5756329"}],"version-history":[{"count":0,"href":"https:\/\/stoic-curie.212-227-153-4.plesk.page\/hr\/wp-json\/wp\/v2\/product\/5756329\/revisions"}],"wp:featuredmedia":[{"embeddable":true,"href":"https:\/\/stoic-curie.212-227-153-4.plesk.page\/hr\/wp-json\/wp\/v2\/media\/5752798"}],"wp:attachment":[{"href":"https:\/\/stoic-curie.212-227-153-4.plesk.page\/hr\/wp-json\/wp\/v2\/media?parent=5756329"}],"wp:term":[{"taxonomy":"product_brand","embeddable":true,"href":"https:\/\/stoic-curie.212-227-153-4.plesk.page\/hr\/wp-json\/wp\/v2\/product_brand?post=5756329"},{"taxonomy":"product_cat","embeddable":true,"href":"https:\/\/stoic-curie.212-227-153-4.plesk.page\/hr\/wp-json\/wp\/v2\/product_cat?post=5756329"},{"taxonomy":"product_tag","embeddable":true,"href":"https:\/\/stoic-curie.212-227-153-4.plesk.page\/hr\/wp-json\/wp\/v2\/product_tag?post=5756329"}],"curies":[{"name":"wp","href":"https:\/\/api.w.org\/{rel}","templated":true}]}}