{"id":5756332,"date":"2026-02-12T13:48:27","date_gmt":"2026-02-12T12:48:27","guid":{"rendered":"https:\/\/stoic-curie.212-227-153-4.plesk.page\/product\/windex-uredaj-za-pokazivanje-smjera-vjetra-pribor-ostrica-za-ptice-samo-za-15\/"},"modified":"2026-02-25T00:01:35","modified_gmt":"2026-02-25T00:01:35","slug":"windex-uredaj-za-pokazivanje-smjera-vjetra-pribor-ostrica-za-ptice-samo-za-15","status":"publish","type":"product","link":"https:\/\/stoic-curie.212-227-153-4.plesk.page\/hr\/product\/windex-uredaj-za-pokazivanje-smjera-vjetra-pribor-ostrica-za-ptice-samo-za-15\/","title":{"rendered":"Windex Ure\u0111aj za Pokazivanje Smjera Vjetra Pribor O\u0161trica za Ptice (Samo za 15&#8243;)"},"content":{"rendered":"<p>Windex Ure\u0111aj za Pokazivanje Smjera Vjetra Pribor O\u0161trica za Ptice (Samo za 15&#8243;) &#8211; <\/p>\n<p>Windex ure\u0111aj za pokazivanje vjetra pru\u017ea to\u010dan prikaz prividnog smjera vjetra. Montiran je na safirnim le\u017eajevima, s reflektiraju\u0107im referentnim oznakama vidljivim odozdo i prilagodljivim na kut s kojeg vjetar dolazi. 15&#8243; MK2 model uklju\u010duje o\u0161tricu za ptice, koja je tako\u0111er dostupna kao rezervni dio. Opcionalna LED no\u0107na svjetiljka dostupna je za sve modele.<\/p>\n","protected":false},"excerpt":{"rendered":"<p>Windex Ure\u0111aj za Pokazivanje Smjera Vjetra Pribor O\u0161trica za Ptice (Samo za 15&#8243;) &#8211; Windex ure\u0111aj za pokazivanje vjetra pru\u017ea<\/p>\n","protected":false},"featured_media":5752812,"comment_status":"open","ping_status":"closed","template":"","meta":[],"product_brand":[3541],"product_cat":[1771,1776],"product_tag":[],"class_list":{"0":"post-5756332","1":"product","2":"type-product","3":"status-publish","4":"has-post-thumbnail","6":"product_brand-windex-hr","7":"product_cat-oprema-za-jedrilice-oprema-za-jedrilice","8":"product_cat-oprema-za-signalizaciju","10":"first","11":"instock","12":"shipping-taxable","13":"purchasable","14":"product-type-simple"},"_links":{"self":[{"href":"https:\/\/stoic-curie.212-227-153-4.plesk.page\/hr\/wp-json\/wp\/v2\/product\/5756332","targetHints":{"allow":["GET"]}}],"collection":[{"href":"https:\/\/stoic-curie.212-227-153-4.plesk.page\/hr\/wp-json\/wp\/v2\/product"}],"about":[{"href":"https:\/\/stoic-curie.212-227-153-4.plesk.page\/hr\/wp-json\/wp\/v2\/types\/product"}],"replies":[{"embeddable":true,"href":"https:\/\/stoic-curie.212-227-153-4.plesk.page\/hr\/wp-json\/wp\/v2\/comments?post=5756332"}],"version-history":[{"count":0,"href":"https:\/\/stoic-curie.212-227-153-4.plesk.page\/hr\/wp-json\/wp\/v2\/product\/5756332\/revisions"}],"wp:featuredmedia":[{"embeddable":true,"href":"https:\/\/stoic-curie.212-227-153-4.plesk.page\/hr\/wp-json\/wp\/v2\/media\/5752812"}],"wp:attachment":[{"href":"https:\/\/stoic-curie.212-227-153-4.plesk.page\/hr\/wp-json\/wp\/v2\/media?parent=5756332"}],"wp:term":[{"taxonomy":"product_brand","embeddable":true,"href":"https:\/\/stoic-curie.212-227-153-4.plesk.page\/hr\/wp-json\/wp\/v2\/product_brand?post=5756332"},{"taxonomy":"product_cat","embeddable":true,"href":"https:\/\/stoic-curie.212-227-153-4.plesk.page\/hr\/wp-json\/wp\/v2\/product_cat?post=5756332"},{"taxonomy":"product_tag","embeddable":true,"href":"https:\/\/stoic-curie.212-227-153-4.plesk.page\/hr\/wp-json\/wp\/v2\/product_tag?post=5756332"}],"curies":[{"name":"wp","href":"https:\/\/api.w.org\/{rel}","templated":true}]}}