{"id":5756334,"date":"2026-02-12T13:48:29","date_gmt":"2026-02-12T12:48:29","guid":{"rendered":"https:\/\/stoic-curie.212-227-153-4.plesk.page\/product\/antenna-tv-fm-dab-radio-alya-ra304tv\/"},"modified":"2026-02-25T00:01:35","modified_gmt":"2026-02-25T00:01:35","slug":"antenna-tv-fm-dab-radio-alya-ra304tv","status":"publish","type":"product","link":"https:\/\/stoic-curie.212-227-153-4.plesk.page\/hr\/product\/antenna-tv-fm-dab-radio-alya-ra304tv\/","title":{"rendered":"Antenna TV + FM DAB Radio Alya RA304TV"},"content":{"rendered":"<p>Antenna TV + FM DAB Radio Alya RA304TV &#8211; <\/p>\n<p>PREDSTAVLJAMO iznimno kompaktni Glomex Alya RA304TV omnidirekcijsku antenu, dizajniranu za digitalnu zemaljsku televiziju i FM\/DAB radio. Ova antena opremljena je unutarnjim poja\u010dalom koje omogu\u0107uje besprijekorno primanje i TV i FM\/DAB frekvencija koriste\u0107i jedan ure\u0111aj. FME 5\/8&#8243; x 14 priklju\u010dak omogu\u0107uje brzu i jednostavnu instalaciju s unaprijed sastavljenim priklju\u010dcima i kabelima, \u0161to je \u010dini savr\u0161enom za jedrilice i motorne \u010damce. Uklju\u010deni su priklju\u010dci, 5 m koaksijalni kabel, napajanje s dva izlaza i 1,5 m TV kabel.<\/p>\n","protected":false},"excerpt":{"rendered":"<p>Antenna TV + FM DAB Radio Alya RA304TV &#8211; PREDSTAVLJAMO iznimno kompaktni Glomex Alya RA304TV omnidirekcijsku antenu, dizajniranu za digitalnu<\/p>\n","protected":false},"featured_media":5752833,"comment_status":"open","ping_status":"closed","template":"","meta":[],"product_brand":[2981],"product_cat":[1754],"product_tag":[],"class_list":{"0":"post-5756334","1":"product","2":"type-product","3":"status-publish","4":"has-post-thumbnail","6":"product_brand-glomex-hr","7":"product_cat-tv-antene","9":"first","10":"instock","11":"shipping-taxable","12":"purchasable","13":"product-type-simple"},"_links":{"self":[{"href":"https:\/\/stoic-curie.212-227-153-4.plesk.page\/hr\/wp-json\/wp\/v2\/product\/5756334","targetHints":{"allow":["GET"]}}],"collection":[{"href":"https:\/\/stoic-curie.212-227-153-4.plesk.page\/hr\/wp-json\/wp\/v2\/product"}],"about":[{"href":"https:\/\/stoic-curie.212-227-153-4.plesk.page\/hr\/wp-json\/wp\/v2\/types\/product"}],"replies":[{"embeddable":true,"href":"https:\/\/stoic-curie.212-227-153-4.plesk.page\/hr\/wp-json\/wp\/v2\/comments?post=5756334"}],"version-history":[{"count":0,"href":"https:\/\/stoic-curie.212-227-153-4.plesk.page\/hr\/wp-json\/wp\/v2\/product\/5756334\/revisions"}],"wp:featuredmedia":[{"embeddable":true,"href":"https:\/\/stoic-curie.212-227-153-4.plesk.page\/hr\/wp-json\/wp\/v2\/media\/5752833"}],"wp:attachment":[{"href":"https:\/\/stoic-curie.212-227-153-4.plesk.page\/hr\/wp-json\/wp\/v2\/media?parent=5756334"}],"wp:term":[{"taxonomy":"product_brand","embeddable":true,"href":"https:\/\/stoic-curie.212-227-153-4.plesk.page\/hr\/wp-json\/wp\/v2\/product_brand?post=5756334"},{"taxonomy":"product_cat","embeddable":true,"href":"https:\/\/stoic-curie.212-227-153-4.plesk.page\/hr\/wp-json\/wp\/v2\/product_cat?post=5756334"},{"taxonomy":"product_tag","embeddable":true,"href":"https:\/\/stoic-curie.212-227-153-4.plesk.page\/hr\/wp-json\/wp\/v2\/product_tag?post=5756334"}],"curies":[{"name":"wp","href":"https:\/\/api.w.org\/{rel}","templated":true}]}}