{"id":5756335,"date":"2026-02-12T13:48:29","date_gmt":"2026-02-12T12:48:29","guid":{"rendered":"https:\/\/stoic-curie.212-227-153-4.plesk.page\/product\/vt300-avior-tv-fm-radio-antena\/"},"modified":"2026-02-25T00:01:41","modified_gmt":"2026-02-25T00:01:41","slug":"vt300-avior-tv-fm-radio-antena","status":"publish","type":"product","link":"https:\/\/stoic-curie.212-227-153-4.plesk.page\/hr\/product\/vt300-avior-tv-fm-radio-antena\/","title":{"rendered":"Vt300 Avior TV + FM Radio Antena"},"content":{"rendered":"<p>Vt300 Avior TV + FM Radio Antena &#8211; <\/p>\n<p>Ultra-kompaktna omnidirekcijska Glomex antena (100 mm promjer, 210 mm visina) namijenjena za analogne i digitalne TV signale te FM radio. S visokou\u010dinkovitim poja\u010dalom niske razine buke, ova antena omogu\u0107ava u\u010dinkovitu prijem horizonalno i vertikalno polariziranih signala iz vi\u0161e smjerova, osiguravaju\u0107i izvrsne performanse. Ugra\u0111eno poja\u010dalo, zajedno s V9114PI-FM napajanjem s dva neovisna izlaza za TV i radio, omogu\u0107uje primanje oba signala koriste\u0107i jednu antenu. Lako se instalira na jedrilicama i motornim brodovima. Kompatibilna je s VHF RA121 antenom istih dimenzija. U paketu je uklju\u010den 10 m koaksijalni kabel.<\/p>\n","protected":false},"excerpt":{"rendered":"<p>Vt300 Avior TV + FM Radio Antena &#8211; Ultra-kompaktna omnidirekcijska Glomex antena (100 mm promjer, 210 mm visina) namijenjena za<\/p>\n","protected":false},"featured_media":5752839,"comment_status":"open","ping_status":"closed","template":"","meta":[],"product_brand":[2981],"product_cat":[1754],"product_tag":[],"class_list":{"0":"post-5756335","1":"product","2":"type-product","3":"status-publish","4":"has-post-thumbnail","6":"product_brand-glomex-hr","7":"product_cat-tv-antene","9":"first","10":"instock","11":"shipping-taxable","12":"purchasable","13":"product-type-simple"},"_links":{"self":[{"href":"https:\/\/stoic-curie.212-227-153-4.plesk.page\/hr\/wp-json\/wp\/v2\/product\/5756335","targetHints":{"allow":["GET"]}}],"collection":[{"href":"https:\/\/stoic-curie.212-227-153-4.plesk.page\/hr\/wp-json\/wp\/v2\/product"}],"about":[{"href":"https:\/\/stoic-curie.212-227-153-4.plesk.page\/hr\/wp-json\/wp\/v2\/types\/product"}],"replies":[{"embeddable":true,"href":"https:\/\/stoic-curie.212-227-153-4.plesk.page\/hr\/wp-json\/wp\/v2\/comments?post=5756335"}],"version-history":[{"count":0,"href":"https:\/\/stoic-curie.212-227-153-4.plesk.page\/hr\/wp-json\/wp\/v2\/product\/5756335\/revisions"}],"wp:featuredmedia":[{"embeddable":true,"href":"https:\/\/stoic-curie.212-227-153-4.plesk.page\/hr\/wp-json\/wp\/v2\/media\/5752839"}],"wp:attachment":[{"href":"https:\/\/stoic-curie.212-227-153-4.plesk.page\/hr\/wp-json\/wp\/v2\/media?parent=5756335"}],"wp:term":[{"taxonomy":"product_brand","embeddable":true,"href":"https:\/\/stoic-curie.212-227-153-4.plesk.page\/hr\/wp-json\/wp\/v2\/product_brand?post=5756335"},{"taxonomy":"product_cat","embeddable":true,"href":"https:\/\/stoic-curie.212-227-153-4.plesk.page\/hr\/wp-json\/wp\/v2\/product_cat?post=5756335"},{"taxonomy":"product_tag","embeddable":true,"href":"https:\/\/stoic-curie.212-227-153-4.plesk.page\/hr\/wp-json\/wp\/v2\/product_tag?post=5756335"}],"curies":[{"name":"wp","href":"https:\/\/api.w.org\/{rel}","templated":true}]}}