{"id":5756336,"date":"2026-02-12T13:48:30","date_gmt":"2026-02-12T12:48:30","guid":{"rendered":"https:\/\/stoic-curie.212-227-153-4.plesk.page\/product\/v9112agcu-dab20-nashira-tv-agc-am-fm-radio-antena\/"},"modified":"2026-02-25T00:01:41","modified_gmt":"2026-02-25T00:01:41","slug":"v9112agcu-dab20-nashira-tv-agc-am-fm-radio-antena","status":"publish","type":"product","link":"https:\/\/stoic-curie.212-227-153-4.plesk.page\/hr\/product\/v9112agcu-dab20-nashira-tv-agc-am-fm-radio-antena\/","title":{"rendered":"V9112AGCU\/DAB20 Nashira TV AGC + AM-FM Radio Antena"},"content":{"rendered":"<p>V9112AGCU\/DAB20 Nashira TV AGC + AM-FM Radio Antena &#8211; <\/p>\n<p>Omnidirekcijska Glomex antena za analogne i digitalne TV signale. Zahvaljuju\u0107i vertikalnom finskom od 55 mm, prima horizontalno i vertikalno polarizirane signale, \u0161to je \u010dini idealnom za sve vrste \u010damaca, bilo da se radi o jedrilicama ili motorima. Oja\u010dana baza u kombinaciji s mikro-fuziranim od nehr\u0111aju\u0107eg \u010delika osigurava maksimalnu stabilnost u svim pomorskim uvjetima. Opremljena je stilusom za DAB prijem i automatskim poja\u010dalom za kontrolu poja\u010danja (AGC), jam\u010di savr\u0161en signal i na otvorenom moru i u marini. Uz dodatni V9147 dvostruki razdjelnik instaliran izme\u0111u antene i poja\u010dala, tako\u0111er mo\u017ee primati AM-FM radio frekvencije. Opremljena je s 2 TV izlaza. Frekvencija: 87,5-774 MHz \/ 174-240 MHz DAB \u2013 Impedancija: 75 Ohm \u2013 Napajanje: 12\/24V. isporu\u010duje se s 20 m koaksijalnim kablom i produ\u017enim kabelom za antenu.<\/p>\n","protected":false},"excerpt":{"rendered":"<p>V9112AGCU\/DAB20 Nashira TV AGC + AM-FM Radio Antena &#8211; Omnidirekcijska Glomex antena za analogne i digitalne TV signale. Zahvaljuju\u0107i vertikalnom<\/p>\n","protected":false},"featured_media":5949336,"comment_status":"open","ping_status":"closed","template":"","meta":[],"product_brand":[2981],"product_cat":[1754],"product_tag":[],"class_list":{"0":"post-5756336","1":"product","2":"type-product","3":"status-publish","4":"has-post-thumbnail","6":"product_brand-glomex-hr","7":"product_cat-tv-antene","9":"first","10":"instock","11":"shipping-taxable","12":"purchasable","13":"product-type-simple"},"_links":{"self":[{"href":"https:\/\/stoic-curie.212-227-153-4.plesk.page\/hr\/wp-json\/wp\/v2\/product\/5756336","targetHints":{"allow":["GET"]}}],"collection":[{"href":"https:\/\/stoic-curie.212-227-153-4.plesk.page\/hr\/wp-json\/wp\/v2\/product"}],"about":[{"href":"https:\/\/stoic-curie.212-227-153-4.plesk.page\/hr\/wp-json\/wp\/v2\/types\/product"}],"replies":[{"embeddable":true,"href":"https:\/\/stoic-curie.212-227-153-4.plesk.page\/hr\/wp-json\/wp\/v2\/comments?post=5756336"}],"version-history":[{"count":0,"href":"https:\/\/stoic-curie.212-227-153-4.plesk.page\/hr\/wp-json\/wp\/v2\/product\/5756336\/revisions"}],"wp:featuredmedia":[{"embeddable":true,"href":"https:\/\/stoic-curie.212-227-153-4.plesk.page\/hr\/wp-json\/wp\/v2\/media\/5949336"}],"wp:attachment":[{"href":"https:\/\/stoic-curie.212-227-153-4.plesk.page\/hr\/wp-json\/wp\/v2\/media?parent=5756336"}],"wp:term":[{"taxonomy":"product_brand","embeddable":true,"href":"https:\/\/stoic-curie.212-227-153-4.plesk.page\/hr\/wp-json\/wp\/v2\/product_brand?post=5756336"},{"taxonomy":"product_cat","embeddable":true,"href":"https:\/\/stoic-curie.212-227-153-4.plesk.page\/hr\/wp-json\/wp\/v2\/product_cat?post=5756336"},{"taxonomy":"product_tag","embeddable":true,"href":"https:\/\/stoic-curie.212-227-153-4.plesk.page\/hr\/wp-json\/wp\/v2\/product_tag?post=5756336"}],"curies":[{"name":"wp","href":"https:\/\/api.w.org\/{rel}","templated":true}]}}