{"id":5756337,"date":"2026-02-12T13:48:30","date_gmt":"2026-02-12T12:48:30","guid":{"rendered":"https:\/\/stoic-curie.212-227-153-4.plesk.page\/product\/v9125agcu-dab20-talitha-tv-agc-fm-radio-antena\/"},"modified":"2026-02-25T00:01:41","modified_gmt":"2026-02-25T00:01:41","slug":"v9125agcu-dab20-talitha-tv-agc-fm-radio-antena","status":"publish","type":"product","link":"https:\/\/stoic-curie.212-227-153-4.plesk.page\/hr\/product\/v9125agcu-dab20-talitha-tv-agc-fm-radio-antena\/","title":{"rendered":"V9125AGCU\/DAB20 Talitha TV AGC + FM Radio Antena"},"content":{"rendered":"<p>V9125AGCU\/DAB20 Talitha TV AGC + FM Radio Antena &#8211; <\/p>\n<p>Omnidirekcijska Glomex V9125AGCU\/DAB20 Talitha antena za analogne i digitalne TV signale. Zahvaljuju\u0107i vertikalnom rebru od 31 mm, prima i horizontalno i vertikalno polarizirane signale, \u0161to je \u010dini savr\u0161enom za sve tipove \u010damaca, bilo da je rije\u010d o jedrenju ili motoru. Opremljena DAB signalnom prijemnom \u0161ipkom i automatskim kontrolerom poja\u010danja (AGC) koji osigurava odli\u010dan signal i na otvorenom moru i u marini. Kada se izme\u0111u antene i poja\u010dala instalira opcionalni V9147 dvosmjerni razdjelnik, mo\u017ee primati i AM\/FM radio frekvencije.<br \/> Frekventni opseg: 87,5\u2013774 MHz, 174\u2013240 MHz DAB \u2013 Impedancija: 75 Ohm \u2013 Univerzalni napon: 12\/24V.<\/p>\n","protected":false},"excerpt":{"rendered":"<p>V9125AGCU\/DAB20 Talitha TV AGC + FM Radio Antena &#8211; Omnidirekcijska Glomex V9125AGCU\/DAB20 Talitha antena za analogne i digitalne TV signale.<\/p>\n","protected":false},"featured_media":5752852,"comment_status":"open","ping_status":"closed","template":"","meta":[],"product_brand":[2981],"product_cat":[1754],"product_tag":[],"class_list":{"0":"post-5756337","1":"product","2":"type-product","3":"status-publish","4":"has-post-thumbnail","6":"product_brand-glomex-hr","7":"product_cat-tv-antene","9":"first","10":"instock","11":"shipping-taxable","12":"purchasable","13":"product-type-simple"},"_links":{"self":[{"href":"https:\/\/stoic-curie.212-227-153-4.plesk.page\/hr\/wp-json\/wp\/v2\/product\/5756337","targetHints":{"allow":["GET"]}}],"collection":[{"href":"https:\/\/stoic-curie.212-227-153-4.plesk.page\/hr\/wp-json\/wp\/v2\/product"}],"about":[{"href":"https:\/\/stoic-curie.212-227-153-4.plesk.page\/hr\/wp-json\/wp\/v2\/types\/product"}],"replies":[{"embeddable":true,"href":"https:\/\/stoic-curie.212-227-153-4.plesk.page\/hr\/wp-json\/wp\/v2\/comments?post=5756337"}],"version-history":[{"count":0,"href":"https:\/\/stoic-curie.212-227-153-4.plesk.page\/hr\/wp-json\/wp\/v2\/product\/5756337\/revisions"}],"wp:featuredmedia":[{"embeddable":true,"href":"https:\/\/stoic-curie.212-227-153-4.plesk.page\/hr\/wp-json\/wp\/v2\/media\/5752852"}],"wp:attachment":[{"href":"https:\/\/stoic-curie.212-227-153-4.plesk.page\/hr\/wp-json\/wp\/v2\/media?parent=5756337"}],"wp:term":[{"taxonomy":"product_brand","embeddable":true,"href":"https:\/\/stoic-curie.212-227-153-4.plesk.page\/hr\/wp-json\/wp\/v2\/product_brand?post=5756337"},{"taxonomy":"product_cat","embeddable":true,"href":"https:\/\/stoic-curie.212-227-153-4.plesk.page\/hr\/wp-json\/wp\/v2\/product_cat?post=5756337"},{"taxonomy":"product_tag","embeddable":true,"href":"https:\/\/stoic-curie.212-227-153-4.plesk.page\/hr\/wp-json\/wp\/v2\/product_tag?post=5756337"}],"curies":[{"name":"wp","href":"https:\/\/api.w.org\/{rel}","templated":true}]}}