{"id":5756338,"date":"2026-02-12T13:48:31","date_gmt":"2026-02-12T12:48:31","guid":{"rendered":"https:\/\/stoic-curie.212-227-153-4.plesk.page\/product\/nautibag-torba-d-tab-prva-pomoc-280-x-280-x-h600-mm\/"},"modified":"2026-02-25T00:01:41","modified_gmt":"2026-02-25T00:01:41","slug":"nautibag-torba-d-tab-prva-pomoc-280-x-280-x-h600-mm","status":"publish","type":"product","link":"https:\/\/stoic-curie.212-227-153-4.plesk.page\/hr\/product\/nautibag-torba-d-tab-prva-pomoc-280-x-280-x-h600-mm\/","title":{"rendered":"Nautibag Torba D Tab Prva Pomo\u0107 280 x 280 x H600 mm"},"content":{"rendered":"<p>Nautibag Torba D Tab Prva Pomo\u0107 280 x 280 x H600 mm &#8211; <\/p>\n<p>IP67 vodootporna torba za skladi\u0161tenje prve pomo\u0107i. Sadr\u017ei predmete u skladu s talijanskim zakonom tab D, u skladu s talijanskim zakonom DL 10\/03\/2022 za brodogradnju: &#8211; bez ograni\u010denja za plovila za u\u017eitak &#8211; lokalna ribarska plovila &lt;12 nauti\u010dkih milja &#8211; bliska ribarska plovila &lt;20 nauti\u010dkih milja<\/p>\n","protected":false},"excerpt":{"rendered":"<p>Nautibag Torba D Tab Prva Pomo\u0107 280 x 280 x H600 mm &#8211; IP67 vodootporna torba za skladi\u0161tenje prve pomo\u0107i.<\/p>\n","protected":false},"featured_media":5752891,"comment_status":"open","ping_status":"closed","template":"","meta":[],"product_brand":[3516],"product_cat":[1605],"product_tag":[],"class_list":{"0":"post-5756338","1":"product","2":"type-product","3":"status-publish","4":"has-post-thumbnail","6":"product_brand-veleria-san-giorgio-hr","7":"product_cat-oprema-za-sigurnost-plovila","9":"first","10":"instock","11":"shipping-taxable","12":"purchasable","13":"product-type-simple"},"_links":{"self":[{"href":"https:\/\/stoic-curie.212-227-153-4.plesk.page\/hr\/wp-json\/wp\/v2\/product\/5756338","targetHints":{"allow":["GET"]}}],"collection":[{"href":"https:\/\/stoic-curie.212-227-153-4.plesk.page\/hr\/wp-json\/wp\/v2\/product"}],"about":[{"href":"https:\/\/stoic-curie.212-227-153-4.plesk.page\/hr\/wp-json\/wp\/v2\/types\/product"}],"replies":[{"embeddable":true,"href":"https:\/\/stoic-curie.212-227-153-4.plesk.page\/hr\/wp-json\/wp\/v2\/comments?post=5756338"}],"version-history":[{"count":0,"href":"https:\/\/stoic-curie.212-227-153-4.plesk.page\/hr\/wp-json\/wp\/v2\/product\/5756338\/revisions"}],"wp:featuredmedia":[{"embeddable":true,"href":"https:\/\/stoic-curie.212-227-153-4.plesk.page\/hr\/wp-json\/wp\/v2\/media\/5752891"}],"wp:attachment":[{"href":"https:\/\/stoic-curie.212-227-153-4.plesk.page\/hr\/wp-json\/wp\/v2\/media?parent=5756338"}],"wp:term":[{"taxonomy":"product_brand","embeddable":true,"href":"https:\/\/stoic-curie.212-227-153-4.plesk.page\/hr\/wp-json\/wp\/v2\/product_brand?post=5756338"},{"taxonomy":"product_cat","embeddable":true,"href":"https:\/\/stoic-curie.212-227-153-4.plesk.page\/hr\/wp-json\/wp\/v2\/product_cat?post=5756338"},{"taxonomy":"product_tag","embeddable":true,"href":"https:\/\/stoic-curie.212-227-153-4.plesk.page\/hr\/wp-json\/wp\/v2\/product_tag?post=5756338"}],"curies":[{"name":"wp","href":"https:\/\/api.w.org\/{rel}","templated":true}]}}